{"id":5929,"date":"2021-10-21T13:29:23","date_gmt":"2021-10-21T10:29:23","guid":{"rendered":"https:\/\/sameboat.fi\/tillganglighetsutlatande"},"modified":"2026-01-29T12:31:23","modified_gmt":"2026-01-29T10:31:23","slug":"tillganglighetsutlatande","status":"publish","type":"page","link":"https:\/\/sameboat.fi\/sv\/tillganglighetsutlatande","title":{"rendered":"Tillg\u00e4nglighetsutl\u00e5tande"},"content":{"rendered":"<!-- VideographyWP Plugin Message: Automatic video embedding prevented by plugin options. -->\n\r\n<h2>Tillg\u00e4nglighetsutl\u00e5tande<\/h2>\r\n<header><\/header><header>Detta tillg\u00e4nglighetsutl\u00e5tande g\u00e4ller webbplats www.sameboat.fi och har uppr\u00e4ttats \/ uppdaterats 01.03.2022. Denna webbplats omfattas av lagen om tillhandah\u00e5llande av digitala tj\u00e4nster. Enligt lagen ska webbtj\u00e4nster f\u00f6r den offentliga f\u00f6rvaltningen vara tillg\u00e4ngliga. Vi har l\u00e5tit g\u00f6ra en utomst\u00e5ende expertutv\u00e4rdering av webbplatsens tillg\u00e4nglighet.<\/header>\r\n<section>Webbplatsen uppfyller delvis de tillg\u00e4nglighetskriterier som kr\u00e4vs.\r\n<h2>Inneh\u00e5ll eller funktioner som \u00e4nnu inte \u00e4r tillg\u00e4ngliga<\/h2>\r\n<\/section>\r\n<section>\r\n<h3>1. Inneh\u00e5ll som inte omfattas av lagstiftningen<\/h3>\r\n<ul>\r\n<li>webbinneh\u00e5ll arkiverat f\u00f6re 23.9.2019<\/li>\r\n<li>video- eller ljudinspelningar som offentliggjorts f\u00f6re 23.9.2020<\/li>\r\n<\/ul>\r\n<\/section>\r\n<section>\r\n<h2>Har du observerat n\u00e5gra brister i tillg\u00e4ngligheten? Meddela oss s\u00e5 ska vi g\u00f6ra v\u00e5rt b\u00e4sta f\u00f6r att r\u00e4tta till bristen<\/h2>\r\n<h3>Via webbformul\u00e4r<\/h3>\r\n<p>Ge respons om tillg\u00e4ngligheten och kontakta oss via ett webbformul\u00e4r.<\/p>\r\n<\/section>\r\n<section>\r\n<h2><strong>Tillsynsmyndigheten<\/strong><\/h2>\r\n<p>Om du uppt\u00e4cker problem med webbplatsens tillg\u00e4nglighet, p\u00e5tala detta f\u00f6rst hos den webbplatsansvariga. Det kan dr\u00f6ja 14 dagar innan du f\u00e5r ett svar. Om du inte \u00e4r n\u00f6jd med svaret eller om du inte f\u00e5r n\u00e5got svar alls inom tv\u00e5 veckor kan du skicka respons till Regionf\u00f6rvaltningsverket i S\u00f6dra Finland. P\u00e5\u00a0<a href=\"https:\/\/www.tillganglighetskrav.fi\/dina-rattigheter\/\" target=\"_blank\" rel=\"nofollow noopener\">Regionf\u00f6rvaltningsverket i S\u00f6dra Finlands webbplats(\u00f6ppnas i en ny flik)<\/a>\u00a0finns information om hur du kan l\u00e4mna klagom\u00e5l och hur \u00e4rendet behandlas.<\/p>\r\n<h3><strong>Tillsynsmyndighetens kontaktuppgifter<\/strong><\/h3>\r\nRegionf\u00f6rvaltningsverket i S\u00f6dra Finland<br \/>Enheten f\u00f6r tillsyn \u00f6ver tillg\u00e4nglighet<br \/>www.tillganglighetskrav.fi<br \/>saavutettavuus(at)avi.fi<br \/>telefonnummer v\u00e4xel 0295 016 000<\/section>\r\n","protected":false},"excerpt":{"rendered":"<p>Tillg\u00e4nglighetsutl\u00e5tande Detta tillg\u00e4nglighetsutl\u00e5tande g\u00e4ller webbplats www.sameboat.fi och har uppr\u00e4ttats \/ uppdaterats 01.03.2022. Denna webbplats omfattas av lagen om tillhandah\u00e5llande av digitala tj\u00e4nster. Enligt lagen ska webbtj\u00e4nster f\u00f6r den offentliga f\u00f6rvaltningen vara tillg\u00e4ngliga. Vi har l\u00e5tit g\u00f6ra en utomst\u00e5ende expertutv\u00e4rdering av webbplatsens tillg\u00e4nglighet. Webbplatsen uppfyller delvis de tillg\u00e4nglighetskriterier som kr\u00e4vs. Inneh\u00e5ll eller funktioner som \u00e4nnu inte [&hellip;]<\/p>\n","protected":false},"author":1,"featured_media":0,"parent":0,"menu_order":0,"comment_status":"closed","ping_status":"closed","template":"","meta":{"footnotes":""},"class_list":["post-5929","page","type-page","status-publish","hentry"],"_links":{"self":[{"href":"https:\/\/sameboat.fi\/sv\/wp-json\/wp\/v2\/pages\/5929","targetHints":{"allow":["GET"]}}],"collection":[{"href":"https:\/\/sameboat.fi\/sv\/wp-json\/wp\/v2\/pages"}],"about":[{"href":"https:\/\/sameboat.fi\/sv\/wp-json\/wp\/v2\/types\/page"}],"author":[{"embeddable":true,"href":"https:\/\/sameboat.fi\/sv\/wp-json\/wp\/v2\/users\/1"}],"replies":[{"embeddable":true,"href":"https:\/\/sameboat.fi\/sv\/wp-json\/wp\/v2\/comments?post=5929"}],"version-history":[{"count":1,"href":"https:\/\/sameboat.fi\/sv\/wp-json\/wp\/v2\/pages\/5929\/revisions"}],"predecessor-version":[{"id":9909,"href":"https:\/\/sameboat.fi\/sv\/wp-json\/wp\/v2\/pages\/5929\/revisions\/9909"}],"wp:attachment":[{"href":"https:\/\/sameboat.fi\/sv\/wp-json\/wp\/v2\/media?parent=5929"}],"curies":[{"name":"wp","href":"https:\/\/api.w.org\/{rel}","templated":true}]}}