{"id":5926,"date":"2021-10-21T11:45:06","date_gmt":"2021-10-21T08:45:06","guid":{"rendered":"https:\/\/sameboat.fi\/kalaleader\/skargardshavets-fiskeristrategi"},"modified":"2026-01-28T12:15:52","modified_gmt":"2026-01-28T10:15:52","slug":"skargardshavets-fiskeristrategi","status":"publish","type":"page","link":"https:\/\/sameboat.fi\/sv\/kalaleader\/skargardshavets-fiskeristrategi","title":{"rendered":"Sk\u00e4rg\u00e5rdshavets fiskeristrategi"},"content":{"rendered":"<!-- VideographyWP Plugin Message: Automatic video embedding prevented by plugin options. -->\n\n<h1>\n\t\tSk\u00e4rg\u00e5rdshavets fiskeristrategi\n\t<\/h1>\n\t<p>Sk\u00e4rg\u00e5rdshavets fiskeristrategi f\u00f6rbereddes under ledning av den f\u00f6reg\u00e5ende programperiodens fiskeleader-styrgrupp. Som arbetsprincip f\u00f6r gruppen var ett \u00f6ppet och brett samarbete med akt\u00f6rerna inom omr\u00e5dets fiskerin\u00e4ring samt \u00f6vriga intressenter och sakkunniga. P\u00e5 grund av corona-epidemin f\u00f6rverkligades strategins berednings- och h\u00f6randeprocess i sin helhet via n\u00e4tet.<\/p>\n<p>Strategins m\u00e5ls\u00e4ttningar \u00e4r:<\/p>\n<ul>\n<li>att fr\u00e4mja prim\u00e4rproduktionens utmaningar p\u00e5 havet<\/li>\n<li>att f\u00e5 nya fiskare till branschen, att fr\u00e4mja fiskerif\u00f6retagens kunnande samt att underl\u00e4tta fiskerif\u00f6retagarnas anpassning till framtidens utmaningar<\/li>\n<li>att fr\u00e4mja produktutvecklingen och marknaderna f\u00f6r fisken som producerats i Sk\u00e4rg\u00e5rdshavet och Sk\u00e4rg\u00e5rdshavets fisketurism<\/li>\n<li>att f\u00f6rb\u00e4ttra fiskeribranschens offentliga profil och att fr\u00e4mja samarbete<\/li>\n<\/ul>\n\t\t\t\t\t\t<h5 tabindex=\"0\">STRATEGI Med fisk till toppen!<\/h5>\n\t\t\t<p><strong>Strategins vision 2027<\/strong> \u00e4r:<\/p>\n<p>Fiskerin\u00e4ringens l\u00f6nsamhet har f\u00f6rb\u00e4ttrats, och branschen intresserar \u00e4ven nya akt\u00f6rer.<\/p>\n<p>Fisketurismens verksamhetsf\u00f6ruts\u00e4ttningar har utvecklats s\u00e4rskilt genom samarbete och n\u00e4tverkande.<\/p>\n<p>Lokalsamfunden har aktiverat sig i befr\u00e4mjandet av fiskeribranschen.<\/p>\n<p><strong>Utvecklingens tyngdpunkter <\/strong>\u00e4r h\u00e4rledda ur fyrf\u00e4ltsanalysen, och de \u00e4r:<\/p>\n<ol>\n<li>Verksamhetsmilj\u00f6ns utmaningar<\/li>\n<li>Kunnande och anpassning<\/li>\n<li>Produktutveckling och marknadsf\u00f6ring<\/li>\n<li>Den offentliga bilden och samarbete<\/li>\n<\/ol>\n<p><a href=\"https:\/\/sameboat.fi\/content\/uploads\/2022\/06\/slutlig-28.3.2022-skargardshavets-fiskeristrategi-2021-2027-med-fisk-till-toppen.pdf\">STRATEGI Med fisk till toppen!<\/a><\/p>\n\t\t\t\t\t\t<h5 tabindex=\"0\">Nul\u00e4get f\u00f6r fiskerin\u00e4ringen och fisketurismen i Sk\u00e4rg\u00e5rdshavet <\/h5>\n\t\t\t<p>Utredning av nul\u00e4get f\u00f6r fiskerin\u00e4ringen och fisketurismen i Sk\u00e4rg\u00e5rdshavet var en del av fiskeleaders framtidsarbete i slutet av f\u00f6reg\u00e5ende programperiod. Rapporten bifogades i Leader I samma b\u00e5t &#8211; samassa veneess\u00e4 rf ry:s ans\u00f6kan till fiskeleadergrupp. Rapporten finns f\u00f6r n\u00e4rvarande endast p\u00e5 finska.<\/p>\n<p><a href=\"https:\/\/sameboat.fi\/content\/uploads\/2022\/02\/saarinen-m.-2021-saaristomeren-elinkeinokalatalouden-ja-kalastusmatkailun-nykytila.pdf\">Saaristomeren elinkeinokalatalouden ja kalastusmatkailun nykytila<\/a><\/p>\n\t<h1>Beredning av ny programperiod 2021-2027<\/h1>\n<h4>Till denna sida samlas all information, meddelanden och material, i anknytning till f\u00f6rberedelsena av Sk\u00e4rg\u00e5rdshavets fiskeristrategi 2021-2027. Det senaste materialet finns h\u00f6gst upp.<\/h4>\n<h6>4.4.2022<\/h6>\n<p><a href=\"https:\/\/sameboat.fi\/content\/uploads\/2022\/04\/lopullinen-saaristomeren-kalatalousstrategia-2021-2027-kalalla-karkeen.pdf\">Den slutliga strategin<\/a> med beviljad finansieringsram p\u00e5 900 000 euro.<\/p>\n<h6>17.12.2021<\/h6>\n<p>Leader-urvalskommitt\u00e9n gav sin feedback p\u00e5 fiskeleader-ans\u00f6kningar den 25 november. Leader I samma b\u00e5t &#8211; Samassa veneess\u00e4 rf ry styrelsen besl\u00f6t i g\u00e5r p\u00e5 sitt m\u00f6te att komplettera strategin enligt urvalskommitt\u00e9ns feedback s\u00e5 som fiskeaktionsgruppens styrgrupp hade f\u00f6reslagit. Den kompletterade strategin hittas h\u00e4r <a href=\"https:\/\/sameboat.fi\/content\/uploads\/2022\/04\/lopullinen-taydennetty-16.12.2021-saaristomeren-kalatalousstrategia-2021-2027-kalalla-karkeen.pdf\">T\u00e4ydennetty strategia<\/a>.<\/p>\n<p>Ny text \u00e4r med gul bakgrund och den helt raderade texten \u00e4r \u00f6verstruket med r\u00f6tt.<\/p>\n<p>Urvalskommitt\u00e9n behandlar ans\u00f6kningarna n\u00e4sta g\u00e5ng den 19 januari 2022.<\/p>\n<h6>8.11.2021<\/h6>\n<p>Ans\u00f6kningen skickades den 28 oktober<\/p>\n<p><a href=\"https:\/\/sameboat.fi\/content\/uploads\/2022\/04\/lopullinen-taydennetty-16.12.2021-saaristomeren-kalatalousstrategia-2021-2027-kalalla-karkeen.pdf\">Strategia KALALLA K\u00c4RKEEN!<\/a><\/p>\n<p><a href=\"https:\/\/sameboat.fi\/content\/uploads\/2022\/04\/saarinen-m.-2021-saaristomeren-elinkeinokalatalouden-ja-kalastusmatkailun-nykytila.pdf\">Strategian liite 1, Saaristomeren elinkeinokalatalouden ja kalastusmatkailun nykytila<\/a><\/p>\n<h6>20.10.2021<\/h6>\n<p>Leader I samma b\u00e5t &#8211; Samassa veneess\u00e4 rf ry styrelsen besl\u00f6t i dag p\u00e5 sitt m\u00f6te att ans\u00f6ka till en fiskeleader-grupp f\u00f6r Europeiska havs-, fiskeri- och vattenbruksfondens (EHFVF) programperiod 2021-2027 med f\u00f6ljande strategi:<\/p>\n<p><a href=\"https:\/\/sameboat.fi\/content\/uploads\/2022\/04\/saaristomeren-kalatalousstrategia-2021-2027-i-samma-bat-hyvaksyi-kokouksessaan-20.10.2021.pdf\">Strategia 20.10.2021<\/a><\/p>\n<p><a href=\"https:\/\/sameboat.fi\/content\/uploads\/2022\/04\/saarinen-m.-2021-saaristomeren-elinkeinokalatalouden-ja-kalastusmatkailun-nykytila.pdf\">Strategian liite 1, Saaristomeren elinkeinokalatalouden ja kalastusmatkailun nykytila<\/a><\/p>\n<ul>\n<li>ans\u00f6kningen avslutas 2.11.<\/li>\n<li>Leader-urvalskommitt\u00e9n behandlar ans\u00f6kningarna 16.11.<\/li>\n<li>de s\u00f6kanden f\u00e5r komplettera ans\u00f6kningar fram till 8.12.<\/li>\n<li>urvalskommitt\u00e9n ger sitt f\u00f6rslag av de strategier som ska v\u00e4ljas ut och deras finansieringsram 17.12. JSM godk\u00e4nner de strategier som f\u00f6reslagits av urvalskommitt\u00e9n<\/li>\n<li>m\u00e5let \u00e4r att starta verksamheten fr\u00e5n b\u00f6rjan av 2022<\/li>\n<\/ul>\n<h6>18.10.2021<\/h6>\n<strong>TACK TILL ER SOM R\u00d6STADE!<\/strong>\nNamnt\u00e4vlingens resultat:\n10 r\u00f6ster\u00a0 \u00a0Kalalla k\u00e4rkeen &#8211; Med fisk till toppen\n4 r\u00f6ster\u00a0 \u00a0 \u00a0Saaristomeren kalatalouden sininen strategia &#8211; Bl\u00e5 strategi f\u00f6r Sk\u00e4rg\u00e5rdshavets fiskeriekonomi\n2 r\u00f6ster\u00a0 \u00a0 \u00a0Saaristomeri 2.0 &#8211; Sk\u00e4rg\u00e5rdshavet 2.0\nDet vinnande namnet f\u00f6reslogs av Olav Granstr\u00f6m fr\u00e5n \u00c5bolands Fiskarf\u00f6rbund. Grattis Olav! Olav f\u00e5r ett pris inneh\u00e5llande produkter som f\u00f6r\u00e4dlats av fiskare i Sk\u00e4rg\u00e5rdshavet.\n\t\t\t\t<img loading=\"lazy\" decoding=\"async\" src=\"https:\/\/sameboat.fi\/content\/uploads\/2022\/04\/nimikilpailun-tulos.png\" alt=\"Nimikilpailun-tulos\" itemprop=\"image\" height=\"796\" width=\"1283\" title=\"Nimikilpailun-tulos\" onerror=\"this.style.display='none'\"  \/>\n\t<h6>7.10.2021<\/h6>\n<h4>F\u00f6rsl\u00e5 ett namn f\u00f6r Sk\u00e4rg\u00e5rdshavets fiskeristrategi &#8211; pris f\u00f6r det b\u00e4sta namnet<\/h4>\n<p>Tack f\u00f6r era v\u00e4rdefulla kommentarer om utkastet till Sk\u00e4rg\u00e5rdshavets fiskeristrategi 2021-2027. Fiskeaktionsgruppens styrgrupp behandlade feedbacken p\u00e5 sitt m\u00f6te 5.10. och kompletterade och korrigerade utkastet p\u00e5 basen av feedbacken.<\/p>\n<p><a href=\"https:\/\/sameboat.fi\/content\/uploads\/2022\/04\/luonnos-7.10.2021-saaristomeren-kalatalousstrategia-2021-2027.pdf\">Det uppdaterade utkastet till strategin<\/a><\/p>\n<p>Strategin kommer \u00e4nnu att kompletteras till viss del, eftersom vi fortfarande v\u00e4ntar p\u00e5 en del anvisningar fr\u00e5n Jord- och skogsbruksministeriet.<\/p>\n<p>Fiskleaderans\u00f6kans bilaga <a href=\"https:\/\/www.sameboat.fi\/wp-content\/uploads\/2021\/10\/SAARISTOMEREN-ELINKEINOKALATALOUDEN-NYKYTILA-HYVAKSYTTY-mutta-taydentyy-viela-kalastusmatkailun-osalta.pdf\">Fiskerin\u00e4ringens nul\u00e4ge i Sk\u00e4rg\u00e5rdshavet<\/a><a href=\"https:\/\/sameboat.fi\/content\/uploads\/2022\/04\/saaristomeren-elinkeinokalatalouden-nykytila-hyvaksytty-mutta-taydentyy-viela-kalastusmatkailun-osalta.pdf\">\u00a0<\/a> kommer \u00e4nnu att kompletteras f\u00f6r fisketurismens del. B\u00e5de strategin och nul\u00e4gesrapporten kommer att \u00f6vers\u00e4ttas till svenska lite senare p\u00e5 h\u00f6sten.<\/p>\n<p><strong>F\u00f6resl\u00e5 ett sl\u00e5ende och koncist namn till strategin.<\/strong>\u00a0F\u00f6rslagen via epost till maria.saarinen (at) sameboat.fi<\/p>\n<p>T\u00e4vlingen avslutas p\u00e5 m\u00e5ndagen 11.10. kl. 12, varefter styrgruppen v\u00e4ljer det b\u00e4sta namnet.\u00a0Vinnaren f\u00e5r ett pris inneh\u00e5llande produkter som f\u00f6r\u00e4dlats av fiskare i Sk\u00e4rg\u00e5rdshavet. Vinnarens namn kommer att publiceras.<\/p>\n<h6>27.9.2021<\/h6>\n<h5>Kommentera utkastet till Sk\u00e4rg\u00e5rdshavets fiskeristrategi 2021-2027<\/h5>\n<p>Utkastet till Sk\u00e4rg\u00e5rdshavets fiskeristrategi \u00e4r nu tillg\u00e4ngligt p\u00e5 n\u00e4tet f\u00f6r kommentarer<a href=\"https:\/\/sameboat.fi\/content\/uploads\/2022\/04\/luonnos-27.9.2021-saaristomeren-kalatalousstrategia-2021-2027-1.pdf\">\u00a0Saaristomeren kalatalousstrategia 2021-2027 (luonnos 27.9.2021)<\/a><\/p>\n<p>Det nuvarande utkastet \u00e4r p\u00e5 finska, men den slutliga versionen kommer att \u00f6vers\u00e4ttas till svenska.<\/p>\n<p>Tiden f\u00f6r kommentarerna avslutas om en vecka dvs. den 4 oktober 2021 kl. 16. Kommentarer via e -post maria.saarinen (at) sameboat.fi<\/p>\n<h6>21.9.2021<\/h6>\n<h5><strong>Fiskeristrategiarbetet forts\u00e4tter<\/strong><\/h5>\n<p>Under sommaren bad vi om era kommentarer om den av styrgruppen sammanfattade SWOTen samt era synpunkter g\u00e4llande de centrala utvecklingsbehoven. Styrgruppen har gjort ytterligare n\u00e5gra till\u00e4gg till SWOTen p\u00e5 basen av era svar. Styrgruppen har ocks\u00e5 identifierat de centrala behoven.<\/p>\n<p><strong><a href=\"https:\/\/www.sameboat.fi\/wp-content\/uploads\/2021\/09\/SWOT-lopullinen-slutlig-14.9.2021.pdf\">Den slutliga SWOTen f\u00f6r Sk\u00e4rg\u00e5rdshavets fiskeribransch (p\u00e5 finska)<\/a>\u00a0(styrkor, svagheter, m\u00f6jligheter, hot).<\/strong><\/p>\n<p>F\u00f6r n\u00e4rvarande utarbetar styrgruppen strategin vidare, och v\u00e5rt m\u00e5l \u00e4r att g\u00f6ra den tillg\u00e4nglig f\u00f6r kommentarer i n\u00e4tet den 27.9.<\/p>\n<h6>1.7.2021<\/h6>\n<h5><strong>Kommentera sammanfattningen av fiskerin\u00e4ringens och fisketurismens styrkor, svagheter, m\u00f6jligheter och hot i Sk\u00e4rg\u00e5rdshavet<\/strong><\/h5>\n<p>Vi fick 33 svar p\u00e5 fiskerin\u00e4ringens och fisketurismens \u00f6ppna SWOT-enk\u00e4t i Sk\u00e4rg\u00e5rdshavet! Svaren inneh\u00f6ll sammanlagt imponerande 267 kommentarer om branschens styrkor, svagheter, m\u00f6jligheter och hot.<\/p>\n<p>Fiskeaktionsgruppens styrgrupp har behandlat svaren p\u00e5 sitt m\u00f6te den 21 juni. Det omfattande materialet sammanfattades till huvudrubriker, f\u00f6ljt av f\u00f6rklaringsrader eller specifikationer. Vi str\u00e4var efter att sammanfatta SWOTen \u00e4nnu vidare under processen.<\/p>\n<p><strong>Vi ber nu om era kommentarer om den av styrgruppen sammanfattade SWOTen, och vi ber ocks\u00e5 om era synpunkter g\u00e4llande de centrala behoven samt de st\u00f6rsta utvecklingsutmaningarna och m\u00f6jligheterna.\u00a0<\/strong><\/p>\n<h5>Linkki kyselyyn <b><a href=\"https:\/\/forms.gle\/qvJxwa8Ce94ErBiz5\" target=\"_blank\" rel=\"noopener\" data-saferedirecturl=\"https:\/\/www.google.com\/url?q=https:\/\/forms.gle\/qvJxwa8Ce94ErBiz5&amp;source=gmail&amp;ust=1625209512510000&amp;usg=AFQjCNEuB0B0lakWayL_p9fYlFBbY1S5yA\">https:\/\/forms.gle\/<wbr \/>qvJxwa8Ce94ErBiz5<\/a><\/b><\/h5>\n<p>Svarstiden \u00e4r 1.7.-15.8.<\/p>\n<p>Arbetet forts\u00e4tter p\u00e5 h\u00f6sten med val av strategins \u00e5tg\u00e4rder. De strategiska tyngdpunkterna och \u00e5tg\u00e4rderna b\u00f6r konsekvent h\u00e4rledas fr\u00e5n informationen och resultaten av den tidigare f\u00f6rberedningsprocessen.<\/p>\n<h6>28.5.2021<\/h6>\n<h4><strong>De f\u00f6rsta \u00f6ppna f\u00f6rberedande evenemangen har h\u00e5llits online 18.5., 20.5. och 27.5. Arbetet forts\u00e4tter enligt f\u00f6ljande:<\/strong><\/h4>\n<p><u>Webbenk\u00e4ten:<\/u><\/p>\n<p>1. Utarbetningen av strategin b\u00f6rjar med att identifiera styrkor, svagheter, m\u00f6jligheter och hot = SWOT (enk\u00e4ten \u00f6ppen den 28.5 &#8211; 8.6.)<\/p>\n<p>SWOT-analys: Aktivatorn sammanst\u00e4ller och f\u00f6rtydligar svaren p\u00e5 enk\u00e4ten. P\u00e5 basen av SWOT identifierar fiskeaktionsgruppens styrgrupp fiskeribranschens centrala behov samt de st\u00f6rsta utvecklingsutmaningarna och m\u00f6jligheterna; hur branschens nuvarande styrkor kan anv\u00e4ndas f\u00f6r att ta till vara externa m\u00f6jligheter eller undvika hot, eller hur branschens nuvarande svagheter kan utvecklas genom externa m\u00f6jligheter<\/p>\n<p>2. Kommentering av de av styrgruppen identifierade centrala behoven samt de st\u00f6rsta utvecklingsutmaningarna och m\u00f6jligheterna (M\u00e5ltidtabell: under sommaren)<\/p>\n<p>3. Val av de strategiska \u00e5tg\u00e4rderna (M\u00e5ltidtabell: till slutet av augusti 2021)<\/p>\n<p>P\u00e5 basen av webbenk\u00e4tens resultat skriver aktivatorn ett utkast till strategin med h\u00e4nsyn till den v\u00e4gledning som erh\u00e5lls fr\u00e5n jord- och skogsbruksministeriet. Fiskeaktionsgruppens styrgrupp leder arbetet.<\/p>\n<p><u>Online-workshops:<\/u><\/p>\n<p>&#8211; I b\u00f6rjan av september 2021: Utkastet till strategin diskuteras i \u00f6ppna online-workshops<\/p>\n<p>&#8211; Utkastet till strategin kan kommenteras \u00e4ven skriftligen online<\/p>\n<p>&#8211; Strategin f\u00e4rdig i slutet av september 2021<\/p>\n<p><strong>Vi \u00e4r nu i fas 1, det vill s\u00e4ga med den h\u00e4r webbenk\u00e4ten vill vi identifiera\u00a0fiskerin\u00e4ringens och fisketurismens\u00a0styrkor, svagheter, m\u00f6jligheter och hot i Sk\u00e4rg\u00e5rdshavet.<\/strong><\/p>\n<p><strong>L\u00e4nken till enk\u00e4ten: <a href=\"https:\/\/docs.google.com\/forms\/d\/e\/1FAIpQLSe9xT4__cF2cph539VS6OsdrfmZMRv_H9PooabH1Io30_3ozg\/viewform\" target=\"_blank\" rel=\"noopener\">https:\/\/docs.google.com\/forms\/d\/e\/1FAIpQLSe9xT4__cF2cph539VS6OsdrfmZMRv_H9PooabH1Io30_3ozg\/viewform<\/a><\/strong><\/p>\n<p>Enk\u00e4ten \u00e4r \u00f6ppen den 28.5. &#8211; 8.6.2021.<\/p>\n<h6>27.5.2021<\/h6>\n<p>F\u00f6redragen av det \u00f6ppna f\u00f6rberedande evenemanget den 27.5.2021<\/p>\n<p><a href=\"https:\/\/sameboat.fi\/content\/uploads\/2022\/04\/saarinen-kalatalouden-paikallinen-kehittaminen-saaristomerella-2016-2020-kalastusmatkailun-nakokulmasta.pdf\">Saarinen, Kalatalouden paikallinen kehitt\u00e4minen Saaristomerell\u00e4 2016-2020 kalastusmatkailun n\u00e4k\u00f6kulmasta<\/a><\/p>\n<p><a href=\"https:\/\/sameboat.fi\/content\/uploads\/2022\/04\/ruokolainen-kalastusmatkailun-paikallinen-kehitttaminen-sisa-suomessa.pdf\">Ruokolainen, Kalastusmatkailun paikallinen kehitt\u00e4minen Sis\u00e4-Suomessa<\/a><\/p>\n<p><a href=\"https:\/\/sameboat.fi\/content\/uploads\/2022\/04\/saarinen-katsaus-tulevaan-ohjelmakauteen-2021-2027-taydennetty-kv-taydennetty-aikataulu.pdf\">Saarinen, Katsaus tulevaan ohjelmakauteen Saaristomerell\u00e4 2021 &#8211; 2027, t\u00e4ydennetty<\/a><\/p>\n<p>.<\/p>\n<h6>19.5.2021<\/h6>\n<p>F\u00f6redragen av det \u00f6ppna f\u00f6rberedande evenemanget den 20.5.2021<\/p>\n<p><a href=\"https:\/\/sameboat.fi\/content\/uploads\/2022\/04\/saarinen-kalatalouden-paikallinen-kehittaminen-saaristomerella-2014-2020.pdf\">Saarinen M: Elinkeinokalatalouden paikallinen kehitt\u00e4minen Saaristomerell\u00e4 2014 &#8211; 2020<\/a><\/p>\n<p><a href=\"https:\/\/sameboat.fi\/content\/uploads\/2022\/04\/majuri-elinkeinokalatalouden-paikallinen-kehittaminen-peramerella-2.pdf\">Majuri I: Elinkeinokalatalouden paikallinen kehitt\u00e4minen Per\u00e4merell\u00e4 2014 &#8211; 2020<\/a><\/p>\n<p><a href=\"https:\/\/sameboat.fi\/content\/uploads\/2022\/04\/oikari-katsaus-tulevaan-kauteen.pdf\">Oikari T: Katsaus tulevaan ohjelmakauteen 2021 &#8211; 2027<\/a><\/p>\n<p><a href=\"https:\/\/www.sameboat.fi\/wp-content\/uploads\/2021\/05\/Saarinen-Katsaus-tulevaan-ohjelmakauteen-2021-2027-TAYDENNETTY-KV.pdf\">Saarinen: Katsaus tulevaan ohjelmakauteen 2021 &#8211; 2027 Saaristomerell\u00e4<\/a><\/p>\n<h6>16.4.2021<\/h6>\n<h3>De f\u00f6rsta \u00f6ppna f\u00f6rberedande evenemangen f\u00f6r Sk\u00e4rg\u00e5rdshavets fiskeristrategi 2021-2027<\/h3>\n<p><strong>Ans\u00f6kningen till Europeiska havs- och fiskerifondens fiskerigrupp under kommande programperiod 2021-2027 torde inledas i h\u00f6st. Det \u00e4r d\u00e4rf\u00f6r dags att b\u00f6rja utarbeta en ny fiskeristrategi. I fiskeristrategin granskas behoven och m\u00e5len f\u00f6r utvecklingen av kommersiellt fiske, vattenbruk, fiskf\u00f6r\u00e4dling och fisketurism ur ett regionalt perspektiv.<\/strong><\/p>\n<p>Fiskerigruppsverksamheten i Sk\u00e4rg\u00e5rdshavet inleddes under Europeiska havs- och fiskerifondens programperiod 2014-2020. Den nuvarande fiskeristrategin genomf\u00f6rs \u00e5tminstone fram till slutet av 2021, eftersom f\u00f6rberedningen av den nya programperioden \u00e4r f\u00f6rsenad b\u00e5de p\u00e5 EU- och nationell niv\u00e5.<\/p>\n<p>Fiskerigruppen utvecklar fiskerin\u00e4ringen i sitt omr\u00e5de genom att finansiera allm\u00e4nnyttiga utvecklings- och investeringsprojekt i enlighet med sin strategi samt genom att informera och aktivera akt\u00f6rerna inom fiskeribranschen. Fiskerigruppen f\u00e5r sin finansiering fr\u00e5n Europeiska havs- och fiskerifonden, finska staten och verksamhetsomr\u00e5dets kommuner. Leader I samma b\u00e5t &#8211; Samassa veneess\u00e4 rf ry, som har sin hemort i Pargas, administrerar Sk\u00e4rg\u00e5rdshavets fiskerigrupp.<\/p>\n<p>Jord- och skogsbruksministeriet har beslutat att forts\u00e4tta fiskerigruppernas verksamhet \u00e4ven under den kommande programperioden. Leader I samma b\u00e5t &#8211; Samassa veneess\u00e4 rf ry har f\u00e5tt finansiering fr\u00e5n Egentliga Finlands NTM-central f\u00f6r utarbetandet av fiskeristrategin 2021-2027.<\/p>\n<p>Strategin kommer att utarbetas p\u00e5 ett \u00f6ppet s\u00e4tt, i samarbete med akt\u00f6rer inom fiskeribranschen samt andra intressenter och sakkunniga. I maj ordnar vi tre evenemang d\u00e4r alla intresserade parter kan delta. Temat f\u00f6r evenemangen \u00e4r &#8221;Lokal utveckling av fiskerin\u00e4ringen&#8221;, som arrangeras b\u00e5de som en finskspr\u00e5kig och svenskspr\u00e5kig tillst\u00e4llning, samt &#8221;Lokal utveckling av fisketurismen&#8221;, som \u00e4r ett tv\u00e5spr\u00e5kigt evenemang. Efter evenemangen kan du dela med dig av dina \u00e5sikter om utvecklingsbehoven och id\u00e9erna i en \u00f6ppen webbf\u00f6rfr\u00e5gan.<\/p>\n<p>Strategin kommer att styra hur Sk\u00e4rg\u00e5rdshavets fiskerigrupps finansiering och \u00e5tg\u00e4rder riktas, s\u00e5 nu \u00e4r det v\u00e4rt att komma och lyssna p\u00e5 och presentera dina egna utvecklingstankar.<\/p>\n<h3><strong>Et\u00e4yhteydell\u00e4 j\u00e4rjestett\u00e4vien tilaisuuksien ohjelma ja aikataulu:<\/strong><\/h3>\n<h3><strong>Program och tidsplan f\u00f6r evenemangen som h\u00e5lls p\u00e5 distans:<\/strong><\/h3>\n<h2><strong>18.5.\u00a0<\/strong><strong>Teema: Elinkeinokalatalouden paikallinen kehitt\u00e4minen<\/strong><\/h2>\n<p>17:45 Yhteydet avataan<\/p>\n<p>18:00 Kalatalouden paikallinen kehitt\u00e4minen Saaristomerell\u00e4 2016-2020 (Maria Saarinen, Saaristomeren kalatalousryhm\u00e4)<\/p>\n<p>18:20 Kalatalouden paikallinen kehitt\u00e4minen Per\u00e4merell\u00e4 (Iiro Majuri, Per\u00e4meren rannikon kalatalousryhm\u00e4)<\/p>\n<p>18.40 Katsaus tulevaan ohjelmakauteen 2021-2027<\/p>\n<p>Tuomas Oikari (Varsinais-Suomen ELY-keskus)<\/p>\n<ul>\n<li>viranomaisen n\u00e4kemys kalatalousryhmien toiminnasta<\/li>\n<li>milloin uusi ohjelmakausi k\u00e4ynnistyy?<\/li>\n<li>mit\u00e4 kalatalousryhm\u00e4t voivat jatkossa rahoittaa?<\/li>\n<\/ul>\n<p>Maria Saarinen<\/p>\n<ul>\n<li>Saaristomeren kalatalousstrategian 2021-2027 laadinnan vaiheet, aikataulu ja osallistaminen<\/li>\n<li>johdatus avoimeen verkkokyselyyn<\/li>\n<\/ul>\n<p>19:15 Keskustelua ja kysymyksi\u00e4<\/p>\n<p>20:00 Tilaisuus p\u00e4\u00e4ttyy<\/p>\n<h2>20.5. T\u00e9ma: Fiskerin\u00e4ringens lokala utveckling<\/h2>\n<p>17:45 F\u00f6rbindelserna \u00f6ppnas<\/p>\n<p>18:00 Lokal utveckling av fiskerin\u00e4ringen i Sk\u00e4rg\u00e5rdshavet 2016-2020 (Maria Saarinen, Sk\u00e4rg\u00e5rdshavets fiskeaktionsgrupp)<\/p>\n<p>18:20 Lokal utveckling av fiskerin\u00e4ringen i \u00d6sterbotten (Jonas Harald, Kustaktionsgruppen i \u00d6sterbotten)<\/p>\n<p>18.40 En blick p\u00e5 den kommande programperioden 2021-2027<\/p>\n<p>Maria Saarinen<\/p>\n<ul>\n<li>n\u00e4r kommer den nya programperioden i g\u00e5ng?<\/li>\n<li>vad kan fiskerigrupperna i forts\u00e4ttningen finansiera?<\/li>\n<li>stegen, tidtabellen samt delaktigheten i utarbetningen av Sk\u00e4rg\u00e5rdshavets fiskeristrategi<\/li>\n<li>introduktion till den \u00f6ppna webbf\u00f6rfr\u00e5gan<\/li>\n<\/ul>\n<p>19:15 Diskussion och fr\u00e5gor<\/p>\n<p>20:00 Evenemanget avslutas<\/p>\n<h2>27.5. Teema: Kalastusmatkailun paikallinen kehitt\u00e4minen<\/h2>\n<h2>\u00a0 \u00a0 \u00a0 \u00a0 \u00a0 \u00a0T\u00e9ma: Fisketurismens lokala utveckling<\/h2>\n<p>F\u00f6redragen h\u00e5lls p\u00e5 finska, men kommentarer och fr\u00e5gor kan st\u00e4llas ocks\u00e5 p\u00e5 svenska<\/p>\n<p>17.45 Yhteydet avataan<\/p>\n<p>18.00 Kalatalouden paikallinen kehitt\u00e4minen Saaristomerell\u00e4 2016-2020 kalastusmatkailun n\u00e4k\u00f6kulmasta (Maria Saarinen, Saaristomeren kalatalousryhm\u00e4)<\/p>\n<p>18.10 Kalastusmatkailun paikallinen kehitt\u00e4minen Sis\u00e4-Suomessa (Janne Ruokolainen, Sis\u00e4-Suomen kalatalousryhm\u00e4)<\/p>\n<p>18.30 Katsaus tulevaan ohjelmakauteen 2021-2027<\/p>\n<p>Tuomas Oikari (Varsinais-Suomen ELY-keskus)<\/p>\n<ul>\n<li>viranomaisen n\u00e4kemys kalatalousryhmien toiminnasta<\/li>\n<li>milloin uusi ohjelmakausi k\u00e4ynnistyy<\/li>\n<li>mit\u00e4 kalatalousryhm\u00e4t voivat jatkossa rahoittaa<\/li>\n<\/ul>\n<p>Maria Saarinen<\/p>\n<ul>\n<li>Saaristomeren kalatalousstrategian 2021-2027 laadinnan vaiheet, aikataulu ja osallistaminen<\/li>\n<li>johdatus avoimeen verkkokyselyyn<\/li>\n<\/ul>\n<p>19:00 Keskustelua ja kysymyksi\u00e4<\/p>\n<p>19.30 Tilaisuus p\u00e4\u00e4ttyy<\/p>\n<p><strong>Anm\u00e4l dig till ett evenemang h\u00e4r senast tv\u00e5 dagar f\u00f6re tillst\u00e4llningen h\u00e4r\u00a0 <a href=\"https:\/\/forms.gle\/fy4Frgw7iFmaRxuV9\" target=\"_blank\" rel=\"noopener\">https:\/\/forms.gle\/fy4Frgw7iFmaRxuV9<\/a> Dagen f\u00f6re evenemanget skickar vi en separat l\u00e4nk till dem som har registrerat sig via e-post, som kan anv\u00e4ndas f\u00f6r att delta p\u00e5 distans.<\/strong><\/p>\n\n","protected":false},"excerpt":{"rendered":"<p>Sk\u00e4rg\u00e5rdshavets fiskeristrategi Sk\u00e4rg\u00e5rdshavets fiskeristrategi f\u00f6rbereddes under ledning av den f\u00f6reg\u00e5ende programperiodens fiskeleader-styrgrupp. Som arbetsprincip f\u00f6r gruppen var ett \u00f6ppet och brett samarbete med akt\u00f6rerna inom omr\u00e5dets fiskerin\u00e4ring samt \u00f6vriga intressenter och sakkunniga. P\u00e5 grund av corona-epidemin f\u00f6rverkligades strategins berednings- och h\u00f6randeprocess i sin helhet via n\u00e4tet. Strategins m\u00e5ls\u00e4ttningar \u00e4r: att fr\u00e4mja prim\u00e4rproduktionens utmaningar p\u00e5 havet [&hellip;]<\/p>\n","protected":false},"author":1,"featured_media":0,"parent":5713,"menu_order":0,"comment_status":"closed","ping_status":"closed","template":"","meta":{"footnotes":""},"class_list":["post-5926","page","type-page","status-publish","hentry"],"_links":{"self":[{"href":"https:\/\/sameboat.fi\/sv\/wp-json\/wp\/v2\/pages\/5926","targetHints":{"allow":["GET"]}}],"collection":[{"href":"https:\/\/sameboat.fi\/sv\/wp-json\/wp\/v2\/pages"}],"about":[{"href":"https:\/\/sameboat.fi\/sv\/wp-json\/wp\/v2\/types\/page"}],"author":[{"embeddable":true,"href":"https:\/\/sameboat.fi\/sv\/wp-json\/wp\/v2\/users\/1"}],"replies":[{"embeddable":true,"href":"https:\/\/sameboat.fi\/sv\/wp-json\/wp\/v2\/comments?post=5926"}],"version-history":[{"count":1,"href":"https:\/\/sameboat.fi\/sv\/wp-json\/wp\/v2\/pages\/5926\/revisions"}],"predecessor-version":[{"id":9883,"href":"https:\/\/sameboat.fi\/sv\/wp-json\/wp\/v2\/pages\/5926\/revisions\/9883"}],"up":[{"embeddable":true,"href":"https:\/\/sameboat.fi\/sv\/wp-json\/wp\/v2\/pages\/5713"}],"wp:attachment":[{"href":"https:\/\/sameboat.fi\/sv\/wp-json\/wp\/v2\/media?parent=5926"}],"curies":[{"name":"wp","href":"https:\/\/api.w.org\/{rel}","templated":true}]}}