{"id":5890,"date":"2021-10-14T10:43:58","date_gmt":"2021-10-14T07:43:58","guid":{"rendered":"https:\/\/sameboat.fi\/landsbygdsleader"},"modified":"2026-02-18T14:36:47","modified_gmt":"2026-02-18T12:36:47","slug":"landsbygdsleader","status":"publish","type":"page","link":"https:\/\/sameboat.fi\/sv\/landsbygdsleader","title":{"rendered":"Landsbygdsleader"},"content":{"rendered":"<!-- VideographyWP Plugin Message: Automatic video embedding prevented by plugin options. -->\n\n<h1>\n\t\t\tLandsbygdsleader\t<\/h1>\n<h2>\n\t\t\tInformation om oss\t<\/h2>\n\t<p>I samma b\u00e5t &#8211; samassa veneess\u00e4 rf ry \u00e4r en ideell, allm\u00e4nnyttig och tv\u00e5spr\u00e5kig f\u00f6rening, vars verksamhetsomr\u00e5de \u00e4r Gustavs, Kimito\u00f6n och Pargas. F\u00f6reningen deltar i f\u00f6rverkligandet av Programmet f\u00f6r utveckling av landsbygden i Fastlandsfinland samt andra nationella och internationella utvecklingsprogram. Den nuvarande programperioden \u00e4r redan den femte f\u00f6r f\u00f6reningen som Leadergrupp.<\/p>\n<p>I samma b\u00e5t &#8211; samassa veneess\u00e4 \u00e4r en av Finlands 53 Leadergrupper. Leadergrupperna erbjuder inv\u00e5narna en kanal f\u00f6r att p\u00e5verka sina egna levnadsf\u00f6ruts\u00e4ttningar och utvecklandet av landsbygden. Leadergrupperna uppr\u00e4ttar p\u00e5 sina verksamhetsomr\u00e5den en utvecklingsstrategi samt finansierar projekt- och f\u00f6retagsst\u00f6d som st\u00f6der strategin. Ut\u00f6ver detta tar Leadergrupperna och utbildar, informerar, aktiverar och hj\u00e4lper st\u00f6ds\u00f6kande och projektakt\u00f6rer med beredning och f\u00f6rverkligande av projekten samt i kontakten med myndigheter. F\u00f6r den praktiska verksamheten ansvarar f\u00f6reningens styrelse och den av f\u00f6reningen anst\u00e4llda personalen.<\/p>\n<p><a href=\"https:\/\/sameboat.fi\/sv\/bli-medlem\" target=\"blank_\">Bli medlem i f\u00f6reningen, och kom och g\u00f6r skillnad med oss!<\/a><\/p>\n\t\t\t\t<img decoding=\"async\" src=\"https:\/\/sameboat.fi\/content\/uploads\/2021\/10\/leader-logo-rgb-yksivarinen-i-samma-bat.jpg\" alt=\"Leader logo rgb yksivarinen I samma bat\" itemprop=\"image\" height=\"197\" width=\"449\" title=\"Leader logo rgb yksivarinen I samma bat\" onerror=\"this.style.display='none'\" loading=\"lazy\" \/>\n\t\t\t\t<img decoding=\"async\" src=\"https:\/\/sameboat.fi\/content\/uploads\/2024\/11\/ISB_kartta2023_sv-1.png\" alt=\"ISB_kartta2023_sv\" itemprop=\"image\" height=\"2517\" width=\"2582\" title=\"ISB_kartta2023_sv\" onerror=\"this.style.display='none'\" loading=\"lazy\" \/>\n\t\t\t<a href=\"https:\/\/sameboat.fi\/sv\/projekt\" target=\"_self\">\n\t\t\t\t\t\t\tProjekt 2021 &#8211; 2027\n\t\t\t\t\t<\/a>\n\t\t\t\t\t\t<h5>Verksamhetsomr\u00e5de<\/h5>\n\t\t\t<p>I samma b\u00e5t &#8211; samassa veneess\u00e4 rf. ry. verksamhetsomr\u00e5de innefattar Gustavs kommun, Kimito\u00f6ns kommun och Pargas stad. Kommunerna \u00e4r sk\u00e4rg\u00e5rdskommuner enligt Sk\u00e4rg\u00e5rdslagen och angr\u00e4nsar sig till Finlands havsgr\u00e4ns i s\u00f6der och v\u00e4ster. V\u00e5ra kommuner \u00e4r portar ut till \u00c5land, Sverige och \u00f6vriga \u00d6stersj\u00f6omr\u00e5det. Samtidigt \u00e4r dessa kommuner portar in till resten av Finland n\u00e4r man reser in sj\u00f6v\u00e4gen fr\u00e5n sydv\u00e4st.<\/p>\n\t\t\t\t\t\t<h5>F\u00f6reningens styrelse<\/h5>\nI samma b\u00e5t &#8211; samassa veneess\u00e4 styrelsens uppgift \u00e4r att planera och leda f\u00f6reningens verksamhet i enlighet med f\u00f6reningens stadgar. Styrelsearbetet baserar sig p\u00e5 \u00f6ppen diskussion.\n\u00a0\nStyrelsens uppgift \u00e4r att granska hur ett projekt kompletterar den lokala utvecklingsverksamheten och hur den f\u00f6rverkligar f\u00f6reningens utvecklingsstrategi. Styrelsen ansvarar f\u00f6r f\u00f6rverkligandet av strategin.\n\u00a0\nI samma b\u00e5t &#8211; samassa veneess\u00e4 styrelsemedlemmar \u00e4r valda enligt trepartsprincipen fr\u00e5n offentliga sektorns, organisationernas och de lokala inv\u00e5narnas representanter. Mandatperioderna f\u00f6r styrelsemedlemmarna \u00e4r begr\u00e4nsade till tv\u00e5 st. tv\u00e5\u00e5rsperioder.\n\u00a0\nF\u00f6reningens nuvarande styrelse:\n\u00a0\n<hr \/>\n<table border=\"1\" cellspacing=\"0\" cellpadding=\"0\">\n<tbody>\n<tr>\n<td colspan=\"2\"><b>Ordinarie medlemmar<\/b><\/td>\n<td colspan=\"2\"><b>Suppleanter<\/b><\/td>\n<\/tr>\n<tr>\n<td><b>Offentliga sektorn<\/b><\/td>\n<\/tr>\n<tr>\n<td>\u00a0<\/td>\n<td>Pargas<\/td>\n<td>Katja Bonnevier<\/td>\n<td>Pargas<\/td>\n<\/tr>\n<tr>\n<td>Johan Fredriksson<\/td>\n<td>Kimito\u00f6n<\/td>\n<td>Sven Ivars<\/td>\n<td>Kimito\u00f6n<\/td>\n<\/tr>\n<tr>\n<td>Kirsi Lindroth<\/td>\n<td>Gustavs<\/td>\n<td>Tina Ax\u00e9n<\/td>\n<td>Pargas<\/td>\n<\/tr>\n<tr>\n<td><b>Organisationer<\/b><\/td>\n<\/tr>\n<tr>\n<td>Hanna Vuorio-Wilson<\/td>\n<td>Kimito\u00f6n<\/td>\n<td>Marika Modig<\/td>\n<td>Kimito\u00f6n<\/td>\n<\/tr>\n<tr>\n<td>Tove Salovaara, vice ordf.<\/td>\n<td>Pargas<\/td>\n<td>Alex Sihvonen<\/td>\n<td>Pargas<\/td>\n<\/tr>\n<tr>\n<td>Jan Blomqvist<\/td>\n<td>Gustavs<\/td>\n<td>Juha Erikkil\u00e4<\/td>\n<td>Gustavs<\/td>\n<\/tr>\n<tr>\n<td><b>Landsbygdens inv\u00e5nare<\/b><\/td>\n<\/tr>\n<tr>\n<td>Jan-Erik Lindroth<\/td>\n<td>Gustavs<\/td>\n<td>Ville Perko<\/td>\n<td>Pargas<\/td>\n<\/tr>\n<tr>\n<td>Suvi Lindqvist<\/td>\n<td>Pargas<\/td>\n<td>Juho Ervasti<\/td>\n<td>Pargas<\/td>\n<\/tr>\n<tr>\n<td>Johan Kinos<\/td>\n<td>Kimito\u00f6n<\/td>\n<td>Maria Pick<\/td>\n<td>Kimito\u00f6n<\/td>\n<\/tr>\n<\/tbody>\n<\/table>\n\t\t\t\t\t\t<h5>F\u00f6reningens stadgar<\/h5>\n\t\t\t<p>I samma b\u00e5t &#8211; samassa veneess\u00e4 rf ry STADGAR:<\/p>\n<p>\u00a7 1 Namn och hemort<\/p>\n<p>F\u00f6reningens namn \u00e4r I samma b\u00e5t-samassa veneess\u00e4 rf. I internationella sammanhang kan f\u00f6reningen anv\u00e4nda det inofficiella namnet In the Same Boat. F\u00f6reningens hemort \u00e4r Pargas stad. F\u00f6renings- och styrelsem\u00f6ten kan h\u00e5llas p\u00e5 annan ort \u00e4n hemorten.<\/p>\n<p>\u00a7 2 Syfte och verksamhetsformer<\/p>\n<p>F\u00f6reningen verkar som en ideell f\u00f6rening p\u00e5 tv\u00e5 spr\u00e5k, svenska och finska. F\u00f6reningen verkar f\u00f6r landsbygdens utveckling. F\u00f6reningen deltar i f\u00f6rverkligandet av nationella utvecklingsprogram och Europeiska Unionens utvecklingsprogram. F\u00f6reningens m\u00e5ls\u00e4ttning \u00e4r, att utg\u00e5ende fr\u00e5n sk\u00e4rg\u00e5rdsbornas egna v\u00e4rderingar och behov, verka f\u00f6r att bevara den lokala servicen och de lokala arbetsplatserna, minska arbetsl\u00f6sheten, verka f\u00f6r att utveckla de allm\u00e4nna f\u00f6ruts\u00e4ttningarna f\u00f6r service, kunnande och syssels\u00e4ttning, samt befr\u00e4mja och utveckla den lokala befolkningens och bes\u00f6karnas trygghet och trivsel i enlighet med principerna f\u00f6r en h\u00e5llbar utveckling.<\/p>\n<p>Sitt \u00e4ndam\u00e5l f\u00f6rverkligar f\u00f6reningen genom att:<\/p>\n<p>&#8211; verka f\u00f6r landsbygdens utveckling genom att ordna informations- och skolningstillf\u00e4llen och studieresor \u00e5t sina medlemmar<\/p>\n<p>&#8211; informera, aktivera och koordinera verksamheter inom ramen f\u00f6r m\u00e5ls\u00e4ttningen<\/p>\n<p>&#8211; samarbeta med inv\u00e5narna, byalagen, f\u00f6reningarna, kommunerna, organisationerna, institutionerna och g\u00f6ra utvecklingsstrategier och framtidsplaner<\/p>\n<p>&#8211; utreda privata och offentliga finansieringsm\u00f6jligheter<\/p>\n<p>&#8211; uppeh\u00e5lla samarbete och bilda n\u00e4tverk med referensgrupper b\u00e5de p\u00e5 lokal, nationell och internationell niv\u00e5<\/p>\n<p>\u00a7 3 Medlemmarna<\/p>\n<p>Till medlemmar i f\u00f6reningen kan antas varje privat eller juridisk person, som godk\u00e4nner f\u00f6reningens m\u00e5ls\u00e4ttningar och stadgar.<\/p>\n<p>Ans\u00f6kningar om medlemsskap i f\u00f6reningen behandlas av styrelsen.<\/p>\n<p>Beslut om uteslutning av en medlem ur f\u00f6reningen enligt de i f\u00f6reningslagen \u00a7 14 n\u00e4mnda motiveringarna fattas alltid av styrelsen. Medlem som underl\u00e5tit att betala sin medlemsavgift under tv\u00e5 p\u00e5 varandra f\u00f6ljande \u00e5r kan anses ha uttr\u00e4tt ur f\u00f6reningen.<\/p>\n<p>\u00a7 4 Medlemsavgift<\/p>\n<p>Av medlemmarna uppb\u00e4rs \u00e5rligen en medlemsavgift vars storlek fastst\u00e4lles av f\u00f6reningens h\u00f6stm\u00f6te. Av privata personer och juridiska personer kan avgift av olika storlek uppb\u00e4ras.<\/p>\n<p>\u00a7 5 Styrelsen<\/p>\n<p>F\u00f6reningens angel\u00e4genheter sk\u00f6ts av styrelsen, som ansvarar f\u00f6r f\u00f6reningens ledning enligt m\u00e5ls\u00e4ttningarna.<\/p>\n<p>Styrelsen best\u00e5r av ordf\u00f6rande och \u00e5tta (8) ordinarie medlemmar samt personliga suppleanter f\u00f6r dessa.<\/p>\n<p>Val av styrelse sker enligt f\u00f6ljande:<\/p>\n<p>&#8211; Styrelsens ordf\u00f6rande och \u00f6vriga ordinarie medlemmar och personliga suppleanter v\u00e4ljs av h\u00f6stm\u00f6tet f\u00f6r tv\u00e5 kalender\u00e5r i taget.<\/p>\n<p>&#8211; Omval av styrelsens ordf\u00f6rande och \u00f6vriga medlemmar och suppleanter \u00e4r m\u00f6jligt bara en g\u00e5ng, dvs. styrelsens ordf\u00f6rande och \u00f6vriga medlemmars och suppleanters avbrottsl\u00f6sa mandatperiod kan vara h\u00f6gst fyra \u00e5r i f\u00f6ljd.<\/p>\n<p>&#8211; Styrelsens ordf\u00f6rande, ordinarie medlemmar och personliga suppleanter v\u00e4ljs om m\u00f6jligt j\u00e4mb\u00f6rdigt ur f\u00f6ljande grupper:<\/p>\n<p>&#8211; enskilda personer<\/p>\n<p>&#8211; organisationerna<\/p>\n<p>&#8211; offentliga sektorn<\/p>\n<p>&#8211; Av styrelsens medlemmar (ordf\u00f6rande, ordinarie medlemmar och personliga suppleanter) st\u00e5r h\u00e4lften i tur att avg\u00e5 varje \u00e5r s\u00e5 att minst en av dem som valts till varje grupp, dvs. enskilda personer, organisationerna och offentliga sektorn, st\u00e5r i tur att avg\u00e5 varje \u00e5r.<\/p>\n<p>&#8211; F\u00f6rsta \u00e5ret avg\u00f6r lotten turen att avg\u00e5.<\/p>\n<p>&#8211; Styrelsen v\u00e4ljer inom sig en viceordf\u00f6rande och v\u00e4ljer antingen inom sig eller utifr\u00e5n en sekreterare, f\u00f6r ett kalender\u00e5r i taget.<\/p>\n<p>Styrelsen \u00e4r beslutsf\u00f6r d\u00e5 fem medlemmar, inber\u00e4knat ordf\u00f6rande eller viceordf\u00f6rande, \u00e4r n\u00e4rvarande. \u00c4rendena avg\u00f6rs med enkel majoritet. Om r\u00f6sterna faller j\u00e4mt, avg\u00f6r ordf\u00f6randes r\u00f6st, vid val avg\u00f6r lotten.<\/p>\n<p>Styrelsen sammankommer p\u00e5 kallelse av ordf\u00f6rande, viceordf\u00f6rande eller sekreterare med personlig kallelse.<\/p>\n<p>\u00a7 6 De som f\u00e5r teckna f\u00f6reningens namn<\/p>\n<p>F\u00f6reningens namn tecknas av ordf\u00f6rande ensam, eller av viceordf\u00f6rande och annan av styrelsen f\u00f6rordnad person, tv\u00e5 tillsammans. Styrelsen kan ge en personlig namnteckningsr\u00e4tt \u00e5t annan person att teckna f\u00f6reningens namn ensam.<\/p>\n<p>\u00a7 7 R\u00e4kenskaperna<\/p>\n<p>F\u00f6reningens verksamhets- och r\u00e4kenskapsperiod \u00e4r ett kalender\u00e5r. Bokslutet j\u00e4mte n\u00f6diga handlingar och styrelsens verksamhetsber\u00e4ttelse skall tillst\u00e4llas revisorn senast f\u00f6re utg\u00e5ngen av mars m\u00e5nad. Revisorn skall ge sitt skriftliga utl\u00e5tande till styrelsen senast tv\u00e5 veckor f\u00f6re v\u00e5rm\u00f6tet.<\/p>\n<p>\u00a7 8 F\u00f6reningens m\u00f6ten<\/p>\n<p>F\u00f6reningens beslutande organ \u00e4r f\u00f6reningsm\u00f6tet. \u00c5rligen h\u00e5lls tv\u00e5 ordinarie f\u00f6reningsm\u00f6ten: h\u00f6stm\u00f6tet h\u00e5lls inom oktober-november och v\u00e5rm\u00f6tet h\u00e5lls inom mars-april. Man kan delta i f\u00f6reningens m\u00f6ten per post, per e-post, genom datakommunikation eller med n\u00e5got annat tekniskt hj\u00e4lpmedel f\u00f6re eller under m\u00f6tet.<\/p>\n<p>Extra m\u00f6te h\u00e5lls s\u00e5 ofta styrelsen finner anledning d\u00e4rtill, eller om s\u00e5dant f\u00f6r best\u00e4mt \u00e4rende p\u00e5yrkas av minst en tiondel (1\/10) av f\u00f6reningens r\u00f6stber\u00e4ttigade medlemmar. Till f\u00f6reningsm\u00f6tena har varje medlem r\u00e4tt att s\u00e4nda ett r\u00f6stber\u00e4ttigat ombud. Varje medlem eller ombud har en r\u00f6st. Kallelse till f\u00f6reningsm\u00f6te b\u00f6r av styrelsen skriftligen utf\u00e4rdas till medlemmarna minst 14 dagar f\u00f6re m\u00f6tesdagen. Fr\u00e5gor som medlem vill ha upptagna p\u00e5 ett f\u00f6reningsm\u00f6te, b\u00f6r vara f\u00f6reningens styrelse skriftligen tillhanda senast 30 dagar f\u00f6re ifr\u00e5gavarande m\u00f6te.<\/p>\n<p>\u00a7 9 Ordinarie f\u00f6reningsm\u00f6ten<\/p>\n<p>Vid f\u00f6reningens v\u00e5rm\u00f6te behandlas f\u00f6ljande \u00e4renden:<\/p>\n<ol>\n<li>M\u00f6tets \u00f6ppnande<\/li>\n<li>Val av m\u00f6tesordf\u00f6rande, sekreterare, tv\u00e5 protokolljusterare och vid behov tv\u00e5 r\u00f6str\u00e4knare<\/li>\n<li>M\u00f6tets laglighet och beslutf\u00f6rhet konstateras<\/li>\n<li>F\u00f6redragningslistan f\u00f6r m\u00f6tet godk\u00e4nns<\/li>\n<li>F\u00f6redragning av bokslutet, verksamhetsber\u00e4ttelsen och revisorns utl\u00e5tande<\/li>\n<li>Fastst\u00e4llande av bokslutet och beviljande av ansvarsfrihet f\u00f6r de redovisningsskyldiga<\/li>\n<li>\u00d6vriga \u00e4renden<\/li>\n<\/ol>\n<p>Vid f\u00f6reningens h\u00f6stm\u00f6te behandlas f\u00f6ljande \u00e4renden:<\/p>\n<ol>\n<li>M\u00f6tets \u00f6ppnande<\/li>\n<li>Val av m\u00f6tesordf\u00f6rande, sekreterare, tv\u00e5 protokolljusterare och vid behov tv\u00e5 r\u00f6str\u00e4knare<\/li>\n<li>M\u00f6tets laglighet och beslutsf\u00f6rhet konstateras<\/li>\n<li>F\u00f6redragningslistan f\u00f6r m\u00f6tet godk\u00e4nns<\/li>\n<li>Verksamhetsplanen fastst\u00e4lls f\u00f6r f\u00f6ljande \u00e5r<\/li>\n<li>Fastst\u00e4llande av medlemsavgiften, styrelsens m\u00f6tesarvoden och f\u00f6ljande \u00e5rs budget<\/li>\n<li>Val av styrelsens ordf\u00f6rande och \u00f6vriga medlemmar samt suppleanter i st\u00e4llet f\u00f6r dem som avg\u00e5r<\/li>\n<li>Val av en auktoriserad revisor samt en revisorssuppleant f\u00f6r f\u00f6ljande \u00e5r<\/li>\n<li>\u00d6vriga \u00e4renden<\/li>\n<\/ol>\n<p>\u00a7 10 \u00c4ndring av stadgarna och f\u00f6reningens uppl\u00f6sande<\/p>\n<p>Beslut om stadge\u00e4ndring skall vid f\u00f6reningsm\u00f6te omfattas av minst tre fj\u00e4rdedelar (3\/4) av de avgivna r\u00f6sterna.<\/p>\n<p>F\u00f6reningen uppl\u00f6ses om tv\u00e5 p\u00e5 varandra f\u00f6ljande f\u00f6reningsm\u00f6ten s\u00e5 besluter med tre fj\u00e4rdedelar (3\/4) av de avgivna r\u00f6sterna. Om f\u00f6reningen uppl\u00f6ses tillfaller dess medel, efter beslut av f\u00f6reningens sista m\u00f6te annan r\u00e4ttsgiltig f\u00f6rening som har till \u00e4ndam\u00e5l att fr\u00e4mja landsbygden i n\u00e4mnda omr\u00e5den.<\/p>\n\t\t\t\t\t\t<h5>Vad \u00e4r leader-arbetet?<\/h5>\n\t\t\t<p>Leader \u00e4r ett verksamhetss\u00e4tt, vars b\u00e4rande tema \u00e4r framf\u00f6rallt den s.k. nerifr\u00e5n upp- principen. Detta betyder att projektens beredning och beslutsmakt ligger hos ortens inv\u00e5nare, vilka har den b\u00e4sta sakkunskapen om sin hembygd. Vem som helst kan komma med i verksamheten.<\/p>\n<p>Leader-gruppen I samma b\u00e5t &#8211; samassa veneess\u00e4 verksamhet f\u00f6ljer Leader-verksamhetens <b>grundprinciper<\/b>. Ut\u00f6ver detta k\u00e4nnetecknas v\u00e5r verksamhet av att vi \u00e4r \u00f6ppna, l\u00e4tta att n\u00e5, samt ger professionell och personlig service.<\/p>\n<h4>Utg\u00e5ngspunkten i omr\u00e5det<\/h4>\n<ul>\n<li>Leader-gruppens strategi uppr\u00e4ttas f\u00f6r det egna omr\u00e5det med brett samarbete, som beaktar omr\u00e5dets strukturer.<\/li>\n<\/ul>\n<h4>Nerifr\u00e5n upp- principen<\/h4>\n<ul>\n<li>Projektens beredning och beslutsmakt \u00e4r hos de lokala, f\u00f6r de har den b\u00e4sta sakkunskapen om sitt omr\u00e5de.<\/li>\n<li>Verksamheten \u00e4r \u00f6ppen f\u00f6r alla.<\/li>\n<\/ul>\n<h4>Lokalt partnerskap<\/h4>\n<ul>\n<li>Trepartsprincipen: samarbete mellan offentliga, privata och tredje sektorn<\/li>\n<li>Verksamheten och beslutsfattandet \u00e4r inte hierarkiskt uppbyggt<\/li>\n<\/ul>\n<h4>Sektor\u00f6verskridande<\/h4>\n<ul>\n<li>Akt\u00f6rernas samarbetet \u00f6verskirder sektorgr\u00e4nser och bygger p\u00e5 partnerskap samt dialog och samverkan.<\/li>\n<\/ul>\n<h4>Innovativitet<\/h4>\n<ul>\n<li>Syftet med verksamheten \u00e4r att pr\u00f6va p\u00e5 nya verksamhetss\u00e4tt och -metoder f\u00f6r att fr\u00e4mja h\u00e5llbar utveckling, n\u00e4ringsverksamhet och syssels\u00e4ttning.<\/li>\n<\/ul>\n<h4>Region\u00f6verskridande och internationellt samarbete<\/h4>\n<ul>\n<li>Med samarbete byter man erfarenheter och l\u00e4r sig nytt.<\/li>\n<\/ul>\n<h4>N\u00e4tverkande<\/h4>\n<ul>\n<li>Genom att n\u00e4tverka sig samlar man resurser s\u00e5v\u00e4l lokalt som internationellt: inv\u00e5narna, organisationerna, f\u00f6retagen och offentliga sektorn.<\/li>\n<\/ul>\n<h4>Decentraliserad f\u00f6rvaltning och finansiering<\/h4>\n<ul>\n<li>Ut\u00f6ver finansieringen fr\u00e5n EU och staten kommer ca. h\u00e4lften av finansieringen fr\u00e5n lokala akt\u00f6rer: omr\u00e5dets kommuner och de akt\u00f6rer som f\u00f6rverkligar projekt.<\/li>\n<\/ul>\n<p>Till\u00e4ggsinformation <a href=\"https:\/\/www.leadersuomi.fi\/sv\/\" target=\"_blank\" rel=\"noopener\">Vad \u00e4r Leader?<\/a><\/p>\n\t\t\t\t\t\t<h5>Strategi<\/h5>\n\t\t\t<p>Under nya programperioden 2023-2027 finansieras projekt enligt strategin <a href=\"https:\/\/sameboat.fi\/content\/uploads\/2023\/02\/strategi-2023-2027-slutlig-swe.pdf\">I MEDVIND &#8211; Livskraft och livskvalitet i sk\u00e4rg\u00e5rden <\/a>\u00a0Strategins tyngdpunktsomr\u00e5den \u00e4r:<\/p>\n<ol>\n<li>Livskraftiga och smarta byar<\/li>\n<li>Turismens m\u00e5ngsidiga och h\u00e5llbara l\u00f6sningar<\/li>\n<li>Uppskattad och h\u00e5llbart producerad n\u00e4rmat<\/li>\n<li>H\u00e5llbar och klimatsmart sk\u00e4rg\u00e5rd<\/li>\n<\/ol>\n<h2>\n\t\t\tAktuellt\t<\/h2>\n\n","protected":false},"excerpt":{"rendered":"<p>Landsbygdsleader Information om oss I samma b\u00e5t &#8211; samassa veneess\u00e4 rf ry \u00e4r en ideell, allm\u00e4nnyttig och tv\u00e5spr\u00e5kig f\u00f6rening, vars verksamhetsomr\u00e5de \u00e4r Gustavs, Kimito\u00f6n och Pargas. F\u00f6reningen deltar i f\u00f6rverkligandet av Programmet f\u00f6r utveckling av landsbygden i Fastlandsfinland samt andra nationella och internationella utvecklingsprogram. Den nuvarande programperioden \u00e4r redan den femte f\u00f6r f\u00f6reningen som Leadergrupp. [&hellip;]<\/p>\n","protected":false},"author":1,"featured_media":0,"parent":0,"menu_order":0,"comment_status":"closed","ping_status":"closed","template":"","meta":{"footnotes":""},"class_list":["post-5890","page","type-page","status-publish","hentry"],"_links":{"self":[{"href":"https:\/\/sameboat.fi\/sv\/wp-json\/wp\/v2\/pages\/5890","targetHints":{"allow":["GET"]}}],"collection":[{"href":"https:\/\/sameboat.fi\/sv\/wp-json\/wp\/v2\/pages"}],"about":[{"href":"https:\/\/sameboat.fi\/sv\/wp-json\/wp\/v2\/types\/page"}],"author":[{"embeddable":true,"href":"https:\/\/sameboat.fi\/sv\/wp-json\/wp\/v2\/users\/1"}],"replies":[{"embeddable":true,"href":"https:\/\/sameboat.fi\/sv\/wp-json\/wp\/v2\/comments?post=5890"}],"version-history":[{"count":11,"href":"https:\/\/sameboat.fi\/sv\/wp-json\/wp\/v2\/pages\/5890\/revisions"}],"predecessor-version":[{"id":10163,"href":"https:\/\/sameboat.fi\/sv\/wp-json\/wp\/v2\/pages\/5890\/revisions\/10163"}],"wp:attachment":[{"href":"https:\/\/sameboat.fi\/sv\/wp-json\/wp\/v2\/media?parent=5890"}],"curies":[{"name":"wp","href":"https:\/\/api.w.org\/{rel}","templated":true}]}}