{"id":5810,"date":"2021-10-15T11:17:11","date_gmt":"2021-10-15T08:17:11","guid":{"rendered":"https:\/\/sameboat.fi\/ungdomsleader\/till-vad-kan-man-fa-stod"},"modified":"2026-01-28T10:30:25","modified_gmt":"2026-01-28T08:30:25","slug":"till-vad-kan-man-fa-stod","status":"publish","type":"page","link":"https:\/\/sameboat.fi\/sv\/ungdomsleader\/till-vad-kan-man-fa-stod","title":{"rendered":"Till vad kan man f\u00e5 st\u00f6d"},"content":{"rendered":"<!-- VideographyWP Plugin Message: Automatic video embedding prevented by plugin options. -->\n\n<h1>\n\t\tTill vad kan man f\u00e5 st\u00f6d\n\t<\/h1>\n\t<p><strong>ISB Ungdomsleader<\/strong> beviljar finansiering till ungdomars egna id\u00e9er som de sj\u00e4lva f\u00f6rverkligar. I st\u00f6d kan beviljas 100 &#8211; 500 euro och st\u00f6den \u00e4r 100 %. Om kostnadsf\u00f6rslaget \u00e4r \u00f6ver 500 euro kr\u00e4vs \u00e4ven annan finansiering.<\/p>\n\tExempel p\u00e5 \u00e5tg\u00e4rder som finansierats under de senaste \u00e5ren:\n<p>Kimito\u00f6ns ungdomsparlament &#8211; 20 \u00e5rs jubileum<\/p>\n<p>Klubbrumsfixarna &#8211; K\u00e5jjan Houtsk\u00e4r<\/p>\n<p>Amosparkens skola &#8211; M\u00e5 bra dag<\/p>\n<p>Ini\u00f6 skola- L\u00e4gerskola och stadsupplevelse<\/p>\n<p>Kemi\u00f6nsaaren koulu &#8211; ysiluokan leirikoulu<\/p>\n<p>Kivimaan koulu &#8211; Hoplop<\/p>\n<p>Pargas svenska gymnasium &#8211; Abibal<\/p>\n<p>Sarlinska skolan &#8211; 9:ornas \u00f6vernattning<\/p>\n<p>Taralyan Pargas &#8211; samlingsplats<\/p>\n<p>Sk\u00e4rg\u00e5rdshavets skola &#8211; Br\u00e4dspel<\/p>\n<p>Kustavin nuorisovaltuusto &#8211; Klipunkarin rantatapahtuma<\/p>\n<p>Ungdomsg\u00e5rden Gluggen &#8211; Spelresa till StKarins<\/p>\n<p>Frivilliga brandk\u00e5ren i Pargas &#8211; t\u00e4vlingsresa<\/p>\n\t\t\t<a href=\"https:\/\/sameboat.fi\/sv\/ungdomsleader\/projekt\" target=\"_self\">\n\t\t\t\t\t\t\tProjekt\n\t\t\t\t\t<\/a>\n\t<h2>Ungdomsleader<br \/>\nf\u00f6rnyar verksamheten.<\/h2>\n<p>Ungdomsleader st\u00f6djer projekt som g\u00f6r det m\u00f6jligt f\u00f6r ungdomar att g\u00f6ra och utveckla sin egen kompetens och att p\u00e5verka saker som \u00e4r viktiga f\u00f6r dem.<\/p>\n\t\t\t\t<img loading=\"lazy\" decoding=\"async\" src=\"https:\/\/sameboat.fi\/content\/uploads\/2022\/04\/vihrea_nl_elementti_12.png\" alt=\"VIHREA_NL_elementti_12\" itemprop=\"image\" height=\"1786\" width=\"1787\" title=\"VIHREA_NL_elementti_12\" onerror=\"this.style.display='none'\"  \/>\n\t<h2>Ungdomsleader<br \/>\ninspirerar till upplevelser.<\/h2>\n<p>Ungdomsleadern f\u00f6r med sig gott hum\u00f6r och erfarenheter av framg\u00e5ng tillsammans med andra ungdomar.<\/p>\n\n","protected":false},"excerpt":{"rendered":"<p>Till vad kan man f\u00e5 st\u00f6d ISB Ungdomsleader beviljar finansiering till ungdomars egna id\u00e9er som de sj\u00e4lva f\u00f6rverkligar. I st\u00f6d kan beviljas 100 &#8211; 500 euro och st\u00f6den \u00e4r 100 %. Om kostnadsf\u00f6rslaget \u00e4r \u00f6ver 500 euro kr\u00e4vs \u00e4ven annan finansiering. Exempel p\u00e5 \u00e5tg\u00e4rder som finansierats under de senaste \u00e5ren: Kimito\u00f6ns ungdomsparlament &#8211; 20 \u00e5rs [&hellip;]<\/p>\n","protected":false},"author":1,"featured_media":0,"parent":5807,"menu_order":0,"comment_status":"closed","ping_status":"closed","template":"","meta":{"footnotes":""},"class_list":["post-5810","page","type-page","status-publish","hentry"],"_links":{"self":[{"href":"https:\/\/sameboat.fi\/sv\/wp-json\/wp\/v2\/pages\/5810","targetHints":{"allow":["GET"]}}],"collection":[{"href":"https:\/\/sameboat.fi\/sv\/wp-json\/wp\/v2\/pages"}],"about":[{"href":"https:\/\/sameboat.fi\/sv\/wp-json\/wp\/v2\/types\/page"}],"author":[{"embeddable":true,"href":"https:\/\/sameboat.fi\/sv\/wp-json\/wp\/v2\/users\/1"}],"replies":[{"embeddable":true,"href":"https:\/\/sameboat.fi\/sv\/wp-json\/wp\/v2\/comments?post=5810"}],"version-history":[{"count":4,"href":"https:\/\/sameboat.fi\/sv\/wp-json\/wp\/v2\/pages\/5810\/revisions"}],"predecessor-version":[{"id":8902,"href":"https:\/\/sameboat.fi\/sv\/wp-json\/wp\/v2\/pages\/5810\/revisions\/8902"}],"up":[{"embeddable":true,"href":"https:\/\/sameboat.fi\/sv\/wp-json\/wp\/v2\/pages\/5807"}],"wp:attachment":[{"href":"https:\/\/sameboat.fi\/sv\/wp-json\/wp\/v2\/media?parent=5810"}],"curies":[{"name":"wp","href":"https:\/\/api.w.org\/{rel}","templated":true}]}}