{"id":5807,"date":"2021-10-14T10:45:15","date_gmt":"2021-10-14T07:45:15","guid":{"rendered":"https:\/\/sameboat.fi\/ungdomsleader"},"modified":"2026-04-08T11:10:25","modified_gmt":"2026-04-08T08:10:25","slug":"ungdomsleader","status":"publish","type":"page","link":"https:\/\/sameboat.fi\/sv\/ungdomsleader","title":{"rendered":"Ungdomsleader"},"content":{"rendered":"<!-- VideographyWP Plugin Message: Automatic video embedding prevented by plugin options. -->\n\n<h1>\n\t\t\t#UNGDOMSLEADER\t<\/h1>\n<h2>\n\t\t\tInformation om oss\t<\/h2>\n\t<p>Ungdomsleader \u00e4r barnens och ungdomarnas egen st\u00f6dform som str\u00e4var till att uppmuntra till samarbete mellan ungdomar och aktivera ungdomar att g\u00f6ra skillnad i sin egen n\u00e4rmilj\u00f6 och utveckla regionen.<\/p>\n<p>Ungdomarna planerar, f\u00f6rverkligar och rapporterar om sina egna projekt.<\/p>\n\t\t\t\t\t\t<h5>Vem kan ans\u00f6ka?<\/h5>\n\t\t\t<p>Finansiering kan s\u00f6kas av en grupp p\u00e5 minst tre barn och\/eller ungdomar upp till 25 \u00e5rs \u00e5lder. Gruppen m\u00e5ste \u00e4ven ha en myndig kontaktperson.<\/p>\n\t\t\t\t\t\t<h5>Hur ans\u00f6ker man?<\/h5>\n\t\t\t<p>Finansiering ans\u00f6ks med en blankett som hittas p\u00e5 Ungdomsleaders mellanblad Ans\u00f6kan. Besluten g\u00f6rs f\u00f6ljande kalenderm\u00e5nad efter deadline.<\/p>\n<p>I samma b\u00e5t f\u00f6rbeh\u00e5ller sig r\u00e4tten att godk\u00e4nna eller f\u00f6rkasta ans\u00f6kningen enligt den finansiering f\u00f6reningen har tillg\u00e4nglig och beroende p\u00e5 hur bra ans\u00f6kningen uppfyller m\u00e5ls\u00e4ttningarna.<\/p>\n\t\t\t\t\t\t<h5>Rapportering och utbetalning av pengarna<\/h5>\n\t\t\t<p>Den beviljade finansieringen betalas till s\u00f6kanden enligt \u00f6verenskommelse (i en eller tv\u00e5 rater beroende p\u00e5 st\u00f6dets belopp).<\/p>\n<p>S\u00f6kanden b\u00f6r rapportera i efterhand till <em>I samma b\u00e5t<\/em> hur pengarna anv\u00e4nts.<\/p>\n\t\t\t\t<img decoding=\"async\" src=\"https:\/\/sameboat.fi\/content\/uploads\/2022\/06\/nuoriso-leader_sve_vihrea_tunnus_rgb.png\" alt=\"nuoriso-Leader_SVE_vihrea_TUNNUS_RGB\" itemprop=\"image\" height=\"428\" width=\"937\" title=\"nuoriso-Leader_SVE_vihrea_TUNNUS_RGB\" onerror=\"this.style.display='none'\" loading=\"lazy\" \/>\n\t\t\t<a href=\"https:\/\/sameboat.fi\/sv\/ungdomsleader\/projekt\" target=\"_self\">\n\t\t\t\t\t\t\tProjekt\n\t\t\t\t\t<\/a>\n\t<h2>Ungdomsleader<br \/>\n\u00f6ppnar m\u00f6jligheter.<\/h2>\n<p>Ungdomsleader ger ungdomar nycklarna till att utveckla n\u00e5got nytt samt till en direkt inverkan p\u00e5 ungdomars verksamhet i deras omr\u00e5de.<\/p>\n<h2>\n\t\t\tPresentation av Ungdoms Leader\t<\/h2>\n\t\t<iframe loading=\"lazy\" title=\"Ungdomsleader - Nuorisoleader\" width=\"500\" height=\"281\" src=\"https:\/\/www.youtube.com\/embed\/mWQmW2DmWiI?list=PLIe0JEPzRlr5KiX95e1O4Yl5E7G7UB8B2\" frameborder=\"0\" allow=\"accelerometer; autoplay; clipboard-write; encrypted-media; gyroscope; picture-in-picture; web-share\" referrerpolicy=\"strict-origin-when-cross-origin\" allowfullscreen><\/iframe>\t\n\n","protected":false},"excerpt":{"rendered":"<p>#UNGDOMSLEADER Information om oss Ungdomsleader \u00e4r barnens och ungdomarnas egen st\u00f6dform som str\u00e4var till att uppmuntra till samarbete mellan ungdomar och aktivera ungdomar att g\u00f6ra skillnad i sin egen n\u00e4rmilj\u00f6 och utveckla regionen. Ungdomarna planerar, f\u00f6rverkligar och rapporterar om sina egna projekt. Vem kan ans\u00f6ka? Finansiering kan s\u00f6kas av en grupp p\u00e5 minst tre barn [&hellip;]<\/p>\n","protected":false},"author":1,"featured_media":0,"parent":0,"menu_order":0,"comment_status":"closed","ping_status":"closed","template":"","meta":{"footnotes":""},"class_list":["post-5807","page","type-page","status-publish","hentry"],"_links":{"self":[{"href":"https:\/\/sameboat.fi\/sv\/wp-json\/wp\/v2\/pages\/5807","targetHints":{"allow":["GET"]}}],"collection":[{"href":"https:\/\/sameboat.fi\/sv\/wp-json\/wp\/v2\/pages"}],"about":[{"href":"https:\/\/sameboat.fi\/sv\/wp-json\/wp\/v2\/types\/page"}],"author":[{"embeddable":true,"href":"https:\/\/sameboat.fi\/sv\/wp-json\/wp\/v2\/users\/1"}],"replies":[{"embeddable":true,"href":"https:\/\/sameboat.fi\/sv\/wp-json\/wp\/v2\/comments?post=5807"}],"version-history":[{"count":11,"href":"https:\/\/sameboat.fi\/sv\/wp-json\/wp\/v2\/pages\/5807\/revisions"}],"predecessor-version":[{"id":9854,"href":"https:\/\/sameboat.fi\/sv\/wp-json\/wp\/v2\/pages\/5807\/revisions\/9854"}],"wp:attachment":[{"href":"https:\/\/sameboat.fi\/sv\/wp-json\/wp\/v2\/media?parent=5807"}],"curies":[{"name":"wp","href":"https:\/\/api.w.org\/{rel}","templated":true}]}}