{"id":5778,"date":"2021-10-21T13:24:10","date_gmt":"2021-10-21T10:24:10","guid":{"rendered":"https:\/\/sameboat.fi\/materialbank"},"modified":"2026-04-02T11:03:57","modified_gmt":"2026-04-02T08:03:57","slug":"materialbank","status":"publish","type":"page","link":"https:\/\/sameboat.fi\/sv\/materialbank","title":{"rendered":"Materialbank"},"content":{"rendered":"<!-- VideographyWP Plugin Message: Automatic video embedding prevented by plugin options. -->\n\n<h1>\n\t\tMaterialbank\n\t<\/h1>\n\t<h4><strong>I samma b\u00e5t &#8211; samassa veneess\u00e4 rf ry:<\/strong><\/h4>\n<p><a href=\"https:\/\/sameboat.fi\/content\/uploads\/2023\/02\/strategi-2023-2027-slutlig-swe.pdf\">STRATEGI 2023-2027_I MEDVIND &#8211; Livskraft och livskvalitet i sk\u00e4rg\u00e5rden<\/a><\/p>\n<p><a href=\"https:\/\/sameboat.fi\/content\/uploads\/2022\/08\/verkostot-i-samma-bat.pdf\">N\u00e4tverk I samma b\u00e5t (p\u00e5 finska)<\/a><\/p>\n<p><a href=\"https:\/\/sameboat.fi\/content\/uploads\/2022\/05\/isb-stadgar.pdf\">I samma b\u00e5t &#8211; samassa veneess\u00e4 rf ry stadgar<\/a><\/p>\n<p>&nbsp;<\/p>\n<p>2023-2027:<\/p>\n<p><a href=\"https:\/\/sameboat.fi\/content\/uploads\/2024\/11\/VERKSAMHETSPLAN_2025.pdf\">VERKSAMHETSPLAN_2025<\/a><\/p>\n<p><a href=\"https:\/\/sameboat.fi\/content\/uploads\/2024\/11\/Budget_Budjetti2025.pdf\">Budget_Budjetti2025<\/a><\/p>\n<p><a href=\"https:\/\/sameboat.fi\/content\/uploads\/2025\/04\/Bilaga_Liite-A.-2024-Bokslut.pdf\">Bilaga_Liite A. 2024 Bokslut<\/a><\/p>\n<p><a href=\"https:\/\/sameboat.fi\/content\/uploads\/2025\/04\/Bilaga_Liite-B.-2024-Bokslutsspecifikationer.pdf\">Bilaga_Liite B. 2024 Bokslutsspecifikationer<\/a><\/p>\n<p><a href=\"https:\/\/sameboat.fi\/content\/uploads\/2025\/04\/Bilaga_Liite-C1.-Verksamhetsberattelse-2024.pdf\">Bilaga_Liite C1. Verksamhetsber\u00e4ttelse 2024<\/a><\/p>\n<p><a href=\"https:\/\/sameboat.fi\/content\/uploads\/2025\/04\/Bilaga_Liite-C2.-Vuosiraportti-2024-kuvineen.pdf\">Bilaga_Liite C2. Vuosiraportti 2024 kuvineen<\/a><\/p>\n<p><a href=\"https:\/\/sameboat.fi\/content\/uploads\/2025\/04\/Bilaga_Liite-C3.-Skargardshavets-Fiskeleader-delrapport-2022-2024.pdf\">Bilaga_Liite C3. Sk\u00e4rg\u00e5rdshavets Fiskeleader, delrapport 2022-2024<\/a><\/p>\n<p><a href=\"https:\/\/sameboat.fi\/content\/uploads\/2025\/04\/2025kallelse-och-fdl.docx\">V\u00e5rm\u00f6teskallelse<\/a><\/p>\n<p>&nbsp;<\/p>\n<p>&nbsp;<\/p>\n<p>&nbsp;<\/p>\n<h4>H\u00e5llbar och klimatsmart framtid projektets material:<\/h4>\n<p><a href=\"https:\/\/sameboat.fi\/content\/uploads\/2023\/08\/miljo-och-klimatprojekt-manual.pdf\">milj\u00f6-och klimatprojekt manual<\/a><\/p>\n<p>&nbsp;<\/p>\n<h4>F\u00f6reningsbarometer-projektets material:<\/h4>\n<p><a href=\"https:\/\/sameboat.fi\/content\/uploads\/2023\/08\/foreningsbarometern-rapport.pdf\">F\u00f6reningsbarometern rapport<\/a><\/p>\n<p>&nbsp;<\/p>\n<h4><strong>Mera liv till investeringar projektmaterial:<\/strong><\/h4>\n<p><a href=\"https:\/\/sameboat.fi\/content\/uploads\/2022\/05\/mera-liv-till-investeringar_projektrapport.pdf\">Mera liv till investeringar &#8211; projektrapport<\/a><\/p>\n<p><a href=\"https:\/\/sameboat.fi\/content\/uploads\/2022\/02\/handoutmera-liv-till-investeringar-liten.pdf\">Mera liv till investeringar_video_pdf<\/a><\/p>\n<p><a href=\"https:\/\/www.youtube.com\/watch?v=AF0eaoJDnjs\" target=\"_blank\" rel=\"noopener\">Mera liv till investeringar &#8211; video<\/a><\/p>\n<p>&nbsp;<\/p>\n<h4><strong>Outdoor Leader projektets material:<\/strong><\/h4>\n<p><a href=\"https:\/\/sameboat.fi\/content\/uploads\/2022\/02\/nya-vyer-projektrapport-om-rastplatser-och-naturstigar-kring-skargardens-ringvag-swe.pdf\">Nya vyer projektrapport om rastplatser och naturstigar kring Sk\u00e4rg\u00e5rdens ringv\u00e4g -SWE<\/a><\/p>\n<p><a href=\"https:\/\/sameboat.fi\/content\/uploads\/2022\/05\/projektmanual-for-foreningar-liten-pdf-storlek.pdf\">Projektmanual f\u00f6r f\u00f6reningar_liten pdf<\/a><\/p>\n<p><a href=\"https:\/\/sameboat.fi\/content\/uploads\/2022\/05\/underhallsplan-for-naturstigar_mall_word.docx\">Underh\u00e5llsplan f\u00f6r naturstigar_MALL_word<\/a><\/p>\n<p><a href=\"https:\/\/sameboat.fi\/content\/uploads\/2022\/05\/underhallsplan-for-naturstigar_mall_pdf-1.pdf\">Underh\u00e5llsplan f\u00f6r naturstigar_MALL_pdf<\/a><\/p>\n<p><a href=\"https:\/\/www.sameboat.fi\/wp-content\/uploads\/2021\/02\/HANDOUT-Sakerhetsvideon-pdf.pdf\">HANDOUT-S\u00e4kerhetsvideo pdf<\/a><\/p>\n<p><a href=\"https:\/\/www.youtube.com\/watch?v=kV7gDR3vGUI\" target=\"_blank\" rel=\"noopener\">S\u00e4kerheten p\u00e5 naturstigar _ video<\/a><\/p>\n<p>&nbsp;<\/p>\n\t<h3><strong>Nyttiga www-sidor<\/strong><\/h3>\n<p><strong>Myndigheter:<\/strong><\/p>\n<p><a href=\"https:\/\/www.ely-keskus.fi\/\" target=\"_blank\" rel=\"noopener\">NTM-centralen<\/a><\/p>\n<p><a href=\"https:\/\/www.ruokavirasto.fi\/sv\/\" target=\"_blank\" rel=\"noopener\">Livsmedelsverket<\/a><\/p>\n<p>Kommuner:<\/p>\n<p><a href=\"https:\/\/www.pargas.fi\/sv\/web\/pargas\/framsida\/\" target=\"_blank\" rel=\"noopener\">Pargas<\/a><\/p>\n<p><a href=\"https:\/\/www.kimitoon.fi\/\" target=\"_blank\" rel=\"noopener\">Kimito\u00f6n<\/a><\/p>\n<p><a href=\"https:\/\/kustavi.fi\/\" target=\"_blank\" rel=\"noopener\">Gustavs<\/a><\/p>\n<p><strong>Andra samarbetspartner:<\/strong><\/p>\n<p><a href=\"https:\/\/www.maaseutu.fi\/sv\" target=\"_blank\" rel=\"noopener\">landsbygd.fi<\/a><\/p>\n<p><a href=\"https:\/\/www.leadersuomi.fi\/sv\/\" target=\"_blank\" rel=\"noopener\">leadersuomi.fi<\/a><\/p>\n<p><a href=\"https:\/\/suomenkylat.fi\/\" target=\"_blank\" rel=\"noopener\">Finlands byar rf<\/a><\/p>\n<p><a href=\"https:\/\/www.efbyar.fi\/\" target=\"_blank\" rel=\"noopener\">Egentliga Finlands Byar rf<\/a><\/p>\n<p><strong>Lagstiftning:<\/strong><\/p>\n<p><a href=\"https:\/\/finlex.fi\/sv\/laki\/alkup\/2014\/20141174\" target=\"_blank\" rel=\"noopener\">Projektf\u00f6rordningen<\/a><\/p>\n<p><a href=\"https:\/\/www.finlex.fi\/sv\/laki\/alkup\/2015\/20150080\" target=\"_blank\" rel=\"noopener\">F\u00f6retagsf\u00f6rordningen<\/a><\/p>\n<p><a href=\"https:\/\/finlex.fi\/sv\/laki\/ajantasa\/2014\/20140028\" target=\"_blank\" rel=\"noopener\">Lag om st\u00f6djande av landsbygdens utveckling<\/a><\/p>\n<p><strong>Andra www-sidor:<\/strong><\/p>\n<p><a href=\"https:\/\/www.suomi.fi\/foretag\" target=\"_blank\" rel=\"noopener\">yrityssuomi.fi<\/a><\/p>\n<p><a href=\"https:\/\/www.maanmittauslaitos.fi\/sv\/fastigheter\/tjanster\/ansok-om-inskrivning-av-arrenderatt\" target=\"_blank\" rel=\"noopener\">Inskrivning av s\u00e4rskild r\u00e4ttighet<\/a><\/p>\n\n","protected":false},"excerpt":{"rendered":"<p>Materialbank I samma b\u00e5t &#8211; samassa veneess\u00e4 rf ry: STRATEGI 2023-2027_I MEDVIND &#8211; Livskraft och livskvalitet i sk\u00e4rg\u00e5rden N\u00e4tverk I samma b\u00e5t (p\u00e5 finska) I samma b\u00e5t &#8211; samassa veneess\u00e4 rf ry stadgar &nbsp; 2023-2027: VERKSAMHETSPLAN_2025 Budget_Budjetti2025 Bilaga_Liite A. 2024 Bokslut Bilaga_Liite B. 2024 Bokslutsspecifikationer Bilaga_Liite C1. Verksamhetsber\u00e4ttelse 2024 Bilaga_Liite C2. Vuosiraportti 2024 kuvineen Bilaga_Liite [&hellip;]<\/p>\n","protected":false},"author":1,"featured_media":0,"parent":0,"menu_order":0,"comment_status":"closed","ping_status":"closed","template":"","meta":{"footnotes":""},"class_list":["post-5778","page","type-page","status-publish","hentry"],"_links":{"self":[{"href":"https:\/\/sameboat.fi\/sv\/wp-json\/wp\/v2\/pages\/5778","targetHints":{"allow":["GET"]}}],"collection":[{"href":"https:\/\/sameboat.fi\/sv\/wp-json\/wp\/v2\/pages"}],"about":[{"href":"https:\/\/sameboat.fi\/sv\/wp-json\/wp\/v2\/types\/page"}],"author":[{"embeddable":true,"href":"https:\/\/sameboat.fi\/sv\/wp-json\/wp\/v2\/users\/1"}],"replies":[{"embeddable":true,"href":"https:\/\/sameboat.fi\/sv\/wp-json\/wp\/v2\/comments?post=5778"}],"version-history":[{"count":16,"href":"https:\/\/sameboat.fi\/sv\/wp-json\/wp\/v2\/pages\/5778\/revisions"}],"predecessor-version":[{"id":9011,"href":"https:\/\/sameboat.fi\/sv\/wp-json\/wp\/v2\/pages\/5778\/revisions\/9011"}],"wp:attachment":[{"href":"https:\/\/sameboat.fi\/sv\/wp-json\/wp\/v2\/media?parent=5778"}],"curies":[{"name":"wp","href":"https:\/\/api.w.org\/{rel}","templated":true}]}}