{"id":5767,"date":"2021-10-14T14:13:11","date_gmt":"2021-10-14T11:13:11","guid":{"rendered":"https:\/\/sameboat.fi\/for-foretag"},"modified":"2026-04-02T13:06:04","modified_gmt":"2026-04-02T10:06:04","slug":"for-foretag","status":"publish","type":"page","link":"https:\/\/sameboat.fi\/sv\/landsbygdsleader\/for-foretag","title":{"rendered":"F\u00f6r f\u00f6retag"},"content":{"rendered":"<!-- VideographyWP Plugin Message: Automatic video embedding prevented by plugin options. -->\n\n<h1>\n\t\t\tF\u00f6r f\u00f6retag\t<\/h1>\n\t<p>F\u00f6retagsst\u00f6d kan s\u00f6kas av mikrof\u00f6retag som befinner sig p\u00e5 I samma b\u00e5t &#8211; samassa veneess\u00e4 verksamhetsomr\u00e5de. I linje med v\u00e5r strategi kan f\u00f6retagsst\u00f6d s\u00f6kas fr\u00e4mst f\u00f6r projekt som ber\u00f6r n\u00e4rmat och turism inom v\u00e5rt verksamhetsomr\u00e5de. Det \u00e4r ocks\u00e5 viktigt att reda ut konkurrenssituationen. Utg\u00e5ngspunkten \u00e4r att den verksamhet som st\u00f6ds ska vara ett komplement till de tj\u00e4nster som erbjuds i omr\u00e5det och inte konkurrera med andra akt\u00f6rer i omr\u00e5det. St\u00f6d kan beviljas f\u00f6r investeringar (maskiner, byggande) och \u00e4ven f\u00f6r sm\u00e5 start- och utvecklingsbidrag f\u00f6r de ovann\u00e4mnda f\u00f6retagen.<\/p>\n<p>F\u00f6ljande ans\u00f6kningsperioder:<\/p>\n<p>16.11.2025-31.1.2026<\/p>\n<p>1.2-30.3.2026<\/p>\n<p>1.4-30.6.2026<\/p>\n<p>1.9-31.10.2026<\/p>\n<p>1.11.2026-15.1.2027<\/p>\n<p>&nbsp;<\/p>\n<p>Leader-f\u00f6retagsst\u00f6d \u00e4r menat till f\u00f6retag som syssels\u00e4tter under 5 personer och vars projektbudget \u00e4r max 100 000\u20ac. F\u00f6retag som \u00e4r st\u00f6rre \u00e4n mikrof\u00f6retag kan vara direkt i kontakt med omr\u00e5dets NTM-central.<\/p>\n<p>F\u00f6retagsformen har inte begr\u00e4nsats. F\u00f6retaget b\u00f6r ha f\u00f6ruts\u00e4ttningar f\u00f6r fortl\u00f6pande l\u00f6nsam verksamhet och tillr\u00e4cklig yrkeskunskap. Den verksamhet som st\u00f6ds b\u00f6r kunna f\u00f6rs\u00f6rja \u00e5tminstone en f\u00f6retagare eller en arbetstagare i f\u00f6retaget (undantag \u00e4r st\u00f6det f\u00f6r etablering av f\u00f6retag p\u00e5 deltid). Lantg\u00e5rdar kan s\u00f6ka f\u00f6retagsst\u00f6d f\u00f6r att utveckla verksamhet utanf\u00f6r jord- och skogsbrukssektorn.<\/p>\n<p>Vissa branscher \u00e4r helt och h\u00e5llet uteslutna fr\u00e5n Landsbygdsprogrammets st\u00f6d. S\u00e5dana \u00e4r bl.a. transport, maskinentreprenad, detaljhandel och produktion av energitorv. Inom v\u00e5rt omr\u00e5de st\u00f6der vi inte byggandet av enskilda uthyrningsstugor och inte heller uthyrningsb\u00e5tbryggor f\u00f6r \u00e5rsuthyrning. P\u00e5 grund av konkurrensl\u00e4get blir oftast \u00e4ven restaurangbranschen samt byggbranschen utanf\u00f6r st\u00f6den.<\/p>\n\t\t\t<a href=\"https:\/\/sameboat.fi\/sv\/landsbygdsleader\/for-foretag\/projektexempel\" target=\"_self\">\n\t\t\t\t\t\t\tProjektexempel\n\t\t\t\t\t<\/a>\n\t\t\t\t\t\t<h5>Till vad kan man f\u00e5 finansiering<\/h5>\n\t\t\t<p>F\u00f6retagsst\u00f6den riktas till \u00e5tg\u00e4rder som har en positiv inverkan p\u00e5 f\u00f6retagets tillv\u00e4xt, skapande av nya arbetsplatser och f\u00f6r aff\u00e4rsverksamhetens l\u00f6nsamhet.<\/p>\n<p>F\u00f6retagsst\u00f6d beviljas inte till att t\u00e4cka kostnader f\u00f6r l\u00f6pande aff\u00e4rsverksamhet.<\/p>\n<p>St\u00f6d kan beviljas till:<\/p>\n<ul>\n<li>etablering av f\u00f6retagsverksamhet<\/li>\n<\/ul>\n<p>1) f\u00f6rs\u00f6k med ny f\u00f6retagsverksamhet 2500\u20ac<br \/>2) etablering av f\u00f6retagsverksamhet med hj\u00e4lp av \u00e4garbyte 2500\/5000\u20ac<br \/>3) etablering av f\u00f6retagsverksamhet p\u00e5 deltid 5000\u20ac<br \/>4) etablering av f\u00f6retagsverksamhet p\u00e5 heltid 7500\u20ac<br \/>5) f\u00f6rs\u00f6k med prim\u00e4r jordbruksproduktion 2500\/5000\/7500\u20ac<\/p>\n<ul>\n<li>f\u00f6retagets utveckling\u00a0<\/li>\n<\/ul>\n<p>1) st\u00f6d f\u00f6r f\u00f6retagsverksamhetens planeringsfas 1000\u20ac<br \/>2) st\u00f6d f\u00f6r f\u00f6rberedelsefasen f\u00f6r en utvecklings\u00e5tg\u00e4rd inom f\u00f6retagsverksamheten 2000\u20ac<br \/>3) st\u00f6d f\u00f6r etablerad f\u00f6retagsverksamhet 3000\u20ac<\/p>\n<ul>\n<li>f\u00f6retagets investeringar (max 100 000\u20ac helhetsbudget)<\/li>\n<\/ul>\n<p>Investeringsst\u00f6d kan beviljas f\u00f6retag f\u00f6r s\u00e5dana investeringar som \u00e4r av v\u00e4sentlig betydelse f\u00f6r grundande av f\u00f6retag eller f\u00f6retagets tillv\u00e4xt eller utveckling.<\/p>\n<h3>Etablering av f\u00f6retagsverksamhet<\/h3>\n<h5>St\u00f6d f\u00f6r f\u00f6rs\u00f6k med ny f\u00f6retagsverksamhet<\/h5>\n<p>St\u00f6d kan beviljas f\u00f6r f\u00f6rs\u00f6k med ny f\u00f6retagsverksamhet. F\u00f6rs\u00f6kets l\u00e4ngd f\u00e5r vara h\u00f6gst fyra m\u00e5nader.<br \/>Den som ans\u00f6ker om st\u00f6d ska vara en fysisk person som inte har f\u00f6retags- och organisations-nummer n\u00e4r st\u00f6det s\u00f6ks eller beviljas. St\u00f6det f\u00e5r anv\u00e4ndas f\u00f6r hyra av lokaler och utrustning, material och f\u00f6rn\u00f6denheter, anv\u00e4ndar-avgifter och resor samt f\u00f6r anskaffning av utbildning och tr\u00e4ning, expertkompetens och inform-ation som k\u00f6pta tj\u00e4nster. St\u00f6det f\u00e5r inte anv\u00e4ndas f\u00f6r sm\u00e5 anskaffningar. St\u00f6det kan beviljas som en standardiserad eng\u00e5ngsers\u00e4ttning p\u00e5 2 500 euro till samma s\u00f6kande en g\u00e5ng under finansieringsperioden.<\/p>\n<h5>St\u00f6d f\u00f6r etablering av f\u00f6retagsverksamhet genom \u00e4garbyte<\/h5>\n<p>St\u00f6d kan beviljas f\u00f6r etablering av f\u00f6retagsverksamhet genom \u00e4garbyte. En f\u00f6ruts\u00e4ttning \u00e4r att det f\u00f6retag som ska k\u00f6pas finns i glesbygden eller k\u00e4rnlandsbygden. Den som ans\u00f6ker om st\u00f6d ska vara en fysisk person som inte har ett f\u00f6retags- och organisat-ionsnummer eller ett mikrof\u00f6retag som har ett f\u00f6retags- och organisationsnummer n\u00e4r st\u00f6det s\u00f6ks. St\u00f6det kan beviljas k\u00f6paren av ett f\u00f6retag f\u00f6r anskaffning av experttj\u00e4nster som tj\u00e4nster som k\u00f6ps i samband med f\u00f6rberedandet av \u00e4garbytet. St\u00f6det kan beviljas som en standardiserad eng\u00e5ngsers\u00e4ttning p\u00e5 2 500 eller 5 000 euro, dock sammanlagt h\u00f6gst 5 000 euro till samma st\u00f6dmottagare under finansieringsperioden.<\/p>\n<h5>St\u00f6d f\u00f6r etablering av f\u00f6retagsverksamhet p\u00e5 deltid<\/h5>\n<p>St\u00f6d kan beviljas f\u00f6r etablering av f\u00f6retagsverksamhet p\u00e5 deltid. St\u00f6d kan emellertid inte be-viljas om s\u00f6kanden har beviljats st\u00f6d enligt 16 \u00a7 f\u00f6r etablering av f\u00f6retagsverksamhet p\u00e5 heltid. S\u00f6kanden ska vid tidpunkten f\u00f6r ans\u00f6kan ha ett f\u00f6retags- och organisationsnummer. St\u00f6det f\u00e5r anv\u00e4ndas f\u00f6r hyra av lokaler och utrustning, material och f\u00f6rn\u00f6denheter, anv\u00e4ndar-avgifter och resor samt f\u00f6r anskaffning av utbildning och tr\u00e4ning, expertkompetens och inform-ation som k\u00f6pta tj\u00e4nster. St\u00f6det f\u00e5r dessutom anv\u00e4ndas f\u00f6r sm\u00e5 anskaffningar. St\u00f6det kan beviljas som en standardiserad eng\u00e5ngsers\u00e4ttning p\u00e5 5 000 euro till samma s\u00f6kande en g\u00e5ng under finansieringsperioden.<\/p>\n<h5>St\u00f6d f\u00f6r etablering av f\u00f6retagsverksamhet p\u00e5 heltid<\/h5>\n<p>St\u00f6d kan beviljas f\u00f6r etablering av verksamhet inom f\u00f6retagsverksamhet p\u00e5 heltid. St\u00f6d kan emellertid inte beviljas om s\u00f6kanden har beviljats st\u00f6d enligt 15 \u00a7 f\u00f6r etablering av f\u00f6retags-verksamhet p\u00e5 deltid.<br \/>S\u00f6kanden ska vid tidpunkten f\u00f6r ans\u00f6kan ha ett f\u00f6retags- och organisationsnummer. St\u00f6det f\u00e5r anv\u00e4ndas f\u00f6r hyra av lokaler och utrustning, material och f\u00f6rn\u00f6denheter, anv\u00e4ndar-avgifter och resor samt f\u00f6r anskaffning av utbildning och tr\u00e4ning, expertkompetens och inform-ation som k\u00f6pta tj\u00e4nster. St\u00f6det f\u00e5r dessutom anv\u00e4ndas f\u00f6r sm\u00e5 anskaffningar. St\u00f6det kan beviljas som en standardiserad eng\u00e5ngsers\u00e4ttning p\u00e5 7 500 euro till samma s\u00f6kande en g\u00e5ng under finansieringsperioden.<\/p>\n<p>St\u00f6d f\u00f6r f\u00f6rs\u00f6k med prim\u00e4r jordbruksproduktion<\/p>\n<p>St\u00f6d kan beviljas f\u00f6r f\u00f6rs\u00f6k inom jordbrukssektorn. F\u00f6rs\u00f6kets l\u00e4ngd f\u00e5r vara h\u00f6gst tre \u00e5r.<br \/>St\u00f6d kan beviljas f\u00f6r f\u00f6rs\u00f6k med jordbruksverksamhet f\u00f6r f\u00f6rsta g\u00e5ngen eller f\u00f6r att genom f\u00f6rs\u00f6k g\u00f6ra befintlig jordbruksverksamhet m\u00e5ngsidigare. St\u00f6det kan dock inte beviljas f\u00f6r en befintlig g\u00e5rdsbruksenhets vanliga och etablerade jordbruksverksamhet. St\u00f6det f\u00e5r anv\u00e4ndas f\u00f6r hyra av lokaler, maskiner och utrustning, material och f\u00f6rn\u00f6denheter, anv\u00e4ndaravgifter och resor samt f\u00f6r anskaffning av utbildning och tr\u00e4ning, expertkompetens och information. St\u00f6det f\u00e5r dessutom anv\u00e4ndas f\u00f6r sm\u00e5 anskaffningar vars ekonomiska livs-l\u00e4ngd i huvudsak \u00e4r avgr\u00e4nsad till tiden f\u00f6r genomf\u00f6rande av projektet. St\u00f6det f\u00e5r dock inte anv\u00e4ndas till anskaffning av djur. St\u00f6det kan beviljas som en standardiserad eng\u00e5ngsers\u00e4ttning p\u00e5 2 500, 5 000 eller 7 500 euro, dock sammanlagt h\u00f6gst 7 500 euro till samma st\u00f6dmottagare under finansieringsperioden.<\/p>\n<h3>F\u00f6retagets utveckling<\/h3>\n<h5>St\u00f6d f\u00f6r f\u00f6retagsverksamhetens planeringsfas<\/h5>\n<p>Den som ans\u00f6ker om st\u00f6d f\u00f6r f\u00f6retagsverksamhetens planeringsfas ska vara en fysisk person som inte har f\u00f6retags- och organisationsnummer n\u00e4r st\u00f6det s\u00f6ks eller beviljas. St\u00f6det f\u00e5r anv\u00e4ndas f\u00f6r tj\u00e4nster som k\u00f6ps f\u00f6r planering av inledandet av ny f\u00f6retagsverksamhet. Med planering avses utredning av f\u00f6ruts\u00e4ttningarna f\u00f6r f\u00f6retagsverksamheten och utveck-lande av aff\u00e4rsid\u00e9n med hj\u00e4lp av en utomst\u00e5ende expert. St\u00f6d kan beviljas som en standardiserad eng\u00e5ngsers\u00e4ttning p\u00e5 1 000 euro till samma s\u00f6kande en g\u00e5ng under finansieringsperioden.<\/p>\n<h5>St\u00f6d f\u00f6r f\u00f6rberedelsefasen f\u00f6r en utvecklings\u00e5tg\u00e4rd inom f\u00f6retagsverksamheten<\/h5>\n<p>Den som ans\u00f6ker om st\u00f6d f\u00f6r f\u00f6rberedelsefasen f\u00f6r en utvecklings\u00e5tg\u00e4rd inom f\u00f6retagsverksamheten ska vara en fysisk person eller ett mikrof\u00f6retag som har ett f\u00f6retags- och organisationsnummer n\u00e4r st\u00f6det s\u00f6ks.<br \/>St\u00f6det f\u00e5r anv\u00e4ndas till tj\u00e4nster som k\u00f6ps f\u00f6r f\u00f6rberedande \u00e5tg\u00e4rder f\u00f6r ett f\u00f6retag som ska etableras eller ett verksamt f\u00f6retag som ska utvecklas. Med f\u00f6rberedelse avses utarbetande av en aff\u00e4rsplan och utvecklingsplan med hj\u00e4lp av en utomst\u00e5ende expert samt utredande av f\u00f6rut-s\u00e4ttningarna f\u00f6r att ans\u00f6ka om underst\u00f6d och annan finansiering. St\u00f6det kan beviljas som en standardiserad eng\u00e5ngsers\u00e4ttning p\u00e5 2 000 euro till samma s\u00f6kande en g\u00e5ng under finansieringsperioden.<\/p>\n<h5>St\u00f6d f\u00f6r etablerad f\u00f6retagsverksamhet<\/h5>\n<p>Den som ans\u00f6ker om st\u00f6d f\u00f6r etablerad f\u00f6retagsverksamhet ska vid tidpunkten f\u00f6r ans\u00f6kan ha ett f\u00f6retags &#8211; och organisationsnummer. St\u00f6det f\u00e5r anv\u00e4ndas f\u00f6r utveckling av f\u00f6retagsverksamheten. St\u00f6det f\u00e5r anv\u00e4ndas f\u00f6r utvecklings- och experttj\u00e4nster som anskaffas utanf\u00f6r f\u00f6retaget, material och f\u00f6rn\u00f6denheter samt resor och hyror. St\u00f6det kan beviljas som en standardiserad eng\u00e5ngsers\u00e4ttning p\u00e5 3 000 euro till samma st\u00f6d-mottagare h\u00f6gst tre g\u00e5nger under finansieringsperioden. En f\u00f6ruts\u00e4ttning f\u00f6r beviljande av st\u00f6det \u00e4r att tidigare st\u00f6d enligt denna paragraf har anv\u00e4nts innan det nya st\u00f6det beviljas.<\/p>\n<h3>Investeringsst\u00f6d f\u00f6r f\u00f6retag<\/h3>\n<p>Se video om investeringsst\u00f6den <a href=\"https:\/\/youtu.be\/IY0-NuzyMdA\" target=\"_blank\" rel=\"noopener\">h\u00e4r<\/a>.<\/p>\n<p>Investeringsst\u00f6d kan beviljas f\u00f6retag f\u00f6r s\u00e5dana investeringar som \u00e4r av v\u00e4sentlig betydelse f\u00f6r grundande av f\u00f6retag eller f\u00f6retagets tillv\u00e4xt eller utveckling.<\/p>\n<p>St\u00f6dber\u00e4ttigande kostnader f\u00f6r materiella investeringar:\u00a0<br \/>1) kostnader f\u00f6r uppf\u00f6rande, utvidgande eller reparation av en byggnad, konstruktion eller anl\u00e4ggning,<br \/>2) kostnader f\u00f6r anskaffning av en byggnad,<br \/>3) kostnader f\u00f6r anskaffning av maskiner och anordningar samt andra l\u00f6sa anl\u00e4ggningstill-g\u00e5ngar,<br \/>4) kostnader f\u00f6r de el-, fj\u00e4rrv\u00e4rme-, vatten- och avloppsanslutningar samt dataanslutningar som beh\u00f6vs vid investeringar enligt 1\u20153 punkten samt kostnader som f\u00f6ranleds st\u00f6dmottagaren f\u00f6r andra anslutningar som en del av den \u00e5tg\u00e4rd som st\u00f6ds,<br \/>5) allm\u00e4nna kostnader f\u00f6r planeringen och genomf\u00f6randet av en \u00e5tg\u00e4rd,<br \/>6) kostnader f\u00f6r tillst\u00e5nds- och registreringsavgifter samt andra motsvarande allm\u00e4nna kost-nader f\u00f6r genomf\u00f6randet av en \u00e5tg\u00e4rd.<\/p>\n<p>Anskaffningsutgiften f\u00f6r s\u00e5dana begagnade maskiner, anordningar och redskap, som fyller kraven i listan nedan, kan godk\u00e4nnas som st\u00f6dber\u00e4ttigande utgifter i st\u00f6dbeslutet:<\/p>\n<ul>\n<li>som det inte \u00e4r \u00e4ndam\u00e5lsenligt att anskaffa som nya eller i fr\u00e5ga om vilka det inte finns ers\u00e4ttande tj\u00e4nster att tillg\u00e5 till sk\u00e4lig kostnad p\u00e5 orten,<\/li>\n<li>som till sina tekniska egenskaper l\u00e4mpar sig f\u00f6r det planerade syftet eller som kan \u00e4ndras s\u00e5 att de l\u00e4mpar sig f\u00f6r det planerade syftet,<\/li>\n<li>i fr\u00e5ga om vilka anskaffningen totalt sett g\u00f6r investeringen mer ekonomisk med beaktande av pris, livsl\u00e4ngd och kostnader under drifttiden,<\/li>\n<li>som till sitt anskaffningspris \u00e4r f\u00f6rm\u00e5nligare \u00e4n motsvarande nya,<\/li>\n<li>av vars livsl\u00e4ngd det \u00e5terst\u00e5r \u00e5tminstone tre \u00e5r.<\/li>\n<\/ul>\n<p>S\u00f6kanden ska i sin ans\u00f6kan om st\u00f6d l\u00e4gga fram tillr\u00e4ckliga motiveringar till att de f\u00f6ruts\u00e4ttningar f\u00f6r st\u00f6d som anges i kriterierna ovan uppfylls.<\/p>\n<p>St\u00f6dber\u00e4ttigande kostnader f\u00f6r immateriella investeringar<br \/>1) kostnader f\u00f6r f\u00f6rv\u00e4rv av datorprogram, molntj\u00e4nster och motsvarande l\u00f6sningar,<br \/>2) kostnader f\u00f6r f\u00f6rv\u00e4rv av patent, upphovsr\u00e4tter och varum\u00e4rken samt f\u00f6rv\u00e4rv av andra im-materiella r\u00e4ttigheter och licenser.<br \/>Den immateriella egendomen ska uppfylla f\u00f6ljande f\u00f6ruts\u00e4ttningar:<br \/>1) egendomen utnyttjas uteslutande vid det verksamhetsst\u00e4lle som beviljats st\u00f6d,<br \/>2) egendomen kan skrivas av,<br \/>3) egendomen har f\u00f6rv\u00e4rvats p\u00e5 marknadsvillkor fr\u00e5n tredje part som inte har n\u00e5gon anknyt-ning till k\u00f6paren,<br \/>4) egendomen ing\u00e5r i f\u00f6retagets tillg\u00e5ngar i minst tre \u00e5r.<\/p>\n<p>D\u00e5 man s\u00f6ker om investeringsst\u00f6d b\u00f6r man ta i beaktande att f\u00f6r st\u00f6dbeslut beh\u00f6vs ett laga kraft vunnet myndighetstillst\u00e5nd, ifall ett tillst\u00e5nd beh\u00f6vs f\u00f6r \u00e5tg\u00e4rden. Detta ska beaktas d\u00e5 man s\u00f6ker st\u00f6d f\u00f6r t.ex. byggande.<\/p>\n<p>Minimibeloppet f\u00f6r st\u00f6det \u00e4r 2000 \u20ac. Detta betyder att d\u00e5 st\u00f6dprocenten \u00e4r 20%, ska helhetskostnaderna uppstiga till minst 10 000 euro.<\/p>\n<p>Noggrannare villkor f\u00f6r beviljade av investeringsst\u00f6d finns i Statsr\u00e5dets f\u00f6rordning om f\u00f6retagsst\u00f6d f\u00f6r landsbygden (kompletetras snarast).<\/p>\n<p>Vissa anskaffningar och verksamhetsformer \u00e4r i sin helhet utanf\u00f6r landsbygdens investeringsst\u00f6d. F\u00f6ljande investeringar \u00e4r uteslutande utanf\u00f6r st\u00f6det:<\/p>\n<p>1) anskaffning av djur,<br \/>2) anskaffning av en traktor eller n\u00e5gon annan maskin eller anordning som \u00e4r avsedd f\u00f6r pri-m\u00e4rproduktion inom jordbruket,<br \/>3) investeringar inom trafikbranschen,<br \/>4) anskaffning av en m\u00e5ngfunktionell avverkningsmaskin eller en lastb\u00e4rande skogstraktor samt anskaffning av n\u00e5gon annan motsvarande maskin eller anordning,<br \/>5) ers\u00e4ttande av en maskin eller anordning som \u00e4r i bruk med en ny, f\u00f6rutom n\u00e4r f\u00f6retags-verksamheten utvidgas avsev\u00e4rt eller f\u00f6retagets teknologiska niv\u00e5 m\u00e4rkbart f\u00f6rb\u00e4ttras av inve-steringens inverkan eller det tas i bruk tekniker som leder till en h\u00f6gre milj\u00f6skyddsniv\u00e5,<br \/>6) investeringar i anknytning till produktion av torv som \u00e4r avsedd f\u00f6r energianv\u00e4ndning,<br \/>7) f\u00f6rv\u00e4rv av aktier eller andelar i ett annat f\u00f6retag eller f\u00f6rv\u00e4rv av ett annat f\u00f6retags aff\u00e4rs-verksamhet; st\u00f6d kan dock beviljas f\u00f6r f\u00f6rv\u00e4rv av s\u00e5dana aktier i ett fastighetsaktiebolag som ger r\u00e4tt till besittning av en lokal som anv\u00e4nds i f\u00f6retagsverksamhet som enligt lagen om ut-vecklingsst\u00f6d \u00e4r st\u00f6dber\u00e4ttigande,<br \/>8) investering vars syfte endast \u00e4r uthyrning av lokaler,<br \/>9) anskaffning av en fastighet eller byggnader hos offentligt samfund, om inte objektets v\u00e4rde har fastst\u00e4llts p\u00e5 marknadsvillkor av en utomst\u00e5ende expert och anskaffningen g\u00f6rs p\u00e5 mark-nadsvillkor,<br \/>10) produktiva investeringar i f\u00f6rnybar energi med en total effekt p\u00e5 \u00f6ver tv\u00e5 megawatt,<br \/>11) sol- och vindkraftverk,<br \/>12) lastmaskiner vid maskinentreprenad.<\/p>\n<p>Vissa branscher ligger utanf\u00f6r st\u00f6det pga konkurrenssituation, t.ex. byggbranschen, restaurangbranschen, transport. Socialbranschen och andra \u00e5tg\u00e4rder som h\u00f6r till kommunens ansvar st\u00f6ds inte. F\u00f6retagsst\u00f6d beviljas inte heller f\u00f6r uthyrningsbryggor.<\/p>\n<p>Investeringsst\u00f6det \u00e4r 20%-35% beroende p\u00e5 var f\u00f6retaget \u00e4r bel\u00e4get.<\/p>\n\t\t\t\t\t\t<h5>Hur s\u00f6ker man f\u00f6retagsst\u00f6d?<\/h5>\n\t\t\t<p>Kontakta alltid Leaderkontoret f\u00f6rst s\u00e5 g\u00e5r vi igenom ans\u00f6kningsprocessen tillsammans.<\/p>\n<p>Man s\u00f6ker projektfinansiering genom det elektroniska s\u00f6ksystemet\u00a0<b><strong>Hyrr\u00e4<\/strong><\/b>. Till Hyrr\u00e4 loggar man in genom att anv\u00e4nda bankkoder, mobil ID eller ett chipf\u00f6rsett ID-kort (HST-kort).<\/p>\n<p>Ans\u00f6kan om st\u00f6d ska l\u00e4mnas in innan \u00e5tg\u00e4rden p\u00e5b\u00f6rjas. N\u00e4r en st\u00f6dans\u00f6kan har blivit anh\u00e4ngig kan man p\u00e5b\u00f6rja verksamheten p\u00e5 eget ansvar. N\u00e4r man l\u00e4mnar in en ans\u00f6kan, ska den fylla vissa minimikriterier f\u00f6r att den ska bli anh\u00e4ngig. Du f\u00e5r alltid meddelande om att ans\u00f6kan blivit anh\u00e4ngig, eller om ans\u00f6kan \u00e4r bristf\u00e4llig, en beg\u00e4ran att komplettera ans\u00f6kan. F\u00f6r behandlingen av ans\u00f6kan kr\u00e4vs \u00e4ven bilagor, som kan kompletteras i ett senare skede till ans\u00f6kan.<\/p>\n<p>N\u00e4r man ans\u00f6ker om st\u00f6d, ska s\u00f6kande ta i betraktande att annan offentlig st\u00f6d till samma \u00e5tg\u00e4rd minskar p\u00e5 st\u00f6det fr\u00e5n landsbygdsfonden, eller kan hindra totalt m\u00f6jligheten att f\u00e5 st\u00f6d. Offentligt f\u00f6retagsst\u00f6d och dess totalbelopp regleras av en m\u00e4ngd EU-f\u00f6rordningar och \u00e4ven i nationell lagstiftning.<\/p>\n<p>Till st\u00f6dans\u00f6kan bifogas alltid en aff\u00e4rsplan. Aff\u00e4rsplanen po\u00e4ngteras speciellt i nyetableringsst\u00f6det, d\u00e4r st\u00f6det bygger p\u00e5 aff\u00e4rsplanen och utbetalningen p\u00e5 dess f\u00f6rverkligande. I aff\u00e4rsplanen b\u00f6r \u00e5tminstone f\u00f6ljande uppgifter komma fram:<\/p>\n<ol>\n<li>F\u00f6retagets namn, storleksklass, kontaktuppgifter, kontaktperson, bransch, f\u00f6retags- och organisationsnummer, jordbruksf\u00f6retagets l\u00e4genhetssignum, kommun d\u00e4r \u00e5tg\u00e4rden genomf\u00f6rs,<\/li>\n<li>S\u00f6kandens ekonomiska och finansiella utg\u00e5ngsl\u00e4ge,<\/li>\n<li>F\u00f6retagets verksamhets- och aff\u00e4rsid\u00e9 samt en beskrivning av utvecklandet av ny verksamhet,<\/li>\n<li>De planerade \u00e5tg\u00e4rder som ska genomf\u00f6ras med nyetableringsst\u00f6det och m\u00e5len f\u00f6r genomf\u00f6randet av dem samt granskningstidpunkterna d\u00e5 uppn\u00e5ende av m\u00e5len ska utv\u00e4rderas,<\/li>\n<li>M\u00e5ltidtabell f\u00f6r genomf\u00f6rande av de planerade \u00e5tg\u00e4rderna,<\/li>\n<li>Kostnadsf\u00f6rslag och finansieringsplan f\u00f6r de planerade \u00e5tg\u00e4rderna samt bed\u00f6mning av syssels\u00e4ttningseffekterna,<\/li>\n<li>Andra n\u00f6dv\u00e4ndiga till\u00e4ggsuppgifter och sakkunnigutl\u00e5tanden.<\/li>\n<\/ol>\n<p><a href=\"http:\/\/yritystutkimusry.fi\/?page_id=9\" target=\"_blank\" rel=\"noopener\">Blanketter: Resultat, finansiering och skuld<\/a><\/p>\n\t\t\t\t\t\t<h5>Hur g\u00f6r man ans\u00f6kan om utbetalning<\/h5>\n\t\t\t<p>Utbetalningsans\u00f6kningarna l\u00e4mnas in till behandling hos NTM-centralen via Hyrr\u00e4-webbtj\u00e4nsten.<\/p>\n<h4>Anvisningar till att g\u00f6ra en elektronisk ans\u00f6kan<\/h4>\n<p>Den s\u00f6kande f\u00e5r noggranna instruktioner om betalningsans\u00f6kan per epost av NTM-centralen strax efter att st\u00f6dbeslutet \u00e4r gjort. St\u00f6dbeslutet hittas i Hyrr\u00e4.<\/p>\n<p>I samma b\u00e5t &#8211; samassa veneess\u00e4 anst\u00e4llda ger \u00e4ven r\u00e5d om hur man ska fylla i ans\u00f6kan och med de beh\u00f6vliga bilagorna.<\/p>\n<p>En noggrannare anvisning \u00f6ver vad allt som beh\u00f6vs som bilagor finns \u00e4ven i st\u00f6dbeslutet f\u00f6r f\u00f6retagsst\u00f6det samt i Livsmedelsverkets information:<\/p>\n<p><a href=\"https:\/\/www.ruokavirasto.fi\/sv\/stod\/tjanster\/hyrra\/hyrra-anvisningar\/ansokan-om-utbetalning---foretagstod\/\" target=\"_blank\" rel=\"noopener\">Ans\u00f6kan om utbetalning<\/a><\/p>\n\n","protected":false},"excerpt":{"rendered":"<p>F\u00f6r f\u00f6retag F\u00f6retagsst\u00f6d kan s\u00f6kas av mikrof\u00f6retag som befinner sig p\u00e5 I samma b\u00e5t &#8211; samassa veneess\u00e4 verksamhetsomr\u00e5de. I linje med v\u00e5r strategi kan f\u00f6retagsst\u00f6d s\u00f6kas fr\u00e4mst f\u00f6r projekt som ber\u00f6r n\u00e4rmat och turism inom v\u00e5rt verksamhetsomr\u00e5de. Det \u00e4r ocks\u00e5 viktigt att reda ut konkurrenssituationen. Utg\u00e5ngspunkten \u00e4r att den verksamhet som st\u00f6ds ska vara ett [&hellip;]<\/p>\n","protected":false},"author":1,"featured_media":0,"parent":5890,"menu_order":0,"comment_status":"closed","ping_status":"closed","template":"","meta":{"footnotes":""},"class_list":["post-5767","page","type-page","status-publish","hentry"],"_links":{"self":[{"href":"https:\/\/sameboat.fi\/sv\/wp-json\/wp\/v2\/pages\/5767","targetHints":{"allow":["GET"]}}],"collection":[{"href":"https:\/\/sameboat.fi\/sv\/wp-json\/wp\/v2\/pages"}],"about":[{"href":"https:\/\/sameboat.fi\/sv\/wp-json\/wp\/v2\/types\/page"}],"author":[{"embeddable":true,"href":"https:\/\/sameboat.fi\/sv\/wp-json\/wp\/v2\/users\/1"}],"replies":[{"embeddable":true,"href":"https:\/\/sameboat.fi\/sv\/wp-json\/wp\/v2\/comments?post=5767"}],"version-history":[{"count":13,"href":"https:\/\/sameboat.fi\/sv\/wp-json\/wp\/v2\/pages\/5767\/revisions"}],"predecessor-version":[{"id":10275,"href":"https:\/\/sameboat.fi\/sv\/wp-json\/wp\/v2\/pages\/5767\/revisions\/10275"}],"up":[{"embeddable":true,"href":"https:\/\/sameboat.fi\/sv\/wp-json\/wp\/v2\/pages\/5890"}],"wp:attachment":[{"href":"https:\/\/sameboat.fi\/sv\/wp-json\/wp\/v2\/media?parent=5767"}],"curies":[{"name":"wp","href":"https:\/\/api.w.org\/{rel}","templated":true}]}}