{"id":5761,"date":"2021-10-14T14:12:30","date_gmt":"2021-10-14T11:12:30","guid":{"rendered":"https:\/\/sameboat.fi\/till-samfund"},"modified":"2026-04-02T13:11:35","modified_gmt":"2026-04-02T10:11:35","slug":"till-samfund","status":"publish","type":"page","link":"https:\/\/sameboat.fi\/sv\/landsbygdsleader\/till-samfund","title":{"rendered":"F\u00f6r samfund"},"content":{"rendered":"<!-- VideographyWP Plugin Message: Automatic video embedding prevented by plugin options. -->\n\r\n<h1>Yhteis\u00f6ille<\/h1>\r\n<p>Yhteis\u00f6ille voidaan my\u00f6nt\u00e4\u00e4 tukea vain sellaisiin hankkeisiin, joiden toimenpiteet ovat muuta kuin hakijan perustoimintaa.<\/p>\r\n<p>Hankkeiden tulosten on oltava yleisesti hy\u00f6dynnett\u00e4viss\u00e4. Hankkeiden tuottamien hy\u00f6tyjen on siis kohdennuttava suuremmalle joukolle kuin yksitt\u00e4iselle kiinteist\u00f6lle, yritykselle tai yksityishenkil\u00f6lle.<\/p>\r\n<p>Yleishy\u00f6dyllisen hankkeen hakijana voi olla esimerkiksi:<strong>\u00a0<\/strong><\/p>\r\n<ul>\r\n<li>rekister\u00f6ity yhdistys<\/li>\r\n<li>yhteis\u00f6, j\u00e4rjest\u00f6 tai s\u00e4\u00e4ti\u00f6<\/li>\r\n<li>oppilaitos<\/li>\r\n<li>seurakunta tai muu uskonnollinen yhdyskunta<\/li>\r\n<li>yritt\u00e4j\u00e4yhdistys tai -rengas<\/li>\r\n<li>kunta tai kuntayhtym\u00e4<\/li>\r\n<\/ul>\r\n<p>Yksityisoikeudelliset yhteis\u00f6t voivat olla tuensaajia, jos niiden p\u00e4\u00e4asiallinen tarkoitus ei ole taloudellinen toiminta tai voiton tavoittelu.<\/p>\r\n<p>Seuraavat hakujaksot:<\/p>\r\n<p>16.11.2025-31.1.2026<\/p>\r\n<p>1.2-30.3.2026<\/p>\r\n<p>1.4-30.6.2026<\/p>\r\n<p>1.9-31.10.2026<\/p>\r\n<p>1.11.2026-15.1.2027<\/p>\r\n<p><a href=\"https:\/\/sameboat.fi\/sv\/landsbygdsleader\/till-samfund\/projektexempel\" target=\"_self\"> Hanke-esimerkit <\/a><\/p>\r\n<h5>Mihin rahoitusta voi saada<\/h5>\r\n<p>Ensisijaisesti tukea my\u00f6nnet\u00e4\u00e4n niihin yleisy\u00f6dyllisiin hankkeisiin, jotka tehokkaimmin edist\u00e4v\u00e4t I samma b\u00e5t &#8211; samassa veneess\u00e4 oman paikallisen kehitt\u00e4misstrategian tavoitteita. Yleishy\u00f6dylliset hankkeet voivat olla:<\/p>\r\n<ul>\r\n<li>kehitt\u00e4mishankkeita<\/li>\r\n<li>investointihankkeita<\/li>\r\n<li>koulutus- ja tiedonv\u00e4lityshankkeita<\/li>\r\n<li>yhteisty\u00f6hankkeita<\/li>\r\n<\/ul>\r\n<p>Yhdistys voi rahoittaa hankkeita, joissa julkisen tuen m\u00e4\u00e4r\u00e4 on v\u00e4hint\u00e4\u00e4n 1 000 euroa ja enint\u00e4\u00e4n 180 000 euroa.\u00a0<\/p>\r\n<p>Hankkeen tukiprosentti arvioidaan tapauskohtaisesti ja sen p\u00e4\u00e4tt\u00e4\u00e4 aina I samma b\u00e5t &#8211; samassa veneess\u00e4 hallitus. I samma b\u00e5t-Samassa veness\u00e4 rf ry:n hallitus tekee eri hanketyypeille rahoituslinjaukset. Yleishy\u00f6dyllisten kehitt\u00e4mishankkeiden tukiprosentti on usein 70% ja yleishy\u00f6dyllisten investointien 65%.<\/p>\r\n<p>Hankkeen omarahoitusosuus voi koostua yksityisest\u00e4 rahasta tai vastikkeettomasta ty\u00f6st\u00e4 eli talkoista. Talkooty\u00f6n arvo on 20 \u20ac\/henk\/tunti. Edellytyksen\u00e4 on, ett\u00e4 talkooty\u00f6t\u00e4 tekev\u00e4 henkil\u00f6 on t\u00e4ytt\u00e4nyt 15 vuotta.<strong>\u00a0<\/strong> Talkooty\u00f6ss\u00e4 k\u00e4ytett\u00e4v\u00e4n ty\u00f6koneen (kuten traktorin) arvo on 40 \u20ac\/tunti. <strong>\u00a0<\/strong>Talkooty\u00f6 lasketaan hankkeessa sek\u00e4 yksityisrahaksi ett\u00e4 kustannukseksi.<\/p>\r\n<h3>Yleishy\u00f6dylliset kehitt\u00e4mishankkeet<\/h3>\r\n<p>Kehitt\u00e4mishanketuen tuettava toiminta:<\/p>\r\n<p>1) koulutustoimenpiteisiin;<br \/>2) tiedonv\u00e4litystoimenpiteisiin;<br \/>3) yleishy\u00f6dyllisiin paikallisiin investointeihin pieninfrastruktuurien rakentamiseksi, parantamiseksi tai laajentamiseksi ja maaseudun toimintaymp\u00e4rist\u00f6\u00e4 kehitt\u00e4viin investointeihin;<br \/>4) tietoliikenne- ja vesihuoltoinvestointeihin; (vain ELY-keskuksen kautta)<br \/>5) yleishy\u00f6dyllisiin ymp\u00e4rist\u00f6- ja ilmastoinvestointeihin;<br \/>6) maa- ja mets\u00e4taloutta sek\u00e4 niiden arvoketjuja kehitt\u00e4vien maaseudun innovaatioryhmien suunnitelmien toteutukseen; (vain ELY-keskuksen kautta)<br \/>7) elinkeinorakennetta uudistaviin, maaseutuelinkeinojen kilpailukyky\u00e4 ja toimintaymp\u00e4rist\u00f6\u00e4 kehitt\u00e4viin ja yritt\u00e4jien yhteisty\u00f6t\u00e4 edist\u00e4viin yhteisty\u00f6hankkeisiin;<br \/>8) maaseudun sosioekonomista toimintaymp\u00e4rist\u00f6\u00e4 uudistaviin ja kehitt\u00e4viin yhteisty\u00f6hankkeisiin;<br \/>9) \u00e4lykk\u00e4iden kylien hankkeisiin; sek\u00e4<br \/>10) innovatiivisiin toimiin ilmastonmuutoksen hillitsemiseksi, siihen sopeutumiseksi tai ymp\u00e4rist\u00f6toimiin vesien, maaper\u00e4n, maiseman ja luonnon monimuotoisuuden suojelemiseksi.<\/p>\r\n<p>Kehitt\u00e4mishankkeen hyv\u00e4ksytt\u00e4vi\u00e4 kustannuksia ovat mm.<\/p>\r\n<p>1) henkil\u00f6st\u00f6kulut;<br \/>2) matkakustannukset;<br \/>3) ostopalveluiden hankintakustannukset;<br \/>4) vuokrakustannukset;<br \/>5) pienhankinnat ja kohtuulliset tarjoilukustannukset hankkeen kokous-, koulutus- ja tiedotustilaisuuksissa;<br \/>6) tarpeelliset ja kohtuulliset kustannukset, jotka liittyv\u00e4t kansainv\u00e4liseen yhteisty\u00f6h\u00f6n ja aiheutuvat ulkopuolisten asiantuntijoiden kutsumisesta suomalaisen osapuolen j\u00e4rjest\u00e4miin tilaisuuksiin sek\u00e4 kustannukset, jotka liittyv\u00e4t hankkeeseen sis\u00e4ltyv\u00e4n kansainv\u00e4lisen yhteisty\u00f6n koordinointiin muussa valtiossa toimivan yhteisty\u00f6kumppanin kanssa;<br \/>7) pilottihankkeissa tarvittavien v\u00e4lineiden ja laitteiden poistot silt\u00e4 osin ja silt\u00e4 ajalta kuin niit\u00e4 k\u00e4ytet\u00e4\u00e4n hankkeessa; ja<br \/>8) muut kuin 1-7 kohdassa tarkoitetut kehitt\u00e4mishankkeen toteuttamisesta aiheutuvat tarpeelliset ja kohtuulliset kustannukset.<\/p>\r\n<h3>Yleishy\u00f6dylliset investointihankkeet<\/h3>\r\n<p>Yleishy\u00f6dyllisen investoinnin ehtona on, ett\u00e4 siit\u00e4 saatava hy\u00f6ty ohjautuu alueen asukkaille ja muille toimijoille. Lis\u00e4ksi kohteen tulee p\u00e4\u00e4s\u00e4\u00e4nt\u00f6isesti olla alueen asukkaiden ja toimijoiden k\u00e4ytett\u00e4viss\u00e4.<strong>\u00a0<\/strong><\/p>\r\n<p>Jos investoinnin kohde ei ole hakijan hallinnassa tai omistuksessa, tarvitaan alueen omistajalta (ja tarvittaessa haltijalta) suostumus investoinnin toteuttamiseen sek\u00e4 siihen, ett\u00e4 tuettu kohde on alueen asukkaiden ja toimijoiden k\u00e4ytett\u00e4viss\u00e4. K\u00e4ytt\u00f6oikeuden s\u00e4ilyminen on varmistettava asianmukaisesti, esimerkiksi kirjaamalla vuokrasopimus Maanmittauslaitoksessa.<\/p>\r\n<p>Tukea voidaan my\u00f6nt\u00e4\u00e4:<strong>\u00a0<\/strong><\/p>\r\n<p>1) rakennuksen hankkimisesta ja rakennuksen, rakennelman tai rakenteen rakentamisessa, korjaamisessa tai laajentamisessa tarvittavien aineiden ja tarvikkeiden hankkimisesta, rakennuksiin tai rakenteisiin kiinte\u00e4sti liittyvien laitteiden hankkimisesta, suunnittelusta, ty\u00f6palkoista ja urakoinnista, mukaan lukien rakentamiskohteessa tarvittavista s\u00e4hk\u00f6-, l\u00e4mp\u00f6-, vesi- ja viem\u00e4ri- sek\u00e4 tietoliikenneliittymist\u00e4 aiheutuvat kustannukset osana tuettavaa toimenpidett\u00e4;<br \/>2) rakennuksen hankinnan yhteydess\u00e4 maapohjan hankkimisesta silt\u00e4 osin kuin maan osuus ei ylit\u00e4 kymment\u00e4 prosenttia koko kiinteist\u00f6n hankinnan tukikelpoisista kustannuksista;<br \/>3) sellaisten kiinteist\u00f6osakeyhti\u00f6n osakkeiden hankinnasta, jotka oikeuttavat hallitsemaan kehitt\u00e4mistukilain mukaan tukikelpoisessa kehitt\u00e4mishanketoiminnassa k\u00e4ytett\u00e4v\u00e4\u00e4 toimitilaa;<br \/>4) koneiden, kaluston, laitteiden ja v\u00e4lineiden hankinnasta sek\u00e4 hankinnoissa tarvittavista s\u00e4hk\u00f6-, l\u00e4mp\u00f6-, vesi- ja viem\u00e4ri- sek\u00e4 tietoliikenneliittymist\u00e4 aiheutuvat kustannukset osana tuettavaa toimenpidett\u00e4;<br \/>5) pienimuotoisen, paikallisen vesihuoltotoimenpiteen suunnittelusta ja toteuttamisesta vesihuollon tukemisesta annetun lain (686\/2004) 7 \u00a7:n mukaisesti;\u00a0<br \/>6) tietoliikenneverkon ja vastaavan verkon suunnittelusta ja rakentamisesta ja laitehankinnoista sek\u00e4 verkon rakentamiseksi ja k\u00e4ytt\u00e4miseksi v\u00e4ltt\u00e4m\u00e4tt\u00f6mien k\u00e4ytt\u00f6oikeuksien hankinnasta;\u00a0<br \/>7) viranomaisluvista, rekister\u00f6intimaksuista ja muista vastaavista kuluista;<br \/>8) vakuutusmaksuista, jotka kohdistuvat hankkeen toteutusaikaan.<br \/>Tukea voidaan lis\u00e4ksi my\u00f6nt\u00e4\u00e4 kiinte\u00e4n omaisuuden, koneiden ja laitteiden hankinnan yleiskuluihin, kiinte\u00e4n omaisuuden rakentamisen ja kunnostamisen yleiskuluihin sek\u00e4 tietokoneohjelmistojen, pilvipalvelujen tai vastaavien ratkaisujen hankkimisesta tai kehitt\u00e4misest\u00e4 ja patenttien, k\u00e4ytt\u00f6lupien, tekij\u00e4noikeuksien sek\u00e4 tavaramerkkien hankkimisesta aiheutuviin kustannuksiin. Tukea voidaan my\u00f6nt\u00e4\u00e4 ensisijaisesti uusien\u00a0koneiden, kaluston, laitteiden ja v\u00e4lineiden hankinnasta aiheutuviin kustannuksiin.<\/p>\r\n<p>Tukikelpoiseksi voidaan kuitenkin hyv\u00e4ksy\u00e4 hankintameno, joka koskee sellaista k\u00e4ytettyn\u00e4 ostettavaa konetta, laitetta, v\u00e4linett\u00e4 tai kalustoa:<br \/>1) jota ei ole tarkoituksenmukaista hankkia uutena tai korvaavaa palvelua ei ole kohtuullisin kustannuksin paikkakunnalla saatavana;<br \/>2) joka soveltuu teknisilt\u00e4 ominaisuuksiltaan suunniteltuun k\u00e4ytt\u00f6\u00f6n tai se voidaan muuttaa aiottuun k\u00e4ytt\u00f6tarkoitukseen sopivaksi;<br \/>3) jonka hankkiminen parantaa investoinnin kokonaistaloudellisuutta, kun otetaan huomioon hankinnan hinta, k\u00e4ytt\u00f6ik\u00e4 ja k\u00e4yt\u00f6naikaiset kustannukset;<br \/>4) joka on hankintahinnaltaan edullisempi kuin uusi; ja<br \/>5) jonka k\u00e4ytt\u00f6ik\u00e4\u00e4 on j\u00e4ljell\u00e4 v\u00e4hint\u00e4\u00e4n viisi vuotta. K\u00e4ytetyn koneen, kaluston, laitteen tai v\u00e4lineen hankkiminen hyv\u00e4ksyt\u00e4\u00e4n tukip\u00e4\u00e4t\u00f6ksell\u00e4.<\/p>\r\n<p>Rakentamisinvestoinnin hankesuunnitelmaan on liitett\u00e4v\u00e4 lis\u00e4ksi seuraavat riitt\u00e4v\u00e4n yksityiskohtaiset asiakirjat:<\/p>\r\n<ol>\r\n<li>P\u00e4\u00e4piirustukset<\/li>\r\n<li>Erikoissuunnitelmat, joilla on merkityst\u00e4 hyv\u00e4ksytt\u00e4vien kustannusten arvioinnissa (esim. LVISA, l\u00e4mmitys, vesijohto, viem\u00e4r\u00f6inti, ilmanvaihto, automaatio-suunnitelmat)<\/li>\r\n<li>Rakennusselostus<\/li>\r\n<li>Rakennusselostukseen perustuva kustannusarvio- tai laskelma (suositus: Talo 2000 -nimikkeist\u00f6n mukainen jaottelu)<\/li>\r\n<\/ol>\r\n<p>Vaikka hankkeesi ei edellytt\u00e4isik\u00e4\u00e4n lupamenettely\u00e4, piirustukset, rakennusselostus ja eritelty kustannusarvio tarvitaan aina hanketukihakemukseen. Suunnittelukustannukset ovat hyv\u00e4ksytt\u00e4vi\u00e4 ja tukikelpoisia kustannuksia my\u00f6s ennen hankkeen vireilletuloa.<\/p>\r\n<p><b>Investointituen my\u00f6nt\u00e4misen edellytyksen\u00e4 on, ett\u00e4 tukihakemuksesi on tullut vireille ennen tuettavan toimenpiteen aloittamista.<\/b><\/p>\r\n<p>Investoinnin aloittamiseksi katsotaan:<\/p>\r\n<ol>\r\n<li>Rakennust\u00f6iden alkaminen<\/li>\r\n<li>Hankinnan toimitus<\/li>\r\n<li>Hankinnan maksaminen<\/li>\r\n<li>muun sitoumuksen tekeminen, joka tekee investoinnista peruuttamattoman<\/li>\r\n<\/ol>\r\n<h3>Pienhankkeet<\/h3>\r\n<p>Pienhankkeita voi my\u00f6nt\u00e4\u00e4 yleishy\u00f6dyllisille kehitt\u00e4mishankkeille sek\u00e4 investoinneille. Pienin my\u00f6nnett\u00e4v\u00e4 tuen m\u00e4\u00e4r\u00e4 on 1 000 euroa ja hankkeen kokonaiskustannus enint\u00e4\u00e4n 8000 euroa. Tuki pienhankkeelle maksetaan tuotosperusteisesti kertakorvauksena.<\/p>\r\n<h3>Yleishy\u00f6dylliset koulutus- ja tiedonv\u00e4lityshankkeet<\/h3>\r\n<p>Tiedonv\u00e4lityst\u00e4 voidaan tukea, jos se edist\u00e4\u00e4 yhden tai useamman j\u00e4senvaltioiden yhteisen maatalouspolitiikan nojalla laadittavien, Euroopan maatalouden tukirahastosta (maataloustukirahasto) ja Euroopan maaseudun kehitt\u00e4misen maatalousrahastosta (maaseuturahasto) rahoitettavien strategiasuunnitelmien (YMP:n strategiasuunnitelmat) tukea koskevista s\u00e4\u00e4nn\u00f6ist\u00e4 sek\u00e4 asetusten (EU) N:o 1305\/2013 ja (EU) N:o 1307\/2013 kumoamisesta annetun Euroopan parlamentin<br \/>ja neuvoston asetuksen (EU) 2021\/2115 6 artiklan 1 ja 2 kohdassa s\u00e4\u00e4detyn erityistavoitteen toteutumista. Tiedonv\u00e4lityksell\u00e4 tulee edist\u00e4\u00e4 innovaatioita, suunnitelmien ja selvitysten laatimista ja p\u00e4ivitt\u00e4mist\u00e4 sek\u00e4 tietojen vaihtoa ja levitt\u00e4mist\u00e4. Tiedonv\u00e4lityksen tulee kohdistua laajalle kohderyhm\u00e4lle.<br \/>Koulutusta voidaan tukea, jos se edist\u00e4\u00e4 yhden tai useamman 1 momentissa tarkoitetun erityistavoitteen saavuttamista.<\/p>\r\n<p>Osaamista voidaan kehitt\u00e4\u00e4 toteuttamalla verkkokoulutuksia, ty\u00f6pajoja, vertaisoppimista, valmennuksia, esittelytoimia sek\u00e4 tila- ja yritysvierailuja tai muilla<br \/>vastaavilla toimenpiteill\u00e4 hankkeissa. Pilottihankkeena voidaan tukea kokeiluja, joissa testataan tuotteen, palvelun tai menetelm\u00e4n toteutuskelpoisuutta.<br \/>Tukea voidaan my\u00f6nt\u00e4\u00e4 sellaiseen koulutukseen, joka t\u00e4ydent\u00e4\u00e4 k\u00e4yt\u00e4nn\u00f6n kokemusta ja s\u00e4\u00e4nn\u00f6nmukaista oppivelvollisuuteen perustuvaa koulutusta, keskiasteen tutkintoa taikka yliopisto- tai korkeakoulututkintoa kuulumatta osana perus- tai jatkokoulutustutkintoon. Tuen my\u00f6nt\u00e4misen edellytyksen\u00e4 on, ett\u00e4 tuen saajalla tai, jos koulutustoimenpiteen toteuttaa muu kuin tuen saaja, toteuttajalla on koulutustoimenpiteen laatuun ja laajuuteen n\u00e4hden ammattitaitoinen kouluttaja ja tiedonv\u00e4lityst\u00e4 koskevassa toimenpiteess\u00e4 sen sis\u00e4lt\u00f6\u00f6n ja vaativuuteen<br \/>n\u00e4hden ammattitaitoinen toteuttaja.<\/p>\r\n<p>Koulutus- tai tiedonv\u00e4lityspalveluja tarjoavilla yksik\u00f6ill\u00e4 tulee olla tarvittava p\u00e4tevyys ja asianmukaiset valmiudet. Koulutus- tai tiedonv\u00e4lityspalveluja tarjoavan organisaation tulee varmistua henkil\u00f6st\u00f6ns\u00e4 p\u00e4tevyydest\u00e4. Henkil\u00f6st\u00f6lle on tarjottava s\u00e4\u00e4nn\u00f6llisesti teht\u00e4vien hoitamisen edellytt\u00e4m\u00e4\u00e4 koulutusta. Tuensaajien on tarvittaessa voitava osoittaa, ett\u00e4 hankkeessa ty\u00f6skentelevill\u00e4 on hankkeen toteuttamisen kannalta tarvittava koulutus tai osaaminen.<\/p>\r\n<h3>Yleishy\u00f6dylliset yhteisty\u00f6hankkeet<\/h3>\r\n<p>Yhteisty\u00f6hanke on v\u00e4hint\u00e4\u00e4n kahden yhteis\u00f6n aitoa yhteisty\u00f6t\u00e4. Hankkeessa voi olla mukana esimerkiksi yrityksi\u00e4, oppilaitoksia, tutkimuslaitoksia ja kehitt\u00e4misorganisaatioita. Hankkeessa voidaan esimerkiksi luoda ja ottaa k\u00e4ytt\u00f6\u00f6n uusia toimintatapoja tai kehitt\u00e4\u00e4 innovaatioita maaseutuelinkeinojen edist\u00e4miseksi. Tuki my\u00f6nnet\u00e4\u00e4n vastuulliselle toimijalle. Alihankintaa ei katsota yhteisty\u00f6ksi.<\/p>\r\n<p>Yhteisty\u00f6hankkeita my\u00f6nnet\u00e4\u00e4n:<\/p>\r\n<ul>\r\n<li>elinkeinorakennetta uudistaviin, maaseutuelinkeinojen kilpailukyky\u00e4 ja toimintaymp\u00e4rist\u00f6\u00e4 kehitt\u00e4viin ja yritt\u00e4jien yhteisty\u00f6t\u00e4 edist\u00e4viin yhteisty\u00f6hankkeisiin<\/li>\r\n<li>maaseudun sosioekonomista toimintaymp\u00e4rist\u00f6\u00e4 uudistaviin ja kehitt\u00e4viin yhteisty\u00f6hankkeisiin<\/li>\r\n<li>\u00e4lykk\u00e4iden kylien hankkeisiin<\/li>\r\n<\/ul>\r\n<h3>Valmisteluraha<\/h3>\r\n<p>Valmistelurahaa voidaan my\u00f6nt\u00e4\u00e4 tulevan toiminnan kannalta merkitt\u00e4v\u00e4\u00e4n ja v\u00e4ltt\u00e4m\u00e4tt\u00f6m\u00e4\u00e4n yritys- tai viljelij\u00e4ryhm\u00e4hankkeen perustamisen sek\u00e4 maaseudun innovaatioryhmien hankkeiden, \u00e4lykk\u00e4iden kylien hankkeiden ja tuottajaorganisaatioiden edist\u00e4misen hankkeiden yhteisty\u00f6kumppaneiden etsimiseen ja hankesuunnitelman valmisteluun vakioituna kertakorvauksena 5 000 euroa. Valmistelurahan my\u00f6nt\u00e4misen edellytyksen\u00e4 on suunnitelma hakea tukea kehitt\u00e4mishankkeeseen. Valmisteluraha voidaan my\u00f6nt\u00e4\u00e4 yhden kerran samaan kehitt\u00e4miskohteeseen.<\/p>\r\n<h5>Miten rahoitusta haetaan<\/h5>\r\n<p>Ota aina ensin yhteytt\u00e4 Leader-toimistoon, niin k\u00e4ymme l\u00e4pi hakemuskohtaisesti hakemukseen liittyv\u00e4t asiat.<\/p>\r\n<p>Rahoitusta haetaan s\u00e4hk\u00f6isen hakuj\u00e4rjestelm\u00e4n\u00a0<strong>Hyrr\u00e4n<\/strong>\u00a0kautta.<\/p>\r\n<p>Hyrr\u00e4\u00e4n kirjaudutaan pankkitunnuksilla, mobiilivarmenteella tai sirullisella henkil\u00f6kortilla (HST-kortti). Organisaation tulee hakea nimenkirjoitusoikeuden omaavalle henkil\u00f6lle suomi.fi -oikeudet ennen Hyrr\u00e4\u00e4n kirjautumista. Ohjeet l\u00f6ytyv\u00e4t t\u00e4\u00e4lt\u00e4 <a href=\"https:\/\/www.suomi.fi\/valtuudet\" target=\"_blank\" rel=\"noopener\">Valtuuttaminen asioiden hoitamiseen<\/a><\/p>\r\n<p>Tukihakemus on j\u00e4tett\u00e4v\u00e4 sis\u00e4\u00e4n ennen kuin toimenpide aloitetaan. Kun tukihakemus on tullut vireille, hanke voidaan k\u00e4ynnist\u00e4\u00e4 hakijan omalla vastuulla. Kun tukihakemus j\u00e4tet\u00e4\u00e4n sis\u00e4\u00e4n, sen on t\u00e4ytett\u00e4v\u00e4 tietyt minimivaatimukset, jotta se tulee vireille. Saat aina ilmoituksen hakemuksen vireille tulosta, tai jos hakemus on puutteellinen, kehotuksen t\u00e4ydent\u00e4\u00e4 sit\u00e4. Hakemuksen k\u00e4sittely\u00e4 varten tarvitaan my\u00f6s liitteit\u00e4, joita voi t\u00e4ydent\u00e4\u00e4 my\u00f6hemmin hakemukseen.<\/p>\r\n<h3>Muistilista tarvittavista liitteist\u00e4<strong>\u00a0<\/strong><\/h3>\r\n<ul>\r\n<li>Hakijan taloustiedot<\/li>\r\n<li>Hakijan verotustiedot (esim. kuvakaappaus YTJ-rekisteriotteesta jossa n\u00e4kyy hakijan verorekisterimerkinn\u00e4t)<\/li>\r\n<li>Yhdistyksen s\u00e4\u00e4nn\u00f6t tai muu hallintos\u00e4\u00e4nt\u00f6<\/li>\r\n<li>Talkooty\u00f6suunnitelma<\/li>\r\n<li>Hakijan p\u00e4\u00e4t\u00f6s hakea hanketta (esim. ote hallituksen kokouksen p\u00f6yt\u00e4kirjasta)<\/li>\r\n<li>Muita hakemusta ja sen suunnitelmia tukevia liitteit\u00e4<\/li>\r\n<\/ul>\r\n<p>Rakentamishankkeisiin on lis\u00e4ksi liitett\u00e4v\u00e4 seuraavat riitt\u00e4v\u00e4n yksityiskohtaiset asiakirjat:<\/p>\r\n<ul>\r\n<li>P\u00e4\u00e4piirustukset<\/li>\r\n<li>Erikoissuunnitelmat, joilla on merkityst\u00e4 hyv\u00e4ksytt\u00e4vien kustannusten arvioinnissa (esim. LVISA, l\u00e4mmitys, vesijohto, viem\u00e4r\u00f6inti, ilmanvaihto, automaatiosuunnitelmat)<\/li>\r\n<li>Rakennusselostus<\/li>\r\n<li>Rakennusselostukseen perustuva kustannusarvio- tai laskelma (suositus: Talo 2000 -nimikkeist\u00f6n mukainen jaottelu)<\/li>\r\n<\/ul>\r\n<p>Vaikka hanke ei edellytt\u00e4isik\u00e4\u00e4n lupamenettely\u00e4, piirustukset, rakennusselostus ja eritelty kustannusarvio tarvitaan aina hanketukihakemukseen.<\/p>\r\n<h5>Miten maksua haetaan<\/h5>\r\n<p>Maksuhakemukset j\u00e4tet\u00e4\u00e4n ELY-keskuksen k\u00e4sittelyyn Hyrr\u00e4-verkkopalvelun kautta.<\/p>\r\n<p>Ruokaviraston sivulla on tarkempi ohjeistus maksuhakemuksen t\u00e4ytt\u00e4misest\u00e4:<\/p>\r\n<p><a href=\"https:\/\/www.ruokavirasto.fi\/tuet\/asiointi\/hyrra\/nain-taytat-maksuhakemuksen\/\" target=\"_blank\" rel=\"noopener\">Maksuhakemuksen tekeminen<\/a><\/p>\r\n<p>I samma b\u00e5t &#8211; samassa veneess\u00e4 ty\u00f6ntekij\u00e4t antavat my\u00f6s neuvoja hakemuksesi t\u00e4ytt\u00e4misess\u00e4 ja tietoa tarvittavista liitteist\u00e4.\u00a0<\/p>\r\n<h5>Hankkeen kustannusmallit ja niiden vaikutus maksuhakemukseen<\/h5>\r\n<p>Hankkeen kustannusmalliksi on jo hakemusvaiheessa valittu jokin seuraavista:<\/p>\r\n<ol>\r\n<li>Todelliset hyv\u00e4ksytt\u00e4v\u00e4t kustannukset<\/li>\r\n<li>Laskennalliset kustannukset eli Flat rate: 19%\/40%<\/li>\r\n<li>Kertakorvaus<\/li>\r\n<\/ol>\r\n<p>Todennettuihin kustannuksiin perustuva kustannusmalli tarkoittaa sit\u00e4, ett\u00e4 kaikki hankkeen kustannukset esitet\u00e4\u00e4n maksuhakemuksessa kirjanpidon tosittein. Flat rate -mallissa hankkeen yleiskulujen osuus lasketaan prosenttim\u00e4\u00e4r\u00e4isen\u00e4 hankkeen palkkakustannuksista. Kertakorvausmenettelyss\u00e4 maksu haetaan yksinomaan hankkeen toteutumisen perusteella. Hankkeelle parhaiten sopiva kustannusmalli valitaan aina yhdess\u00e4 I samma b\u00e5t &#8211; samassa veneess\u00e4 ty\u00f6ntekij\u00f6iden kanssa, jolloin n\u00e4m\u00e4 vaihtoehdot k\u00e4yd\u00e4\u00e4n l\u00e4pi tarkemmin.<\/p>\r\n<p>&nbsp;<\/p>\r\n<h5>Hankkeesta tiedottaminen<\/h5>\r\n<h5>OHJELMAKAUSI 2023-2027:<\/h5>\r\n<p><a href=\"https:\/\/maaseutu.fi\/kun-olet-saanut-rahoitusta\/viestintaohjeet\/\" target=\"_blank\" rel=\"noopener\">Viestint\u00e4ohjeet<\/a><\/p>\r\n","protected":false},"excerpt":{"rendered":"<p>Yhteis\u00f6ille Yhteis\u00f6ille voidaan my\u00f6nt\u00e4\u00e4 tukea vain sellaisiin hankkeisiin, joiden toimenpiteet ovat muuta kuin hakijan perustoimintaa. Hankkeiden tulosten on oltava yleisesti hy\u00f6dynnett\u00e4viss\u00e4. Hankkeiden tuottamien hy\u00f6tyjen on siis kohdennuttava suuremmalle joukolle kuin yksitt\u00e4iselle kiinteist\u00f6lle, yritykselle tai yksityishenkil\u00f6lle. Yleishy\u00f6dyllisen hankkeen hakijana voi olla esimerkiksi:\u00a0 rekister\u00f6ity yhdistys yhteis\u00f6, j\u00e4rjest\u00f6 tai s\u00e4\u00e4ti\u00f6 oppilaitos seurakunta tai muu uskonnollinen yhdyskunta yritt\u00e4j\u00e4yhdistys tai [&hellip;]<\/p>\n","protected":false},"author":1,"featured_media":0,"parent":5890,"menu_order":0,"comment_status":"closed","ping_status":"closed","template":"","meta":{"footnotes":""},"class_list":["post-5761","page","type-page","status-publish","hentry"],"_links":{"self":[{"href":"https:\/\/sameboat.fi\/sv\/wp-json\/wp\/v2\/pages\/5761","targetHints":{"allow":["GET"]}}],"collection":[{"href":"https:\/\/sameboat.fi\/sv\/wp-json\/wp\/v2\/pages"}],"about":[{"href":"https:\/\/sameboat.fi\/sv\/wp-json\/wp\/v2\/types\/page"}],"author":[{"embeddable":true,"href":"https:\/\/sameboat.fi\/sv\/wp-json\/wp\/v2\/users\/1"}],"replies":[{"embeddable":true,"href":"https:\/\/sameboat.fi\/sv\/wp-json\/wp\/v2\/comments?post=5761"}],"version-history":[{"count":14,"href":"https:\/\/sameboat.fi\/sv\/wp-json\/wp\/v2\/pages\/5761\/revisions"}],"predecessor-version":[{"id":10277,"href":"https:\/\/sameboat.fi\/sv\/wp-json\/wp\/v2\/pages\/5761\/revisions\/10277"}],"up":[{"embeddable":true,"href":"https:\/\/sameboat.fi\/sv\/wp-json\/wp\/v2\/pages\/5890"}],"wp:attachment":[{"href":"https:\/\/sameboat.fi\/sv\/wp-json\/wp\/v2\/media?parent=5761"}],"curies":[{"name":"wp","href":"https:\/\/api.w.org\/{rel}","templated":true}]}}