{"id":5760,"date":"2021-10-14T14:10:59","date_gmt":"2021-10-14T11:10:59","guid":{"rendered":"https:\/\/sameboat.fi\/strategi"},"modified":"2026-03-19T10:30:56","modified_gmt":"2026-03-19T08:30:56","slug":"strategi","status":"publish","type":"page","link":"https:\/\/sameboat.fi\/sv\/landsbygdsleader\/strategi","title":{"rendered":"Strategi"},"content":{"rendered":"<!-- VideographyWP Plugin Message: Automatic video embedding prevented by plugin options. -->\n\n<h1>\n\t\tStrategi\n\t<\/h1>\n\t<p>Under nya programperioden 2023-2027 finansieras projekt enligt strategin <a href=\"https:\/\/sameboat.fi\/content\/uploads\/2023\/02\/strategi-2023-2027-slutlig-swe.pdf\">I MEDVIND &#8211; Livskraft och livskvalitet i sk\u00e4rg\u00e5rden<\/a>\u00a0Strategins tyngdpunktsomr\u00e5den \u00e4r:<\/p>\n<ol>\n<li>Livskraftiga och smarta byar<\/li>\n<li>Turismens m\u00e5ngsidiga och h\u00e5llbara l\u00f6sningar<\/li>\n<li>Uppskattad och h\u00e5llbart producerad n\u00e4rmat<\/li>\n<li>H\u00e5llbar och klimatsmart sk\u00e4rg\u00e5rd<\/li>\n<\/ol>\n\t\t\t\t<img loading=\"lazy\" decoding=\"async\" src=\"https:\/\/sameboat.fi\/content\/uploads\/2021\/11\/hyrra_logo-2.jpg\" alt=\"hyrra_logo\" itemprop=\"image\" height=\"780\" width=\"1461\" title=\"hyrra_logo\" onerror=\"this.style.display='none'\"  \/>\n\t\t\t<a href=\"https:\/\/www.ruokavirasto.fi\/sv\/stod\/tjanster\/hyrra\/\" target=\"_self\" rel=\"noopener\">\n\t\t\t\t\t\t\tBekanta dig med st\u00f6d ans\u00f6kan genom Hyrr\u00e4\n\t\t\t\t\t<\/a>\n\t\t\t\t\t\t<h5>Projektens urvalskriterier<\/h5>\n\t\t\t<p>F\u00f6reningens styrelse utv\u00e4rderar hur urvalkriterierna uppfylls.\u00a0 Utv\u00e4rderingen sker i huvudsak utg\u00e5ende fr\u00e5n projektplanen och andra projektdokument.<\/p>\n<p>F\u00f6r att kunna behandlas m\u00e5ste projektet fylla fyra obligatoriska valbarhetskriterier. De projekt som fyller valbarhetskriterierna po\u00e4ngs\u00e4tts d\u00e4rut\u00f6ver enligt bed\u00f6mningskriterierna. Ifall strategins totala finansieringsram eller \u00e5rliga finansieringsram inte m\u00f6jligg\u00f6r finansiering av alla finansierbara projekt, l\u00e4ggs projekten i rangordning enligt po\u00e4ngantal. De projekt som f\u00e5tt mest po\u00e4ng har f\u00f6rtur.<\/p>\n<p><a href=\"https:\/\/sameboat.fi\/content\/uploads\/2024\/07\/URVALSKRITERIER-UTVECKLINGSPROJEKT-2024-2027.pdf\">URVALSKRITERIER UTVECKLINGSPROJEKT 2024-2027<\/a><\/p>\n<p><a href=\"https:\/\/sameboat.fi\/content\/uploads\/2024\/07\/URVALSKRITERIER-FORETAGSSTOD-2024-2027.pdf\">URVALSKRITERIER F\u00d6RETAGSST\u00d6D 2024-2027<\/a><\/p>\n\t\t\t\t\t\t<h5>Projektens finansieringsprinciper<\/h5>\n\t\t\t<p>Finansieringsprinciperna kompletterar valkriterierna i strategin. I valkriterierna behandlas projektets egenskaper och i finansieringsprinciperna de belopp och procenter som blir till\u00e4mpliga d\u00e5 st\u00f6d f\u00f6rordas. Dessa finansieringsprinciper str\u00e4var efter att sammanj\u00e4mka finansieringsbehoven, finansieringsplanen i strategin, \u00f6verenskommelsen mellan Leader-grupper och Egentliga Finlands Ely-central, samt maximibeloppen i lagstiftningen.<\/p>\n<p><a href=\"https:\/\/sameboat.fi\/content\/uploads\/2023\/08\/styrelsens-finansieringsprinciper-25.4.2023.pdf\">Styrelsens finansieringsprinciper 25.4.2023<\/a><\/p>\n\n","protected":false},"excerpt":{"rendered":"<p>Strategi Under nya programperioden 2023-2027 finansieras projekt enligt strategin I MEDVIND &#8211; Livskraft och livskvalitet i sk\u00e4rg\u00e5rden\u00a0Strategins tyngdpunktsomr\u00e5den \u00e4r: Livskraftiga och smarta byar Turismens m\u00e5ngsidiga och h\u00e5llbara l\u00f6sningar Uppskattad och h\u00e5llbart producerad n\u00e4rmat H\u00e5llbar och klimatsmart sk\u00e4rg\u00e5rd Bekanta dig med st\u00f6d ans\u00f6kan genom Hyrr\u00e4 Projektens urvalskriterier F\u00f6reningens styrelse utv\u00e4rderar hur urvalkriterierna uppfylls.\u00a0 Utv\u00e4rderingen sker i [&hellip;]<\/p>\n","protected":false},"author":1,"featured_media":0,"parent":5890,"menu_order":0,"comment_status":"closed","ping_status":"closed","template":"","meta":{"footnotes":""},"class_list":["post-5760","page","type-page","status-publish","hentry"],"_links":{"self":[{"href":"https:\/\/sameboat.fi\/sv\/wp-json\/wp\/v2\/pages\/5760","targetHints":{"allow":["GET"]}}],"collection":[{"href":"https:\/\/sameboat.fi\/sv\/wp-json\/wp\/v2\/pages"}],"about":[{"href":"https:\/\/sameboat.fi\/sv\/wp-json\/wp\/v2\/types\/page"}],"author":[{"embeddable":true,"href":"https:\/\/sameboat.fi\/sv\/wp-json\/wp\/v2\/users\/1"}],"replies":[{"embeddable":true,"href":"https:\/\/sameboat.fi\/sv\/wp-json\/wp\/v2\/comments?post=5760"}],"version-history":[{"count":10,"href":"https:\/\/sameboat.fi\/sv\/wp-json\/wp\/v2\/pages\/5760\/revisions"}],"predecessor-version":[{"id":8422,"href":"https:\/\/sameboat.fi\/sv\/wp-json\/wp\/v2\/pages\/5760\/revisions\/8422"}],"up":[{"embeddable":true,"href":"https:\/\/sameboat.fi\/sv\/wp-json\/wp\/v2\/pages\/5890"}],"wp:attachment":[{"href":"https:\/\/sameboat.fi\/sv\/wp-json\/wp\/v2\/media?parent=5760"}],"curies":[{"name":"wp","href":"https:\/\/api.w.org\/{rel}","templated":true}]}}