{"id":5755,"date":"2021-10-15T11:52:17","date_gmt":"2021-10-15T08:52:17","guid":{"rendered":"https:\/\/sameboat.fi\/projekt"},"modified":"2026-04-17T11:55:49","modified_gmt":"2026-04-17T08:55:49","slug":"projekt","status":"publish","type":"page","link":"https:\/\/sameboat.fi\/sv\/ungdomsleader\/projekt","title":{"rendered":"Projekt"},"content":{"rendered":"<!-- VideographyWP Plugin Message: Automatic video embedding prevented by plugin options. -->\n\n<h2>\n\t\t\tHankkeet\t<\/h2>\n\t<strong>ISB Nuorisoleaderin\u00a0<\/strong>kautta tuetaan rahallisesti nuorten omia ideoita, joita he my\u00f6s itse toteuttavat.<br \/>\nTukea voidaan my\u00f6nt\u00e4\u00e4 100-500 euroa ja tukiosuus on 100% kustannuksista.<br \/>\nJos kustannusarvio on yli 500 euro, tarvitaan my\u00f6s muuta rahoitusta.\n<p>Kaikki toteutuneet hankkeet l\u00f6yd\u00e4t etusivun <a href=\"https:\/\/sameboat.fi\/#hankartta\">kartalta.<\/a><\/p>\n<figure itemscope itemtype=\"https:\/\/schema.org\/ImageObject\">\n\t\t\t\t<img decoding=\"async\" src=\"https:\/\/sameboat.fi\/content\/uploads\/2021\/10\/nuoriso-leader_vihrea_slogantunnus_rgb_highres.png\" alt=\"nuoriso-Leader_vihrea_SLOGANTUNNUS_RGB_highres\" height=\"1520\" width=\"2527\" title=\"nuoriso-Leader_vihrea_SLOGANTUNNUS_RGB_highres\" onerror=\"this.style.display='none'\" loading=\"lazy\" \/>\n\t<\/figure>\n\t\t\t\t\t\t<h2>2025<\/h2>\n\t\t\t<div class=\"fl-builder-content fl-builder-content-9338 fl-builder-template fl-builder-module-template fl-builder-global-templates-locked\" data-post-id=\"9338\"><div class=\"fl-module fl-module-blog-posts fl-node-bhd9xau72cne\" data-node=\"bhd9xau72cne\">\n\t<div class=\"fl-module-content fl-node-content\">\n\t\t<div class=\"uabb-module-content uabb-blog-posts uabb-blog-posts-grid uabb-post-grid-1 \">\n\t\t<div class=\"uabb-blog-posts-col-1 uabb-post-wrapper    uabb-blog-posts-grid-item-bhd9xau72cne \">\n\t\t\t\t<div class=\"uabb-blog-posts-shadow clearfix\">\n\n\t\t\t<div class=\"uabb-blog-post-inner-wrap uabb-thumbnail-position-top  uabb-empty-img\">\n\t\t\t<div class=\"uabb-blog-post-content\">\n\t<meta itemscope itemprop=\"mainEntityOfPage\" itemtype=\"https:\/\/schema.org\/WebPage\" itemid=\"https:\/\/sameboat.fi\/sv\/paraisten-seudun-koulun-oppilaskunta-hygieniapassikoulutus\" content=\"Paraisten seudun koulun oppilaskunta \/ Hygieniapassikoulutus\" \/><meta itemprop=\"datePublished\" content=\"2026-04-14\" \/><meta itemprop=\"dateModified\" content=\"2026-04-14\" \/><div itemprop=\"publisher\" itemscope itemtype=\"https:\/\/schema.org\/Organization\"><meta itemprop=\"name\" content=\"Sameboat\"><\/div><div itemscope itemprop=\"author\" itemtype=\"https:\/\/schema.org\/Person\"><meta itemprop=\"url\" content=\"https:\/\/sameboat.fi\/sv\/author\/michael\" \/><meta itemprop=\"name\" content=\"Michael Friman\" \/><\/div><div itemscope itemprop=\"image\" itemtype=\"https:\/\/schema.org\/ImageObject\"><meta itemprop=\"url\" content=\"https:\/\/sameboat.fi\/content\/uploads\/2026\/04\/Paraisten-seudun-koulun-oppilaskunta.jpg\" \/><meta itemprop=\"width\" content=\"480\" \/><meta itemprop=\"height\" content=\"360\" \/><\/div><div itemprop=\"interactionStatistic\" itemscope itemtype=\"https:\/\/schema.org\/InteractionCounter\"><meta itemprop=\"interactionType\" content=\"https:\/\/schema.org\/CommentAction\" \/><meta itemprop=\"userInteractionCount\" content=\"0\" \/><\/div>\n\t\t\t\t\n<div class=\"nuoriarticle-container\">\n    <div class=\"nuoriarticle-video\">\n        <div class=\"uabb-post-thumbnail uabb-blog-post-section\">\n            \n        <\/div>\n    <\/div>\n    <div class=\"nuoriarticle-content\">\n        <h3 class=\"uabb-post-heading uabb-blog-post-section\"><\/h3>\n\n        <h5 style=\"display:none;\" class=\"uabb-post-meta uabb-blog-post-section\">\n            By <span class=\"uabb-posted-by\">  <\/span> | \n            <span class=\"uabb-meta-date\">  <\/span>\n        <\/h5>\n\n        <div class=\"uabb-blog-posts-description uabb-blog-post-section uabb-text-editor\">\n            \n        <\/div>\n\n        <p class=\"uabb-read-more-text\">\n            \n        <\/p>\n    <\/div>\n<\/div>\n\n<\/div>\n\t\t\t<\/div>\n\t\t<\/div>\n\t<\/div>\n\t\t\t<div class=\"uabb-blog-posts-col-1 uabb-post-wrapper    uabb-blog-posts-grid-item-bhd9xau72cne \">\n\t\t\t\t<div class=\"uabb-blog-posts-shadow clearfix\">\n\n\t\t\t<div class=\"uabb-blog-post-inner-wrap uabb-thumbnail-position-top  uabb-empty-img\">\n\t\t\t<div class=\"uabb-blog-post-content\">\n\t<meta itemscope itemprop=\"mainEntityOfPage\" itemtype=\"https:\/\/schema.org\/WebPage\" itemid=\"https:\/\/sameboat.fi\/sv\/nuorisotila-gluggen-graffiti-workshop\" content=\"Nuorisotila Gluggen \/ Graffiti Workshop\" \/><meta itemprop=\"datePublished\" content=\"2026-04-13\" \/><meta itemprop=\"dateModified\" content=\"2026-04-13\" \/><div itemprop=\"publisher\" itemscope itemtype=\"https:\/\/schema.org\/Organization\"><meta itemprop=\"name\" content=\"Sameboat\"><\/div><div itemscope itemprop=\"author\" itemtype=\"https:\/\/schema.org\/Person\"><meta itemprop=\"url\" content=\"https:\/\/sameboat.fi\/sv\/author\/michael\" \/><meta itemprop=\"name\" content=\"Michael Friman\" \/><\/div><div itemscope itemprop=\"image\" itemtype=\"https:\/\/schema.org\/ImageObject\"><meta itemprop=\"url\" content=\"https:\/\/sameboat.fi\/content\/uploads\/2026\/04\/Nuorisotila-Gluggen.jpg\" \/><meta itemprop=\"width\" content=\"480\" \/><meta itemprop=\"height\" content=\"360\" \/><\/div><div itemprop=\"interactionStatistic\" itemscope itemtype=\"https:\/\/schema.org\/InteractionCounter\"><meta itemprop=\"interactionType\" content=\"https:\/\/schema.org\/CommentAction\" \/><meta itemprop=\"userInteractionCount\" content=\"0\" \/><\/div>\n\t\t\t\t\n<div class=\"nuoriarticle-container\">\n    <div class=\"nuoriarticle-video\">\n        <div class=\"uabb-post-thumbnail uabb-blog-post-section\">\n            \n        <\/div>\n    <\/div>\n    <div class=\"nuoriarticle-content\">\n        <h3 class=\"uabb-post-heading uabb-blog-post-section\"><\/h3>\n\n        <h5 style=\"display:none;\" class=\"uabb-post-meta uabb-blog-post-section\">\n            By <span class=\"uabb-posted-by\">  <\/span> | \n            <span class=\"uabb-meta-date\">  <\/span>\n        <\/h5>\n\n        <div class=\"uabb-blog-posts-description uabb-blog-post-section uabb-text-editor\">\n            \n        <\/div>\n\n        <p class=\"uabb-read-more-text\">\n            \n        <\/p>\n    <\/div>\n<\/div>\n\n<\/div>\n\t\t\t<\/div>\n\t\t<\/div>\n\t<\/div>\n\t\t\n<\/div>\n\t<\/div>\n<\/div>\n<\/div><div class=\"uabb-js-breakpoint\" style=\"display: none;\"><\/div>\t\t\n\t\t\t\t\t\t<h2>2024<\/h2>\n\t\t\t<div class=\"fl-builder-content fl-builder-content-9450 fl-builder-template fl-builder-module-template fl-builder-global-templates-locked\" data-post-id=\"9450\"><div class=\"fl-module fl-module-blog-posts fl-node-ei2t6vr8kapd\" data-node=\"ei2t6vr8kapd\">\n\t<div class=\"fl-module-content fl-node-content\">\n\t\t<div class=\"uabb-module-content uabb-blog-posts uabb-blog-posts-grid uabb-post-grid-1 \">\n\t\n<\/div>\n<div class=\"fl-post-grid-empty\">\n\t<p>Tyv\u00e4rr hittade vi inga projekt. <\/p>\n\t<\/div>\n\t\t<\/div>\n<\/div>\n<\/div><div class=\"uabb-js-breakpoint\" style=\"display: none;\"><\/div>\t\t\n\t\t\t\t\t\t<h2>2023<\/h2>\n\t\t\t<div class=\"fl-builder-content fl-builder-content-9451 fl-builder-template fl-builder-module-template fl-builder-global-templates-locked\" data-post-id=\"9451\"><div class=\"fl-module fl-module-blog-posts fl-node-gnv71ys3ckwo\" data-node=\"gnv71ys3ckwo\">\n\t<div class=\"fl-module-content fl-node-content\">\n\t\t<div class=\"uabb-module-content uabb-blog-posts uabb-blog-posts-grid uabb-post-grid-1 \">\n\t\n<\/div>\n<div class=\"fl-post-grid-empty\">\n\t<p>Tyv\u00e4rr hittade vi inga projekt. <\/p>\n\t<\/div>\n\t\t<\/div>\n<\/div>\n<\/div><div class=\"uabb-js-breakpoint\" style=\"display: none;\"><\/div>\t\t\n\t\t\t\t\t\t<h2>2022<\/h2>\n\t\t\t<div class=\"fl-builder-content fl-builder-content-9452 fl-builder-template fl-builder-module-template fl-builder-global-templates-locked\" data-post-id=\"9452\"><div class=\"fl-module fl-module-blog-posts fl-node-erblj6tzi8h1\" data-node=\"erblj6tzi8h1\">\n\t<div class=\"fl-module-content fl-node-content\">\n\t\t<div class=\"uabb-module-content uabb-blog-posts uabb-blog-posts-grid uabb-post-grid-1 \">\n\t\n<\/div>\n<div class=\"fl-post-grid-empty\">\n\t<p>Tyv\u00e4rr hittade vi inga projekt. <\/p>\n\t<\/div>\n\t\t<\/div>\n<\/div>\n<\/div><div class=\"uabb-js-breakpoint\" style=\"display: none;\"><\/div>\t\t\n\t\t\t\t\t\t<h2>Aikaisemmat Nuorisoleader hankkeet<\/h2>\n\t\t\t<div class=\"fl-builder-content fl-builder-content-9342 fl-builder-template fl-builder-module-template fl-builder-global-templates-locked\" data-post-id=\"9342\"><div class=\"fl-module fl-module-blog-posts fl-node-pc0ogdeqsj4n\" data-node=\"pc0ogdeqsj4n\">\n\t<div class=\"fl-module-content fl-node-content\">\n\t\t<div class=\"uabb-module-content uabb-blog-posts uabb-blog-posts-grid uabb-post-grid-1 \">\n\t\t<div class=\"uabb-blog-posts-col-1 uabb-post-wrapper    uabb-blog-posts-grid-item-pc0ogdeqsj4n \">\n\t\t\t\t<div class=\"uabb-blog-posts-shadow clearfix\">\n\n\t\t\t<div class=\"uabb-blog-post-inner-wrap uabb-thumbnail-position-top  uabb-empty-img\">\n\t\t\t<div class=\"uabb-blog-post-content\">\n\t<meta itemscope itemprop=\"mainEntityOfPage\" itemtype=\"https:\/\/schema.org\/WebPage\" itemid=\"https:\/\/sameboat.fi\/sv\/klubbrumsfixarna-kajan\" content=\"Klubbrumsfixarna- K\u00e5j\u00e5n\" \/><meta itemprop=\"datePublished\" content=\"2025-02-10\" \/><meta itemprop=\"dateModified\" content=\"2025-11-05\" \/><div itemprop=\"publisher\" itemscope itemtype=\"https:\/\/schema.org\/Organization\"><meta itemprop=\"name\" content=\"Sameboat\"><\/div><div itemscope itemprop=\"author\" itemtype=\"https:\/\/schema.org\/Person\"><meta itemprop=\"url\" content=\"https:\/\/sameboat.fi\/sv\/author\/minna\" \/><meta itemprop=\"name\" content=\"minna\" \/><\/div><div itemscope itemprop=\"image\" itemtype=\"https:\/\/schema.org\/ImageObject\"><meta itemprop=\"url\" content=\"https:\/\/sameboat.fi\/content\/uploads\/2025\/11\/Fixa-klubbrummet-Kjn-1.jpg\" \/><meta itemprop=\"width\" content=\"480\" \/><meta itemprop=\"height\" content=\"360\" \/><\/div><div itemprop=\"interactionStatistic\" itemscope itemtype=\"https:\/\/schema.org\/InteractionCounter\"><meta itemprop=\"interactionType\" content=\"https:\/\/schema.org\/CommentAction\" \/><meta itemprop=\"userInteractionCount\" content=\"0\" \/><\/div>\n\t\t\t\t\n<div class=\"nuoriarticle-container\">\n    <div class=\"nuoriarticle-video\">\n        <div class=\"uabb-post-thumbnail uabb-blog-post-section\">\n            \n        <\/div>\n    <\/div>\n    <div class=\"nuoriarticle-content\">\n        <h3 class=\"uabb-post-heading uabb-blog-post-section\"><\/h3>\n\n        <h5 style=\"display:none;\" class=\"uabb-post-meta uabb-blog-post-section\">\n            By <span class=\"uabb-posted-by\">  <\/span> | \n            <span class=\"uabb-meta-date\">  <\/span>\n        <\/h5>\n\n        <div class=\"uabb-blog-posts-description uabb-blog-post-section uabb-text-editor\">\n            \n        <\/div>\n\n        <p class=\"uabb-read-more-text\">\n            \n        <\/p>\n    <\/div>\n<\/div>\n\n<\/div>\n\t\t\t<\/div>\n\t\t<\/div>\n\t<\/div>\n\t\t\t<div class=\"uabb-blog-posts-col-1 uabb-post-wrapper    uabb-blog-posts-grid-item-pc0ogdeqsj4n \">\n\t\t\t\t<div class=\"uabb-blog-posts-shadow clearfix\">\n\n\t\t\t<div class=\"uabb-blog-post-inner-wrap uabb-thumbnail-position-top  uabb-empty-img\">\n\t\t\t<div class=\"uabb-blog-post-content\">\n\t<meta itemscope itemprop=\"mainEntityOfPage\" itemtype=\"https:\/\/schema.org\/WebPage\" itemid=\"https:\/\/sameboat.fi\/sv\/kemionsaaren-keskuskoulu-resa-till-helsingfors\" content=\"Kemi\u00f6nsaaren keskuskoulu &#8211; resa till Helsingfors\" \/><meta itemprop=\"datePublished\" content=\"2025-02-10\" \/><meta itemprop=\"dateModified\" content=\"2025-11-05\" \/><div itemprop=\"publisher\" itemscope itemtype=\"https:\/\/schema.org\/Organization\"><meta itemprop=\"name\" content=\"Sameboat\"><\/div><div itemscope itemprop=\"author\" itemtype=\"https:\/\/schema.org\/Person\"><meta itemprop=\"url\" content=\"https:\/\/sameboat.fi\/sv\/author\/minna\" \/><meta itemprop=\"name\" content=\"minna\" \/><\/div><div itemscope itemprop=\"image\" itemtype=\"https:\/\/schema.org\/ImageObject\"><meta itemprop=\"url\" content=\"https:\/\/sameboat.fi\/content\/uploads\/2025\/11\/Keminsaaren-keskuskoulun-reissu-Helsinkiin-1.jpg\" \/><meta itemprop=\"width\" content=\"480\" \/><meta itemprop=\"height\" content=\"360\" \/><\/div><div itemprop=\"interactionStatistic\" itemscope itemtype=\"https:\/\/schema.org\/InteractionCounter\"><meta itemprop=\"interactionType\" content=\"https:\/\/schema.org\/CommentAction\" \/><meta itemprop=\"userInteractionCount\" content=\"0\" \/><\/div>\n\t\t\t\t\n<div class=\"nuoriarticle-container\">\n    <div class=\"nuoriarticle-video\">\n        <div class=\"uabb-post-thumbnail uabb-blog-post-section\">\n            \n        <\/div>\n    <\/div>\n    <div class=\"nuoriarticle-content\">\n        <h3 class=\"uabb-post-heading uabb-blog-post-section\"><\/h3>\n\n        <h5 style=\"display:none;\" class=\"uabb-post-meta uabb-blog-post-section\">\n            By <span class=\"uabb-posted-by\">  <\/span> | \n            <span class=\"uabb-meta-date\">  <\/span>\n        <\/h5>\n\n        <div class=\"uabb-blog-posts-description uabb-blog-post-section uabb-text-editor\">\n            \n        <\/div>\n\n        <p class=\"uabb-read-more-text\">\n            \n        <\/p>\n    <\/div>\n<\/div>\n\n<\/div>\n\t\t\t<\/div>\n\t\t<\/div>\n\t<\/div>\n\t\t\t<div class=\"uabb-blog-posts-col-1 uabb-post-wrapper    uabb-blog-posts-grid-item-pc0ogdeqsj4n \">\n\t\t\t\t<div class=\"uabb-blog-posts-shadow clearfix\">\n\n\t\t\t<div class=\"uabb-blog-post-inner-wrap uabb-thumbnail-position-top  uabb-empty-img\">\n\t\t\t<div class=\"uabb-blog-post-content\">\n\t<meta itemscope itemprop=\"mainEntityOfPage\" itemtype=\"https:\/\/schema.org\/WebPage\" itemid=\"https:\/\/sameboat.fi\/sv\/inio-hogstadium-pa-borgbacken\" content=\"Ini\u00f6 h\u00f6gstadium p\u00e5 Borgbacken\" \/><meta itemprop=\"datePublished\" content=\"2025-02-10\" \/><meta itemprop=\"dateModified\" content=\"2025-11-05\" \/><div itemprop=\"publisher\" itemscope itemtype=\"https:\/\/schema.org\/Organization\"><meta itemprop=\"name\" content=\"Sameboat\"><\/div><div itemscope itemprop=\"author\" itemtype=\"https:\/\/schema.org\/Person\"><meta itemprop=\"url\" content=\"https:\/\/sameboat.fi\/sv\/author\/minna\" \/><meta itemprop=\"name\" content=\"minna\" \/><\/div><div itemscope itemprop=\"image\" itemtype=\"https:\/\/schema.org\/ImageObject\"><meta itemprop=\"url\" content=\"https:\/\/sameboat.fi\/content\/uploads\/2025\/11\/Ini-hgstadium-resa-till-Borgbacken-1.jpg\" \/><meta itemprop=\"width\" content=\"480\" \/><meta itemprop=\"height\" content=\"360\" \/><\/div><div itemprop=\"interactionStatistic\" itemscope itemtype=\"https:\/\/schema.org\/InteractionCounter\"><meta itemprop=\"interactionType\" content=\"https:\/\/schema.org\/CommentAction\" \/><meta itemprop=\"userInteractionCount\" content=\"0\" \/><\/div>\n\t\t\t\t\n<div class=\"nuoriarticle-container\">\n    <div class=\"nuoriarticle-video\">\n        <div class=\"uabb-post-thumbnail uabb-blog-post-section\">\n            \n        <\/div>\n    <\/div>\n    <div class=\"nuoriarticle-content\">\n        <h3 class=\"uabb-post-heading uabb-blog-post-section\"><\/h3>\n\n        <h5 style=\"display:none;\" class=\"uabb-post-meta uabb-blog-post-section\">\n            By <span class=\"uabb-posted-by\">  <\/span> | \n            <span class=\"uabb-meta-date\">  <\/span>\n        <\/h5>\n\n        <div class=\"uabb-blog-posts-description uabb-blog-post-section uabb-text-editor\">\n            \n        <\/div>\n\n        <p class=\"uabb-read-more-text\">\n            \n        <\/p>\n    <\/div>\n<\/div>\n\n<\/div>\n\t\t\t<\/div>\n\t\t<\/div>\n\t<\/div>\n\t\t\t<div class=\"uabb-blog-posts-col-1 uabb-post-wrapper    uabb-blog-posts-grid-item-pc0ogdeqsj4n \">\n\t\t\t\t<div class=\"uabb-blog-posts-shadow clearfix\">\n\n\t\t\t<div class=\"uabb-blog-post-inner-wrap uabb-thumbnail-position-top  uabb-empty-img\">\n\t\t\t<div class=\"uabb-blog-post-content\">\n\t<meta itemscope itemprop=\"mainEntityOfPage\" itemtype=\"https:\/\/schema.org\/WebPage\" itemid=\"https:\/\/sameboat.fi\/sv\/ungdomsgarden-gluggen-korpo\" content=\"Ungdomsg\u00e5rden Gluggen Korpo\" \/><meta itemprop=\"datePublished\" content=\"2025-02-10\" \/><meta itemprop=\"dateModified\" content=\"2025-11-05\" \/><div itemprop=\"publisher\" itemscope itemtype=\"https:\/\/schema.org\/Organization\"><meta itemprop=\"name\" content=\"Sameboat\"><\/div><div itemscope itemprop=\"author\" itemtype=\"https:\/\/schema.org\/Person\"><meta itemprop=\"url\" content=\"https:\/\/sameboat.fi\/sv\/author\/minna\" \/><meta itemprop=\"name\" content=\"minna\" \/><\/div><div itemscope itemprop=\"image\" itemtype=\"https:\/\/schema.org\/ImageObject\"><meta itemprop=\"url\" content=\"https:\/\/sameboat.fi\/content\/uploads\/2025\/11\/Nuorisotila-Gluggen-Korppoo-1.jpg\" \/><meta itemprop=\"width\" content=\"480\" \/><meta itemprop=\"height\" content=\"360\" \/><\/div><div itemprop=\"interactionStatistic\" itemscope itemtype=\"https:\/\/schema.org\/InteractionCounter\"><meta itemprop=\"interactionType\" content=\"https:\/\/schema.org\/CommentAction\" \/><meta itemprop=\"userInteractionCount\" content=\"0\" \/><\/div>\n\t\t\t\t\n<div class=\"nuoriarticle-container\">\n    <div class=\"nuoriarticle-video\">\n        <div class=\"uabb-post-thumbnail uabb-blog-post-section\">\n            \n        <\/div>\n    <\/div>\n    <div class=\"nuoriarticle-content\">\n        <h3 class=\"uabb-post-heading uabb-blog-post-section\"><\/h3>\n\n        <h5 style=\"display:none;\" class=\"uabb-post-meta uabb-blog-post-section\">\n            By <span class=\"uabb-posted-by\">  <\/span> | \n            <span class=\"uabb-meta-date\">  <\/span>\n        <\/h5>\n\n        <div class=\"uabb-blog-posts-description uabb-blog-post-section uabb-text-editor\">\n            \n        <\/div>\n\n        <p class=\"uabb-read-more-text\">\n            \n        <\/p>\n    <\/div>\n<\/div>\n\n<\/div>\n\t\t\t<\/div>\n\t\t<\/div>\n\t<\/div>\n\t\t\t<div class=\"uabb-blog-posts-col-1 uabb-post-wrapper    uabb-blog-posts-grid-item-pc0ogdeqsj4n \">\n\t\t\t\t<div class=\"uabb-blog-posts-shadow clearfix\">\n\n\t\t\t<div class=\"uabb-blog-post-inner-wrap uabb-thumbnail-position-top  uabb-empty-img\">\n\t\t\t<div class=\"uabb-blog-post-content\">\n\t<meta itemscope itemprop=\"mainEntityOfPage\" itemtype=\"https:\/\/schema.org\/WebPage\" itemid=\"https:\/\/sameboat.fi\/sv\/abibal-2023\" content=\"Abibal 2023\" \/><meta itemprop=\"datePublished\" content=\"2025-02-06\" \/><meta itemprop=\"dateModified\" content=\"2025-11-05\" \/><div itemprop=\"publisher\" itemscope itemtype=\"https:\/\/schema.org\/Organization\"><meta itemprop=\"name\" content=\"Sameboat\"><\/div><div itemscope itemprop=\"author\" itemtype=\"https:\/\/schema.org\/Person\"><meta itemprop=\"url\" content=\"https:\/\/sameboat.fi\/sv\/author\/minna\" \/><meta itemprop=\"name\" content=\"minna\" \/><\/div><div itemscope itemprop=\"image\" itemtype=\"https:\/\/schema.org\/ImageObject\"><meta itemprop=\"url\" content=\"https:\/\/sameboat.fi\/content\/uploads\/2025\/11\/Abibal-PSG-1.jpg\" \/><meta itemprop=\"width\" content=\"480\" \/><meta itemprop=\"height\" content=\"360\" \/><\/div><div itemprop=\"interactionStatistic\" itemscope itemtype=\"https:\/\/schema.org\/InteractionCounter\"><meta itemprop=\"interactionType\" content=\"https:\/\/schema.org\/CommentAction\" \/><meta itemprop=\"userInteractionCount\" content=\"0\" \/><\/div>\n\t\t\t\t\n<div class=\"nuoriarticle-container\">\n    <div class=\"nuoriarticle-video\">\n        <div class=\"uabb-post-thumbnail uabb-blog-post-section\">\n            \n        <\/div>\n    <\/div>\n    <div class=\"nuoriarticle-content\">\n        <h3 class=\"uabb-post-heading uabb-blog-post-section\"><\/h3>\n\n        <h5 style=\"display:none;\" class=\"uabb-post-meta uabb-blog-post-section\">\n            By <span class=\"uabb-posted-by\">  <\/span> | \n            <span class=\"uabb-meta-date\">  <\/span>\n        <\/h5>\n\n        <div class=\"uabb-blog-posts-description uabb-blog-post-section uabb-text-editor\">\n            \n        <\/div>\n\n        <p class=\"uabb-read-more-text\">\n            \n        <\/p>\n    <\/div>\n<\/div>\n\n<\/div>\n\t\t\t<\/div>\n\t\t<\/div>\n\t<\/div>\n\t\t\t<div class=\"uabb-blog-posts-col-1 uabb-post-wrapper    uabb-blog-posts-grid-item-pc0ogdeqsj4n \">\n\t\t\t\t<div class=\"uabb-blog-posts-shadow clearfix\">\n\n\t\t\t<div class=\"uabb-blog-post-inner-wrap uabb-thumbnail-position-top  uabb-empty-img\">\n\t\t\t<div class=\"uabb-blog-post-content\">\n\t<meta itemscope itemprop=\"mainEntityOfPage\" itemtype=\"https:\/\/schema.org\/WebPage\" itemid=\"https:\/\/sameboat.fi\/sv\/cykelutfard-aland\" content=\"Cykelutf\u00e4rd \u00c5land\" \/><meta itemprop=\"datePublished\" content=\"2025-02-04\" \/><meta itemprop=\"dateModified\" content=\"2025-11-05\" \/><div itemprop=\"publisher\" itemscope itemtype=\"https:\/\/schema.org\/Organization\"><meta itemprop=\"name\" content=\"Sameboat\"><\/div><div itemscope itemprop=\"author\" itemtype=\"https:\/\/schema.org\/Person\"><meta itemprop=\"url\" content=\"https:\/\/sameboat.fi\/sv\/author\/minna\" \/><meta itemprop=\"name\" content=\"minna\" \/><\/div><div itemscope itemprop=\"image\" itemtype=\"https:\/\/schema.org\/ImageObject\"><meta itemprop=\"url\" content=\"https:\/\/sameboat.fi\/content\/uploads\/2025\/11\/Nagu-land22-1.jpg\" \/><meta itemprop=\"width\" content=\"480\" \/><meta itemprop=\"height\" content=\"360\" \/><\/div><div itemprop=\"interactionStatistic\" itemscope itemtype=\"https:\/\/schema.org\/InteractionCounter\"><meta itemprop=\"interactionType\" content=\"https:\/\/schema.org\/CommentAction\" \/><meta itemprop=\"userInteractionCount\" content=\"0\" \/><\/div>\n\t\t\t\t\n<div class=\"nuoriarticle-container\">\n    <div class=\"nuoriarticle-video\">\n        <div class=\"uabb-post-thumbnail uabb-blog-post-section\">\n            \n        <\/div>\n    <\/div>\n    <div class=\"nuoriarticle-content\">\n        <h3 class=\"uabb-post-heading uabb-blog-post-section\"><\/h3>\n\n        <h5 style=\"display:none;\" class=\"uabb-post-meta uabb-blog-post-section\">\n            By <span class=\"uabb-posted-by\">  <\/span> | \n            <span class=\"uabb-meta-date\">  <\/span>\n        <\/h5>\n\n        <div class=\"uabb-blog-posts-description uabb-blog-post-section uabb-text-editor\">\n            \n        <\/div>\n\n        <p class=\"uabb-read-more-text\">\n            \n        <\/p>\n    <\/div>\n<\/div>\n\n<\/div>\n\t\t\t<\/div>\n\t\t<\/div>\n\t<\/div>\n\t\t\n<\/div>\n\t<\/div>\n<\/div>\n<\/div><div class=\"uabb-js-breakpoint\" style=\"display: none;\"><\/div>\t\t\n\n","protected":false},"excerpt":{"rendered":"<p>Sju ungdomar fr\u00e5n Nagu och en ledare genomf\u00f6rde en cykelutf\u00e4rd till \u00c5land med hj\u00e4lp av ungdomsleaderbidraget. Beviljat bidrag 500\u20ac.<\/p>\n","protected":false},"author":1,"featured_media":0,"parent":5807,"menu_order":0,"comment_status":"closed","ping_status":"closed","template":"","meta":{"footnotes":""},"class_list":["post-5755","page","type-page","status-publish","hentry"],"_links":{"self":[{"href":"https:\/\/sameboat.fi\/sv\/wp-json\/wp\/v2\/pages\/5755","targetHints":{"allow":["GET"]}}],"collection":[{"href":"https:\/\/sameboat.fi\/sv\/wp-json\/wp\/v2\/pages"}],"about":[{"href":"https:\/\/sameboat.fi\/sv\/wp-json\/wp\/v2\/types\/page"}],"author":[{"embeddable":true,"href":"https:\/\/sameboat.fi\/sv\/wp-json\/wp\/v2\/users\/1"}],"replies":[{"embeddable":true,"href":"https:\/\/sameboat.fi\/sv\/wp-json\/wp\/v2\/comments?post=5755"}],"version-history":[{"count":13,"href":"https:\/\/sameboat.fi\/sv\/wp-json\/wp\/v2\/pages\/5755\/revisions"}],"predecessor-version":[{"id":10334,"href":"https:\/\/sameboat.fi\/sv\/wp-json\/wp\/v2\/pages\/5755\/revisions\/10334"}],"up":[{"embeddable":true,"href":"https:\/\/sameboat.fi\/sv\/wp-json\/wp\/v2\/pages\/5807"}],"wp:attachment":[{"href":"https:\/\/sameboat.fi\/sv\/wp-json\/wp\/v2\/media?parent=5755"}],"curies":[{"name":"wp","href":"https:\/\/api.w.org\/{rel}","templated":true}]}}