{"id":5753,"date":"2022-04-11T12:44:16","date_gmt":"2022-04-11T09:44:16","guid":{"rendered":"https:\/\/sameboat.fi\/ung-foretagare-ansokan"},"modified":"2026-01-28T12:14:21","modified_gmt":"2026-01-28T10:14:21","slug":"ung-foretagare-ansokan","status":"publish","type":"page","link":"https:\/\/sameboat.fi\/sv\/ungdomsleader\/ung-foretagare-ansokan","title":{"rendered":"Ung f\u00f6retagare ans\u00f6kan"},"content":{"rendered":"<!-- VideographyWP Plugin Message: Automatic video embedding prevented by plugin options. -->\n\n<h1>\n\t\t\tUng F\u00f6retagare ans\u00f6kan\t<\/h1>\n\t<p>Den elektroniska ans\u00f6kningsblanketten f\u00f6r Ung F\u00f6retagare hittas nedan. Blanketten \u00f6ppnas den 2.2.2026<\/p>\n<p>\u00c5ldersgr\u00e4nsen f\u00f6r s\u00f6kande \u00e4r 14 \u00e5r.<\/p>\n<p>Vid fr\u00e5gor, kontakta Michael eller Hanna p\u00e5 v\u00e5rt kontor, <a href=\"https:\/\/sameboat.fi\/sv\/ungdomsleader\/kontaktuppgifter-2\" target=\"\">Kontaktuppgifterna finns h\u00e4r.<\/a><\/p>\n\t<p>V\u00e5rens Ung F\u00f6retagare ans\u00f6kan \u00e4r st\u00e4ngd<\/p>\n\n","protected":false},"excerpt":{"rendered":"<p>Ung F\u00f6retagare ans\u00f6kan Den elektroniska ans\u00f6kningsblanketten f\u00f6r Ung F\u00f6retagare hittas nedan. Blanketten \u00f6ppnas den 2.2.2026 \u00c5ldersgr\u00e4nsen f\u00f6r s\u00f6kande \u00e4r 14 \u00e5r. Vid fr\u00e5gor, kontakta Michael eller Hanna p\u00e5 v\u00e5rt kontor, Kontaktuppgifterna finns h\u00e4r.<\/p>\n","protected":false},"author":1,"featured_media":0,"parent":5807,"menu_order":0,"comment_status":"closed","ping_status":"closed","template":"","meta":{"footnotes":""},"class_list":["post-5753","page","type-page","status-publish","hentry"],"_links":{"self":[{"href":"https:\/\/sameboat.fi\/sv\/wp-json\/wp\/v2\/pages\/5753","targetHints":{"allow":["GET"]}}],"collection":[{"href":"https:\/\/sameboat.fi\/sv\/wp-json\/wp\/v2\/pages"}],"about":[{"href":"https:\/\/sameboat.fi\/sv\/wp-json\/wp\/v2\/types\/page"}],"author":[{"embeddable":true,"href":"https:\/\/sameboat.fi\/sv\/wp-json\/wp\/v2\/users\/1"}],"replies":[{"embeddable":true,"href":"https:\/\/sameboat.fi\/sv\/wp-json\/wp\/v2\/comments?post=5753"}],"version-history":[{"count":11,"href":"https:\/\/sameboat.fi\/sv\/wp-json\/wp\/v2\/pages\/5753\/revisions"}],"predecessor-version":[{"id":9882,"href":"https:\/\/sameboat.fi\/sv\/wp-json\/wp\/v2\/pages\/5753\/revisions\/9882"}],"up":[{"embeddable":true,"href":"https:\/\/sameboat.fi\/sv\/wp-json\/wp\/v2\/pages\/5807"}],"wp:attachment":[{"href":"https:\/\/sameboat.fi\/sv\/wp-json\/wp\/v2\/media?parent=5753"}],"curies":[{"name":"wp","href":"https:\/\/api.w.org\/{rel}","templated":true}]}}