{"id":5752,"date":"2021-10-15T11:21:14","date_gmt":"2021-10-15T08:21:14","guid":{"rendered":"https:\/\/sameboat.fi\/kontaktuppgifter-2"},"modified":"2026-01-28T10:57:56","modified_gmt":"2026-01-28T08:57:56","slug":"kontaktuppgifter-2","status":"publish","type":"page","link":"https:\/\/sameboat.fi\/sv\/ungdomsleader\/kontaktuppgifter-2","title":{"rendered":"Kontaktuppgifter"},"content":{"rendered":"<!-- VideographyWP Plugin Message: Automatic video embedding prevented by plugin options. -->\n\n<h1>\n\t\tKontaktuppgifter\n\t<\/h1>\n\t<p><strong>Projektr\u00e5dgivare: Hanna Hermansson<\/strong><\/p>\nE-post: <a href=\"mailto:hanna.hermansson@sameboat.fi\">hanna.hermansson(at)sameboat.fi<\/a><br \/>\nTelefon: <a href=\"tel:+358400260411\">040 026 0411<\/a>\n<p><strong>Ungdoms Leader-projektarbetare: Michael Friman (arbetar m\u00e5ndagar &#8211; onsdagar)<\/strong><\/p>\nE-post: <a href=\"mailto:nelli.salonen@sameboat.fi\">michael.friman(at)sameboat.fi<\/a><br \/>\nTelefon: <a href=\"tel:+358400188763\">040 018 8763<\/a>\n<p>Kontor: Strandv\u00e4gen 30, 21600 Pargas<\/p>\n<p>N\u00e4r du kommer p\u00e5 bes\u00f6k, var g\u00e4rna i kontakt p\u00e5 f\u00f6rhand via telefon eller e-post!<\/p>\n\n","protected":false},"excerpt":{"rendered":"<p>Kontaktuppgifter Projektr\u00e5dgivare: Hanna Hermansson E-post: hanna.hermansson(at)sameboat.fi Telefon: 040 026 0411 Ungdoms Leader-projektarbetare: Michael Friman (arbetar m\u00e5ndagar &#8211; onsdagar) E-post: michael.friman(at)sameboat.fi Telefon: 040 018 8763 Kontor: Strandv\u00e4gen 30, 21600 Pargas N\u00e4r du kommer p\u00e5 bes\u00f6k, var g\u00e4rna i kontakt p\u00e5 f\u00f6rhand via telefon eller e-post!<\/p>\n","protected":false},"author":1,"featured_media":0,"parent":5807,"menu_order":0,"comment_status":"closed","ping_status":"closed","template":"","meta":{"footnotes":""},"class_list":["post-5752","page","type-page","status-publish","hentry"],"_links":{"self":[{"href":"https:\/\/sameboat.fi\/sv\/wp-json\/wp\/v2\/pages\/5752","targetHints":{"allow":["GET"]}}],"collection":[{"href":"https:\/\/sameboat.fi\/sv\/wp-json\/wp\/v2\/pages"}],"about":[{"href":"https:\/\/sameboat.fi\/sv\/wp-json\/wp\/v2\/types\/page"}],"author":[{"embeddable":true,"href":"https:\/\/sameboat.fi\/sv\/wp-json\/wp\/v2\/users\/1"}],"replies":[{"embeddable":true,"href":"https:\/\/sameboat.fi\/sv\/wp-json\/wp\/v2\/comments?post=5752"}],"version-history":[{"count":5,"href":"https:\/\/sameboat.fi\/sv\/wp-json\/wp\/v2\/pages\/5752\/revisions"}],"predecessor-version":[{"id":8900,"href":"https:\/\/sameboat.fi\/sv\/wp-json\/wp\/v2\/pages\/5752\/revisions\/8900"}],"up":[{"embeddable":true,"href":"https:\/\/sameboat.fi\/sv\/wp-json\/wp\/v2\/pages\/5807"}],"wp:attachment":[{"href":"https:\/\/sameboat.fi\/sv\/wp-json\/wp\/v2\/media?parent=5752"}],"curies":[{"name":"wp","href":"https:\/\/api.w.org\/{rel}","templated":true}]}}