{"id":5751,"date":"2021-10-21T12:37:57","date_gmt":"2021-10-21T09:37:57","guid":{"rendered":"https:\/\/sameboat.fi\/kontaktuppgifter"},"modified":"2026-04-08T11:11:39","modified_gmt":"2026-04-08T08:11:39","slug":"kontaktuppgifter","status":"publish","type":"page","link":"https:\/\/sameboat.fi\/sv\/kontaktuppgifter","title":{"rendered":"Kontaktuppgifter"},"content":{"rendered":"<!-- VideographyWP Plugin Message: Automatic video embedding prevented by plugin options. -->\n\n<h2>\n\t\t\tKontaktuppgifter\t<\/h2>\n\t<p>I samma b\u00e5t &#8211; samassa veneess\u00e4 rf ry kontor<\/p>\n<p>Strandv\u00e4gen 30, 21600 PARGAS<\/p>\n<p><a href=\"http:\/\/www.facebook.com\/sameboatLAG\" target=\"_blank\" rel=\"noopener\">www.facebook.com\/sameboatLAG<\/a><\/p>\n<p><a href=\"http:\/\/www.facebook.com\/SAMEBOATKalatalousFiskeri\/\" target=\"_blank\" rel=\"noopener\">www.facebook.com\/SAMEBOATKalatalousFiskeri\/<\/a><\/p>\n<p>Kontoret \u00e4r \u00f6ppet p\u00e5 vardagar kl. 9-16. Var g\u00e4rna i kontakt p\u00e5 f\u00f6rhand n\u00e4r du kommer p\u00e5 bes\u00f6k, s\u00e5 kan vi bekr\u00e4fta att vi \u00e4r p\u00e5 plats d\u00e5.<\/p>\n<p>V\u00e5r l\u00e5sta postl\u00e5da \u00e4r bel\u00e4gen p\u00e5 v\u00e4nster sida av byggnadens ytterd\u00f6rr.<\/p>\n\t<iframe src=\"https:\/\/www.google.com\/maps\/embed\/v1\/place?q=Rantatie+30%2C+21600+parainen&#038;key=AIzaSyD09zQ9PNDNNy9TadMuzRV_UsPUoWKntt8\" aria-hidden=\"true\"><\/iframe>\n\t\t\t\t<img decoding=\"async\" src=\"https:\/\/sameboat.fi\/content\/uploads\/2021\/10\/sameboatlogo.png\" alt=\"sameboatlogo\" title=\"sameboatlogo\" itemprop=\"image\"\/>\n\t\t\t\t \n\t\t<h3>Siv Holmgren<\/h3>Verksamhetsledare (Arbetar ti-to under Juli)<a href=\"tel:+358400718913\">0400 718 913<\/a>\n<br \/><a href=\"mailto:siv.holmgren@sameboat.fi\">siv.holmgren(at)sameboat.fi<\/a>\n\t\t\t\t<img decoding=\"async\" src=\"https:\/\/sameboat.fi\/content\/uploads\/2021\/10\/sameboatlogo.png\" alt=\"sameboatlogo\" title=\"sameboatlogo\" itemprop=\"image\"\/>\n\t\t\t\t \n\t\t<h3>Mona Heijari<\/h3>Fiskeriaktivator<a href=\"tel:+358400260094\">040 026 0094<\/a>\n<br \/><a href=\"mailto:mona.heijari@sameboat.fi\">mona.heijari(at)sameboat.fi<\/a>\n\t\t\t\t<img decoding=\"async\" src=\"https:\/\/sameboat.fi\/content\/uploads\/2021\/10\/sameboatlogo.png\" alt=\"sameboatlogo\" title=\"sameboatlogo\" itemprop=\"image\"\/>\n\t\t\t\t \n\t\t<h3>Johanna Varjonen<\/h3>projektledare VarMa projektet<a href=\"tel:+358413297138\">041 329 7138<\/a>\n<br \/>\n<a href=\"mailto:johanna.varjonen@sameboat.fi\">johanna.varjonen(at)sameboat.fi<\/a>\t\t\t\t\t\n\t\t\t\t<img decoding=\"async\" src=\"https:\/\/sameboat.fi\/content\/uploads\/2021\/10\/sameboatlogo.png\" alt=\"sameboatlogo\" title=\"sameboatlogo\" itemprop=\"image\"\/>\n\t\t\t\t \n\t\t<h3>Hanna Hermansson<\/h3>Projektr\u00e5dgivare<a href=\"tel:+358400260411\">0400 260 411<\/a>\n<br \/><a href=\"mailto:hanna.hermansson@sameboat.fi\">hanna.hermansson(at)sameboat.fi<\/a>\n\t\t\t\t<img decoding=\"async\" src=\"https:\/\/sameboat.fi\/content\/uploads\/2021\/10\/sameboatlogo.png\" alt=\"sameboatlogo\" title=\"sameboatlogo\" itemprop=\"image\"\/>\n\t\t\t\t \n\t\t<h3>Michael Friman<\/h3>Ungdoms Leader-projektarbetare (arbetar m\u00e5n-ons)<a href=\"tel:+358400188763\">040 018 8763<\/a>\n<br \/><a href=\"mailto:michael.friman@sameboat.fi\">michael.friman(at)sameboat.fi<\/a>\n\n","protected":false},"excerpt":{"rendered":"<p>Kontaktuppgifter I samma b\u00e5t &#8211; samassa veneess\u00e4 rf ry kontor Strandv\u00e4gen 30, 21600 PARGAS www.facebook.com\/sameboatLAG www.facebook.com\/SAMEBOATKalatalousFiskeri\/ Kontoret \u00e4r \u00f6ppet p\u00e5 vardagar kl. 9-16. Var g\u00e4rna i kontakt p\u00e5 f\u00f6rhand n\u00e4r du kommer p\u00e5 bes\u00f6k, s\u00e5 kan vi bekr\u00e4fta att vi \u00e4r p\u00e5 plats d\u00e5. V\u00e5r l\u00e5sta postl\u00e5da \u00e4r bel\u00e4gen p\u00e5 v\u00e4nster sida av byggnadens ytterd\u00f6rr. [&hellip;]<\/p>\n","protected":false},"author":1,"featured_media":0,"parent":0,"menu_order":0,"comment_status":"closed","ping_status":"closed","template":"","meta":{"footnotes":""},"class_list":["post-5751","page","type-page","status-publish","hentry"],"_links":{"self":[{"href":"https:\/\/sameboat.fi\/sv\/wp-json\/wp\/v2\/pages\/5751","targetHints":{"allow":["GET"]}}],"collection":[{"href":"https:\/\/sameboat.fi\/sv\/wp-json\/wp\/v2\/pages"}],"about":[{"href":"https:\/\/sameboat.fi\/sv\/wp-json\/wp\/v2\/types\/page"}],"author":[{"embeddable":true,"href":"https:\/\/sameboat.fi\/sv\/wp-json\/wp\/v2\/users\/1"}],"replies":[{"embeddable":true,"href":"https:\/\/sameboat.fi\/sv\/wp-json\/wp\/v2\/comments?post=5751"}],"version-history":[{"count":9,"href":"https:\/\/sameboat.fi\/sv\/wp-json\/wp\/v2\/pages\/5751\/revisions"}],"predecessor-version":[{"id":9814,"href":"https:\/\/sameboat.fi\/sv\/wp-json\/wp\/v2\/pages\/5751\/revisions\/9814"}],"wp:attachment":[{"href":"https:\/\/sameboat.fi\/sv\/wp-json\/wp\/v2\/media?parent=5751"}],"curies":[{"name":"wp","href":"https:\/\/api.w.org\/{rel}","templated":true}]}}