{"id":5736,"date":"2021-10-21T11:57:33","date_gmt":"2021-10-21T08:57:33","guid":{"rendered":"https:\/\/sameboat.fi\/kalaleader\/hur-soker-man-projektstod"},"modified":"2026-01-29T09:09:03","modified_gmt":"2026-01-29T07:09:03","slug":"hur-soker-man-projektstod","status":"publish","type":"page","link":"https:\/\/sameboat.fi\/sv\/kalaleader\/hur-soker-man-projektstod","title":{"rendered":"Hur s\u00f6ker man projektst\u00f6d"},"content":{"rendered":"<!-- VideographyWP Plugin Message: Automatic video embedding prevented by plugin options. -->\n\n<h1>\n\t\tHur s\u00f6ker man projektst\u00f6d\n\t<\/h1>\n\t<p>Projekts\u00f6kande kan vara t.ex. kommuner, f\u00f6reningar, fiskeriomr\u00e5den, del\u00e4garlagen, utbildningsinstanser samt forskningsinstitut.<\/p>\n<p>Man s\u00f6ker finansiering genom det elektroniska s\u00f6ksystemet <strong>Hyrr\u00e4<\/strong>.<\/p>\n<p>ANS\u00d6KNINGSPROCESSEN<\/p>\n<ol>\n<li>Kontakta alltid f\u00f6rst aktivatorn f\u00f6r att diskutera om projektid\u00e9n<\/li>\n<li>Utarbeta en projektplan och en kostnadsber\u00e4kning redan innan du loggar in i Hyrr\u00e4. Projektplanen ska inneh\u00e5lla minst f\u00f6ljande information: PROJEKTETS BEHOV OCH M\u00c5L; PROJEKTETS ADMINISTRATION; PROJEKTETS \u00c5TG\u00c4RDER OCH TIDTABELL; KOMMUNIKATION OCH DOKUMENTATION; HUR PROJEKTET F\u00d6RVERKLIGAR MED FISK TILL TOPPEN -STRATEGIN; BUDGET<\/li>\n<li>Hyrr\u00e4 fungerar b\u00e4st med Firefox webl\u00e4sare. P\u00e5 livsmdelsverkets webbsida kommer du in i Hyrr\u00e4 genom att v\u00e4lja Anv\u00e4nd e-tj\u00e4nster \/ Hyrr\u00e4-tj\u00e4nsten. V\u00e4lj &#8221;Utr\u00e4tta \u00e4renden f\u00f6r en organisations eller jordbrukets r\u00e4kning&#8221;. Efter inloggningen v\u00e4lj NY ANS\u00d6KAN \/ EHFVF-projektans\u00f6kan h\u00f6gst upp till v\u00e4nster p\u00e5 sidan.<\/li>\n<li>P\u00e5 ans\u00f6kningens f\u00f6rsta sida v\u00e4l Lokal aktionsgrupp<b> (Leader)<\/b>. V\u00e4lj \u00e4ven p\u00e5 ans\u00f6kningens andra mellanblad (Projektplan) Lokal utveckling.<\/li>\n<li>Fyll i ans\u00f6kan och bifoga n\u00f6dv\u00e4ndiga bilagor<\/li>\n<li>F\u00f6r att aktivatorn skall kunna granska ans\u00f6kningen, v\u00e4lj <strong>&#8221;Ge hj\u00e4lparstatus&#8221;<\/strong> till v\u00e4nster p\u00e5 sidan. Skicka inte ans\u00f6kningen \u00e4n utan spara den och l\u00e4mna p\u00e5 h\u00e4lften. Kontakta aktivatorn. Hen kontrollerar att ans\u00f6kan har alla n\u00f6dv\u00e4ndiga bilagor och att den i \u00f6vrigt \u00e4r i s\u00e5dant skick att den kan tas till fiskedivisionen f\u00f6r behandling.<\/li>\n<li>Efter att aktivatorn har granskat ans\u00f6kningen, du kan l\u00e4mna in den (p\u00e5 det sista mellanbladet &#8221;Skicka&#8221;)<\/li>\n<li>N\u00e4r du har l\u00e4mnat in ans\u00f6kningen, du kan starta projektet p\u00e5 eget ansvar<\/li>\n<li>Du f\u00e5r ett meddelande om tidpunkten f\u00f6r Fiskeleaders n\u00e4sta m\u00f6te<\/li>\n<li>Fiskedivisionen behandlar ans\u00f6kningen och ger till NTM-centralen antingen ett f\u00f6rordande eller nekande utl\u00e5tande, som baserar sig p\u00e5 en \u00e4ndam\u00e5lsenlighetsbed\u00f6mning av projektet<\/li>\n<li>Du f\u00e5r en anm\u00e4lan om fiskedivisionens beslut<\/li>\n<li>NTM-centralen fattar det officiella projektbeslutet<\/li>\n<\/ol>\n<p>De finansierade projekten m\u00e5ste anv\u00e4nda en EU-symbol i sin kommunikation och i publikationer. Det b\u00f6r ocks\u00e5 klart framg\u00e5, att projektet \u00e4r delfinansierat av Europeiska havs-, fiskeri- och vattenbruksfonden.<\/p>\n\t\t\t\t<img loading=\"lazy\" decoding=\"async\" src=\"https:\/\/sameboat.fi\/content\/uploads\/2021\/11\/hyrra_logo-1.jpg\" alt=\"hyrra_logo\" itemprop=\"image\" height=\"780\" width=\"1461\" title=\"hyrra_logo\" onerror=\"this.style.display='none'\"  \/>\n\t\t\t<a href=\"https:\/\/www.ruokavirasto.fi\/sv\/om-oss\/tjanster\/elektroniska-tjanster\/hyrra\/\" target=\"_blank\" role=\"button\" rel=\"noopener nofollow\">\n\t\t\t\t\t\t\tTill Hyrr\u00e4\n\t\t\t\t\t<\/a>\n\n","protected":false},"excerpt":{"rendered":"<p>Hur s\u00f6ker man projektst\u00f6d Projekts\u00f6kande kan vara t.ex. kommuner, f\u00f6reningar, fiskeriomr\u00e5den, del\u00e4garlagen, utbildningsinstanser samt forskningsinstitut. Man s\u00f6ker finansiering genom det elektroniska s\u00f6ksystemet Hyrr\u00e4. ANS\u00d6KNINGSPROCESSEN Kontakta alltid f\u00f6rst aktivatorn f\u00f6r att diskutera om projektid\u00e9n Utarbeta en projektplan och en kostnadsber\u00e4kning redan innan du loggar in i Hyrr\u00e4. Projektplanen ska inneh\u00e5lla minst f\u00f6ljande information: PROJEKTETS BEHOV OCH [&hellip;]<\/p>\n","protected":false},"author":1,"featured_media":0,"parent":5713,"menu_order":0,"comment_status":"closed","ping_status":"closed","template":"","meta":{"footnotes":""},"class_list":["post-5736","page","type-page","status-publish","hentry"],"_links":{"self":[{"href":"https:\/\/sameboat.fi\/sv\/wp-json\/wp\/v2\/pages\/5736","targetHints":{"allow":["GET"]}}],"collection":[{"href":"https:\/\/sameboat.fi\/sv\/wp-json\/wp\/v2\/pages"}],"about":[{"href":"https:\/\/sameboat.fi\/sv\/wp-json\/wp\/v2\/types\/page"}],"author":[{"embeddable":true,"href":"https:\/\/sameboat.fi\/sv\/wp-json\/wp\/v2\/users\/1"}],"replies":[{"embeddable":true,"href":"https:\/\/sameboat.fi\/sv\/wp-json\/wp\/v2\/comments?post=5736"}],"version-history":[{"count":3,"href":"https:\/\/sameboat.fi\/sv\/wp-json\/wp\/v2\/pages\/5736\/revisions"}],"predecessor-version":[{"id":6787,"href":"https:\/\/sameboat.fi\/sv\/wp-json\/wp\/v2\/pages\/5736\/revisions\/6787"}],"up":[{"embeddable":true,"href":"https:\/\/sameboat.fi\/sv\/wp-json\/wp\/v2\/pages\/5713"}],"wp:attachment":[{"href":"https:\/\/sameboat.fi\/sv\/wp-json\/wp\/v2\/media?parent=5736"}],"curies":[{"name":"wp","href":"https:\/\/api.w.org\/{rel}","templated":true}]}}