{"id":5729,"date":"2021-10-21T12:02:49","date_gmt":"2021-10-21T09:02:49","guid":{"rendered":"https:\/\/sameboat.fi\/kalaleader\/blogg"},"modified":"2026-01-29T10:11:17","modified_gmt":"2026-01-29T08:11:17","slug":"blogg","status":"publish","type":"page","link":"https:\/\/sameboat.fi\/sv\/kalaleader\/blogg","title":{"rendered":"Blogg"},"content":{"rendered":"<!-- VideographyWP Plugin Message: Automatic video embedding prevented by plugin options. -->\n\n<h1>\n\t\tBlogg: Hj\u00e4ltar vid v\u00e5r kust\n\t<\/h1>\n\t<p><strong>HJ\u00c4LTAR VID V\u00c5R KUST<\/strong> -serien presenterar yrkesfiskare och fiskodlare som gjort en l\u00e5ng karri\u00e4r i Sk\u00e4rg\u00e5rdshavet samt andra entrepren\u00f6rer inom fiskeribranschen.<\/p>\n\n","protected":false},"excerpt":{"rendered":"<p>Blogg: Hj\u00e4ltar vid v\u00e5r kust HJ\u00c4LTAR VID V\u00c5R KUST -serien presenterar yrkesfiskare och fiskodlare som gjort en l\u00e5ng karri\u00e4r i Sk\u00e4rg\u00e5rdshavet samt andra entrepren\u00f6rer inom fiskeribranschen.<\/p>\n","protected":false},"author":1,"featured_media":0,"parent":5713,"menu_order":0,"comment_status":"closed","ping_status":"closed","template":"","meta":{"footnotes":""},"class_list":["post-5729","page","type-page","status-publish","hentry"],"_links":{"self":[{"href":"https:\/\/sameboat.fi\/sv\/wp-json\/wp\/v2\/pages\/5729","targetHints":{"allow":["GET"]}}],"collection":[{"href":"https:\/\/sameboat.fi\/sv\/wp-json\/wp\/v2\/pages"}],"about":[{"href":"https:\/\/sameboat.fi\/sv\/wp-json\/wp\/v2\/types\/page"}],"author":[{"embeddable":true,"href":"https:\/\/sameboat.fi\/sv\/wp-json\/wp\/v2\/users\/1"}],"replies":[{"embeddable":true,"href":"https:\/\/sameboat.fi\/sv\/wp-json\/wp\/v2\/comments?post=5729"}],"version-history":[{"count":1,"href":"https:\/\/sameboat.fi\/sv\/wp-json\/wp\/v2\/pages\/5729\/revisions"}],"predecessor-version":[{"id":6825,"href":"https:\/\/sameboat.fi\/sv\/wp-json\/wp\/v2\/pages\/5729\/revisions\/6825"}],"up":[{"embeddable":true,"href":"https:\/\/sameboat.fi\/sv\/wp-json\/wp\/v2\/pages\/5713"}],"wp:attachment":[{"href":"https:\/\/sameboat.fi\/sv\/wp-json\/wp\/v2\/media?parent=5729"}],"curies":[{"name":"wp","href":"https:\/\/api.w.org\/{rel}","templated":true}]}}