{"id":5713,"date":"2021-10-14T10:45:51","date_gmt":"2021-10-14T07:45:51","guid":{"rendered":"https:\/\/sameboat.fi\/kalaleader"},"modified":"2026-02-04T13:43:15","modified_gmt":"2026-02-04T11:43:15","slug":"kalaleader","status":"publish","type":"page","link":"https:\/\/sameboat.fi\/sv\/kalaleader","title":{"rendered":"Fiskeleader"},"content":{"rendered":"<!-- VideographyWP Plugin Message: Automatic video embedding prevented by plugin options. -->\n\n<h1>\n\t\tFiskeleader\n\t<\/h1>\n<h3>\n\t\tSk\u00e4rg\u00e5rdshavets Fiskeleader\n\t<\/h3>\n\t<p><strong>Verksamhetsomr\u00e5de<\/strong><\/p>\nS:t Karins, Kimito\u00f6n, Gustavs,<br \/>\nMasku, Virmo, N\u00e5dendal,<br \/>\nPemar, Pargas, Reso, Salo,<br \/>\nSagu, T\u00f6vsala, \u00c5bo\n<h2>\n\t\tInformation om oss\n\t<\/h2>\n\t<p>Sk\u00e4rg\u00e5rdshavets Fiskeleader \u00e4r en verksamhetsform f\u00f6r lokal utveckling som h\u00f6r till Europeiska havs-, fiskeri- och vattenbruksfondens (EHFVF) operativa program f\u00f6r Finland. Gruppen f\u00f6rvaltas av Leader I samma b\u00e5t &#8211; Samassa veneess\u00e4 rf ry.<\/p>\n<p>Fiskeleader fr\u00e4mjar fiskerin\u00e4ringarna och fisketurismen i sitt verksamhetsomr\u00e5de genom att finansiera <u>allm\u00e4nnyttiga<\/u> utvecklings- och investeringsprojekt, som bidrar till att m\u00e5len i Sk\u00e4rg\u00e5rdshavets fiskeristrategi f\u00f6rverkligas.<\/p>\n\t\t\t\t<img loading=\"lazy\" decoding=\"async\" src=\"https:\/\/sameboat.fi\/content\/uploads\/2022\/04\/saaristomeren_kalaleader1000.png\" alt=\"Saaristomeren_Kalaleader1000\" itemprop=\"image\" height=\"946\" width=\"1000\" title=\"Saaristomeren_Kalaleader1000\" onerror=\"this.style.display='none'\"  \/>\n\t\t\t\t<img loading=\"lazy\" decoding=\"async\" src=\"https:\/\/sameboat.fi\/content\/uploads\/2022\/02\/kartta.png\" alt=\"Inom Sk\u00e4rg\u00e5rdshavets Fiskeleaders omr\u00e5de finns flera landningsplatser f\u00f6r fisk, fiskodlingar och fiskf\u00f6r\u00e4dlingsanl\u00e4ggningar (K\u00e4lla: Luke 2021). De landningsplatser f\u00f6r fisk som \u00e4r utm\u00e4rkta p\u00e5 kartan \u00e4r fiskehamnar och lossningsplatser utsedda av myndigheten, men en del av dem \u00e4r f\u00f6r n\u00e4rvarande inte i bruk. I Sk\u00e4rg\u00e5rdshavet finns sammanlagt 33 fiskehamnar och lossningsplatser utsedda av myndigheten.\" itemprop=\"image\" height=\"538\" width=\"636\" title=\"Karta\" onerror=\"this.style.display='none'\"  \/>\n\t\tInom Sk\u00e4rg\u00e5rdshavets Fiskeleaders omr\u00e5de finns flera landningsplatser f\u00f6r fisk, fiskodlingar och fiskf\u00f6r\u00e4dlingsanl\u00e4ggningar (K\u00e4lla: Luke 2021). De landningsplatser f\u00f6r fisk som \u00e4r utm\u00e4rkta p\u00e5 kartan \u00e4r fiskehamnar och lossningsplatser utsedda av myndigheten, men en del av dem \u00e4r f\u00f6r n\u00e4rvarande inte i bruk. I Sk\u00e4rg\u00e5rdshavet finns sammanlagt 33 fiskehamnar och lossningsplatser utsedda av myndigheten.\n\t\t\t<a href=\"https:\/\/sameboat.fi\/sv\/kalaleader\/till-vad-kan-man-fa-finansiering#kalahankkeet\" target=\"_self\">\n\t\t\t\t\t\t\tFinansierade projekt 2014-2020 \n\t\t\t\t\t<\/a>\n\t\t\t\t\t\t<h5>Verksamhetsomr\u00e5de<\/h5>\n\t\t\t<p>Kommunerna som h\u00f6r till Sk\u00e4rg\u00e5rdshavets Fiskeleader finns l\u00e4ngs Sk\u00e4rg\u00e5rdshavets kust. En del \u00e4r t\u00e4tt bebodda st\u00e4der och en del glest bebodda landsbygds- och sk\u00e4rg\u00e5rdsomr\u00e5den. Det finns sammanlagt 13 kommuner, och de \u00e4r fr\u00e5n norr till s\u00f6der Gustavs, T\u00f6fsala, Virmo, Masku, N\u00e5dendal, Reso, \u00c5bo, S:t Karins, Pargas, Pemar, Sagu, Kimito\u00f6n och Salo. Omr\u00e5dets totalareal \u00e4r 13 854 km<sup>2<\/sup>, och \u00f6ver h\u00e4lften \u00e4r vattenomr\u00e5den, i huvudsak hav.<\/p>\n<p>Av sammanlagt ungef\u00e4r 380 000 inv\u00e5nare bor uppskattningsvis 30 000 stadigvarande i sk\u00e4rg\u00e5rdsomr\u00e5det. P\u00e5 kommunernas omr\u00e5den finns n\u00e4stan 38 000 sommarbost\u00e4der, och omr\u00e5det bes\u00f6ks av hundratusentals turister \u00e5rligen. Corona-epidemin har \u00f6kat turismen och distansarbetet i sk\u00e4rg\u00e5rden. Till de st\u00f6rre bebodda \u00f6arna finns f\u00e4rjf\u00f6rbindelse och till de mindre trafikerar f\u00f6rbindelsefartyg. I Pargas och Kimito\u00f6n \u00e4r majoritetens spr\u00e5k svenska. \u00c4ven \u00c5bo \u00e4r en tv\u00e5spr\u00e5kig stad.<\/p>\n\t\t\t\t\t\t<h5>Fiskedivisionen<\/h5>\n\t\t\t<p>Fiskedivisionens huvudsakliga uppgift \u00e4r att behandla till gruppen riktade finansieringsans\u00f6kningar. Fiskedivisionen best\u00e5r av nio medlemmar och deras personliga suppleanter. Medlemmarna v\u00e4ljs enligt trepartsprincip s\u00e5, att divisionen best\u00e5r av representanter fr\u00e5n offentliga sektorn (kommuner), sammanslutningar (organisationer, f\u00f6reningar och stora f\u00f6retag) samt den privata sektorn (inv\u00e5nare samt sm\u00e5 f\u00f6retag). En privat person kan t.ex. vara en f\u00f6retagare inom branschen. Verksamhetsomr\u00e5det av de f\u00f6reslagna personerna m\u00e5ste vara i Fiskeleaders verksamhetsomr\u00e5de.<\/p>\n<p>Ett f\u00f6rslag till medlemmar kan g\u00f6ras av en privat person, ett f\u00f6retag eller en organisation, vartill kommunerna g\u00f6r ett f\u00f6rslag till sina representanter.<\/p>\n<p>Leader I samma b\u00e5t &#8211; Samassa veneess\u00e4 rf ry:s h\u00f6st- eller v\u00e5rm\u00f6te godk\u00e4nner fiskedivisionens medlemmar och deras suppleanter.<\/p>\n<p>I valet str\u00e4var man till lika representation mellan k\u00f6nen samt till en balans mellan regioner och olika fiskerisektorer.<\/p>\n<p><a href=\"https:\/\/sameboat.fi\/content\/uploads\/2024\/11\/Kalajaosto-2025-Fiskedivision-2025.pdf\">Fiskedivision 2025<\/a><\/p>\n<p><a href=\"https:\/\/sameboat.fi\/content\/uploads\/2024\/01\/Kalajaosto-2024.pdf\">Fiskedivisionen 2024<\/a><\/p>\n<p><a href=\"https:\/\/sameboat.fi\/content\/uploads\/2023\/01\/kalajaosto-fiskedivision-2023-1.pdf\">Fiskedivisionen 2023<\/a><\/p>\n<p><a href=\"https:\/\/sameboat.fi\/content\/uploads\/2022\/06\/arbetsordningen-for-skargardshavets-fiskeleader-uppdat.-31.5.2022.pdf\">Arbetsordningen f\u00f6r Sk\u00e4rg\u00e5rdshavets Fiskeleader<\/a><\/p>\n<h2>\n\t\tAktuellt\n\t<\/h2>\n\n","protected":false},"excerpt":{"rendered":"<p>Fiskeleader Sk\u00e4rg\u00e5rdshavets Fiskeleader Verksamhetsomr\u00e5de S:t Karins, Kimito\u00f6n, Gustavs, Masku, Virmo, N\u00e5dendal, Pemar, Pargas, Reso, Salo, Sagu, T\u00f6vsala, \u00c5bo Information om oss Sk\u00e4rg\u00e5rdshavets Fiskeleader \u00e4r en verksamhetsform f\u00f6r lokal utveckling som h\u00f6r till Europeiska havs-, fiskeri- och vattenbruksfondens (EHFVF) operativa program f\u00f6r Finland. Gruppen f\u00f6rvaltas av Leader I samma b\u00e5t &#8211; Samassa veneess\u00e4 rf ry. Fiskeleader [&hellip;]<\/p>\n","protected":false},"author":1,"featured_media":0,"parent":0,"menu_order":0,"comment_status":"closed","ping_status":"closed","template":"","meta":{"footnotes":""},"class_list":["post-5713","page","type-page","status-publish","hentry"],"_links":{"self":[{"href":"https:\/\/sameboat.fi\/sv\/wp-json\/wp\/v2\/pages\/5713","targetHints":{"allow":["GET"]}}],"collection":[{"href":"https:\/\/sameboat.fi\/sv\/wp-json\/wp\/v2\/pages"}],"about":[{"href":"https:\/\/sameboat.fi\/sv\/wp-json\/wp\/v2\/types\/page"}],"author":[{"embeddable":true,"href":"https:\/\/sameboat.fi\/sv\/wp-json\/wp\/v2\/users\/1"}],"replies":[{"embeddable":true,"href":"https:\/\/sameboat.fi\/sv\/wp-json\/wp\/v2\/comments?post=5713"}],"version-history":[{"count":5,"href":"https:\/\/sameboat.fi\/sv\/wp-json\/wp\/v2\/pages\/5713\/revisions"}],"predecessor-version":[{"id":8428,"href":"https:\/\/sameboat.fi\/sv\/wp-json\/wp\/v2\/pages\/5713\/revisions\/8428"}],"wp:attachment":[{"href":"https:\/\/sameboat.fi\/sv\/wp-json\/wp\/v2\/media?parent=5713"}],"curies":[{"name":"wp","href":"https:\/\/api.w.org\/{rel}","templated":true}]}}